{"id":3497910,"date":"2026-01-20T15:07:30","date_gmt":"2026-01-20T14:07:30","guid":{"rendered":"http:\/\/10.6.201.155\/?post_type=product&#038;p=51565"},"modified":"2026-02-04T16:53:30","modified_gmt":"2026-02-04T15:53:30","slug":"gypsocomete-galaxy-cross","status":"publish","type":"product","link":"https:\/\/www.fassabortolo.it\/de\/produkte\/sistema-gypsotech\/dekorierung-und-beleuchtung\/gypsocomete-galaxy-cross","title":{"rendered":"GypsoCOMETE Galaxy Cross"},"content":{"rendered":"","protected":false},"featured_media":0,"template":"","class_list":["post-3497910","product","type-product","status-publish","hentry"],"acf":[],"fimg":{"url":"https:\/\/www.fassabortolo.it\/wp-content\/uploads\/media\/assets\/GypsoCOMETE_Galaxy_Cross.jpg","alt":"GypsoCOMETE Galaxy Cross"},"product_description":["T-f\u00f6rmiges Verbindungselement bestehend aus einer Zementbauplatte EXTERNA light BA13 mit integrierter Profilleiste zu 24 mm Breite aus stranggepresstem Aluminium samt Schutzblende, f\u00fcr den Einbau eines \"LED-Streifens\". &nbsp; Im Au\u00dfenbereich zu verwenden, wo kein Abflusswasser anzutreffen ist."],"ekr_hierarchy_settings":{"it":{"FASSA_LINEA_DECORAZIONE_E_ILLUMINAZIONE_SISTEMA_GYPSOTECH":{"ekr_position":19}},"es":{"FASSAES_LINEA_DECORAZIONE_E_ILLUMINAZIONE_SISTEMA_GYPSOTECH":{"ekr_position":17}},"lu":{"FASSA_LINEA_DECORAZIONE_E_ILLUMINAZIONE_SISTEMA_GYPSOTECH":{"ekr_position":17}}},"lang":{"language_code":"de","locale":"de_DE","text_direction":false,"display_name":"Deutsch","native_name":"Tedesco","different_language":false},"systems":[{"id":3497518,"name":"GYPSOTECH\u00ae-System","permalink":"https:\/\/www.fassabortolo.it\/de\/produkte\/sistema-gypsotech\/","slug":"sistema-gypsotech","ekr_pallet_code":"FASSA_SISTEMA_GYPSOTECH"}],"product_pallet_code":"PROD_GYPSOCOMETE_GALAXY_CROSS","lines":[{"id":3497453,"name":"DEKORIERUNG UND BELEUCHTUNG","permalink":"https:\/\/www.fassabortolo.it\/de\/produkte\/\/dekorierung-und-beleuchtung\/","slug":"dekorierung-und-beleuchtung","system_codes":["FASSA_SISTEMA_GYPSOTECH"],"ekr_pallet_code":"FASSA_LINEA_DECORAZIONE_E_ILLUMINAZIONE_SISTEMA_GYPSOTECH"}],"use":null,"supply":null,"attributes":{"Attributes_1":[],"Attributes_2":{"AUSSENBEREICH":"Au\u00dfenbereich"}},"___attributes":{"FASSAES":{"FASSA_SISTEMA_GYPSOTECH":{"Attributes_2":["Au\u00dfenbereich"]}},"FASSA":{"FASSA_SISTEMA_GYPSOTECH":{"Attributes_2":["Au\u00dfenbereich"]}}},"elastic_market_index":"it","structured_data":{"@context":"https:\/\/schema.org","@type":"Product","name":"GypsoCOMETE Galaxy Cross","description":["T-f\u00f6rmiges Verbindungselement bestehend aus einer Zementbauplatte EXTERNA light BA13 mit integrierter Profilleiste zu 24 mm Breite aus stranggepresstem Aluminium samt Schutzblende, f\u00fcr den Einbau eines \"LED-Streifens\". &nbsp; Im Au\u00dfenbereich zu verwenden, wo kein Abflusswasser anzutreffen ist."],"url":"https:\/\/www.fassabortolo.it\/de\/produkte\/sistema-gypsotech\/dekorierung-und-beleuchtung\/gypsocomete-galaxy-cross","identifier":"PROD_GYPSOCOMETE_GALAXY_CROSS","sku":"PROD_GYPSOCOMETE_GALAXY_CROSS","image":"https:\/\/www.fassabortolo.it\/wp-content\/uploads\/media\/assets\/GypsoCOMETE_Galaxy_Cross.jpg","brand":{"@type":"Brand","name":"Fassa Bortolo"},"manufacturer":{"@type":"Organization","name":"Fassa Bortolo","url":"https:\/\/www.fassabortolo.it"},"additionalProperty":[{"@type":"PropertyValue","name":"Attributes_2","value":"Au\u00dfenbereich"}],"category":[{"@type":"ProductCollection","name":"DEKORIERUNG UND BELEUCHTUNG","identifier":"FASSA_LINEA_DECORAZIONE_E_ILLUMINAZIONE_SISTEMA_GYPSOTECH"},{"@type":"Collection","name":"GYPSOTECH\u00ae-System","identifier":"FASSA_SISTEMA_GYPSOTECH"}],"inLanguage":"de"},"_links":{"self":[{"href":"https:\/\/www.fassabortolo.it\/de\/wp-json\/wp\/v2\/product\/3497910","targetHints":{"allow":["GET"]}}],"collection":[{"href":"https:\/\/www.fassabortolo.it\/de\/wp-json\/wp\/v2\/product"}],"about":[{"href":"https:\/\/www.fassabortolo.it\/de\/wp-json\/wp\/v2\/types\/product"}],"wp:attachment":[{"href":"https:\/\/www.fassabortolo.it\/de\/wp-json\/wp\/v2\/media?parent=3497910"}],"curies":[{"name":"wp","href":"https:\/\/api.w.org\/{rel}","templated":true}]}}