{"id":3497916,"date":"2026-01-20T15:07:52","date_gmt":"2026-01-20T14:07:52","guid":{"rendered":"http:\/\/10.6.201.155\/?post_type=product&#038;p=51584"},"modified":"2026-05-15T01:23:04","modified_gmt":"2026-05-14T23:23:04","slug":"gypsomaf","status":"publish","type":"product","link":"https:\/\/www.fassabortolo.it\/de\/produkte\/sistema-gypsotech\/spachtelungen-und-mortel\/gypsomaf","title":{"rendered":"GYPSOMAF"},"content":{"rendered":"","protected":false},"featured_media":0,"template":"","class_list":["post-3497916","product","type-product","status-publish","hentry"],"acf":[],"fimg":{"url":"https:\/\/www.fassabortolo.it\/wp-content\/uploads\/media\/assets\/GYPSOMAF.jpg","alt":"GYPSOMAF"},"product_description":["Klebem\u00f6rtel f\u00fcr Gipskarton"],"ekr_hierarchy_settings":{"it":{"FASSA_LINEA_STUCCHI_E_MALTE_SISTEMA_GYPSOTECH":{"ekr_position":8}},"ch":{"FASSA_LINEA_STUCCHI_E_MALTE_SISTEMA_GYPSOTECH":{"ekr_position":1}},"es":{"FASSAES_LINEA_STUCCHI_E_MALTE_SISTEMA_GYPSOTECH":{"ekr_position":1}},"lu":{"FASSA_LINEA_STUCCHI_E_MALTE_SISTEMA_GYPSOTECH":{"ekr_position":1}}},"lang":{"language_code":"de","locale":"de_DE","text_direction":false,"display_name":"Deutsch","native_name":"Tedesco","different_language":false},"systems":[{"id":3497518,"name":"GYPSOTECH\u00ae-System","permalink":"https:\/\/www.fassabortolo.it\/de\/produkte\/sistema-gypsotech\/","slug":"sistema-gypsotech","ekr_pallet_code":"FASSA_SISTEMA_GYPSOTECH"}],"product_pallet_code":"PROD_GYPSOMAF","lines":[{"id":3497512,"name":"SPACHTELUNGEN UND M\u00d6RTEL","permalink":"https:\/\/www.fassabortolo.it\/de\/produkte\/\/spachtelungen-und-mortel\/","slug":"spachtelungen-und-mortel","system_codes":["FASSA_SISTEMA_GYPSOTECH"],"ekr_pallet_code":"FASSA_LINEA_STUCCHI_E_MALTE_SISTEMA_GYPSOTECH"}],"use":["GYPSOMAF wird verwendet zum Ankleben von Gipskartonplatten und Gypsotech Duplex Platten auf bestehende Mauerwerke."],"supply":["In feuchtigkeitsgesch\u00fctzten Spezials\u00e4cken zu ca. 10 und 25 kg"],"attributes":{"Attributes_1":{"KLEBEM\u00d6RTEL":"Klebem\u00f6rtel"},"Attributes_2":{"INNENBEREICH":"Innenbereich"}},"___attributes":{"FASSAES":{"FASSA_SISTEMA_GYPSOTECH":{"Attributes_1":["Klebem\u00f6rtel"],"Attributes_2":["Innenbereich"]}},"FASSA":{"FASSA_SISTEMA_GYPSOTECH":{"Attributes_1":["Klebem\u00f6rtel"],"Attributes_2":["Innenbereich"]}}},"elastic_market_index":"it","structured_data":{"@context":"https:\/\/schema.org","@type":"Product","name":"GYPSOMAF","description":["Klebem\u00f6rtel f\u00fcr Gipskarton"],"url":"https:\/\/www.fassabortolo.it\/de\/produkte\/sistema-gypsotech\/spachtelungen-und-mortel\/gypsomaf","identifier":"PROD_GYPSOMAF","sku":"PROD_GYPSOMAF","image":"https:\/\/www.fassabortolo.it\/wp-content\/uploads\/media\/assets\/GYPSOMAF.jpg","brand":{"@type":"Brand","name":"Fassa Bortolo"},"manufacturer":{"@type":"Organization","name":"Fassa Bortolo","url":"https:\/\/www.fassabortolo.it"},"additionalProperty":[{"@type":"PropertyValue","name":"Use Case 1","value":"GYPSOMAF wird verwendet zum Ankleben von Gipskartonplatten und Gypsotech Duplex Platten auf bestehende Mauerwerke."},{"@type":"PropertyValue","name":"Supply Information","value":"In feuchtigkeitsgesch\u00fctzten Spezials\u00e4cken zu ca. 10 und 25 kg"},{"@type":"PropertyValue","name":"Attributes_1","value":"Klebem\u00f6rtel"},{"@type":"PropertyValue","name":"Attributes_2","value":"Innenbereich"}],"category":[{"@type":"ProductCollection","name":"SPACHTELUNGEN UND M\u00d6RTEL","identifier":"FASSA_LINEA_STUCCHI_E_MALTE_SISTEMA_GYPSOTECH"},{"@type":"Collection","name":"GYPSOTECH\u00ae-System","identifier":"FASSA_SISTEMA_GYPSOTECH"}],"inLanguage":"de"},"_links":{"self":[{"href":"https:\/\/www.fassabortolo.it\/de\/wp-json\/wp\/v2\/product\/3497916","targetHints":{"allow":["GET"]}}],"collection":[{"href":"https:\/\/www.fassabortolo.it\/de\/wp-json\/wp\/v2\/product"}],"about":[{"href":"https:\/\/www.fassabortolo.it\/de\/wp-json\/wp\/v2\/types\/product"}],"wp:attachment":[{"href":"https:\/\/www.fassabortolo.it\/de\/wp-json\/wp\/v2\/media?parent=3497916"}],"curies":[{"name":"wp","href":"https:\/\/api.w.org\/{rel}","templated":true}]}}