{"id":3497927,"date":"2026-01-20T15:07:46","date_gmt":"2026-01-20T14:07:46","guid":{"rendered":"http:\/\/10.6.201.155\/?post_type=product&#038;p=51636"},"modified":"2026-05-15T01:24:16","modified_gmt":"2026-05-14T23:24:16","slug":"gypsotech-duplex-espanso","status":"publish","type":"product","link":"https:\/\/www.fassabortolo.it\/de\/produkte\/sistema-gypsotech\/verbundplatten\/gypsotech-duplex-espanso","title":{"rendered":"GYPSOTECH<sup>\u00ae<\/sup> DUPLEX ESPANSO"},"content":{"rendered":"","protected":false},"featured_media":0,"template":"","class_list":["post-3497927","product","type-product","status-publish","hentry"],"acf":[],"fimg":{"url":"https:\/\/www.fassabortolo.it\/wp-content\/uploads\/media\/assets\/GYPSOTECH_DUPLEX_ESPANSO.jpg","alt":"GYPSOTECH<sup>\u00ae<\/sup> DUPLEX ESPANSO"},"product_description":["Verbundplatte"],"ekr_hierarchy_settings":{"it":{"FASSA_LINEA_PANNELLI_ACCOPPIATI_SISTEMA_GYPSOTECH":{"ekr_position":0}},"ch":{"FASSA_LINEA_PANNELLI_ACCOPPIATI_SISTEMA_GYPSOTECH":{"ekr_position":5}},"fr":{"FASSAFR_LINEA_BOTOLE_SISTEMA_GYPSOTECH":{"ekr_position":0}},"es":{"FASSAES_LINEA_PANNELLI_ACCOPPIATI_SISTEMA_GYPSOTECH":{"ekr_position":2}},"lu":{"FASSA_LINEA_PANNELLI_ACCOPPIATI_SISTEMA_GYPSOTECH":{"ekr_position":5}}},"lang":{"language_code":"de","locale":"de_DE","text_direction":false,"display_name":"Deutsch","native_name":"Tedesco","different_language":false},"systems":[{"id":3497518,"name":"GYPSOTECH\u00ae-System","permalink":"https:\/\/www.fassabortolo.it\/de\/produkte\/sistema-gypsotech\/","slug":"sistema-gypsotech","ekr_pallet_code":"FASSA_SISTEMA_GYPSOTECH"}],"product_pallet_code":"PROD_GYPSOTECH_DUPLEX_ESPANSO","lines":[{"id":3497466,"name":"VERBUNDPLATTEN","permalink":"https:\/\/www.fassabortolo.it\/de\/produkte\/\/verbundplatten\/","slug":"verbundplatten","system_codes":["FASSA_SISTEMA_GYPSOTECH"],"ekr_pallet_code":"FASSA_LINEA_PANNELLI_ACCOPPIATI_SISTEMA_GYPSOTECH"}],"use":["Platten auf deren R\u00fcckseite eine D\u00e4mmplatte aus expandiertem Polystyrol geklebt wurde (entsprechend der Norm EN 13163), mit einer Volumenmasse gleich 15 kg\/m\u00b3 \u00b1 8% und einer W\u00e4rmeleitf\u00e4higkeit Lambda gleich 0,036 W\/mK: Platte wie D\u00e4mmplatte k\u00f6nnen jeweils unterschiedliche Schichtst\u00e4rken aufweisen, und zwar je nach den systembedingten erforderlichen Eigenschaften.","Zur Anfertigung von Wandbeplankungen verwendbar.","Im Falle einer vorkommenden interstitiellen Kondensation kann das Einf\u00fcgen einer Aluminiumfolie als Dampfsperre vorgesehen werden.","F\u00fcr die korrekte Anwendung empfiehlt sich immer die Zurateziehung des Technischen Handbuchs."],"supply":null,"attributes":{"Attributes_1":{"PLASTISCHE D\u00c4MMSTOFFE":"Plastische D\u00e4mmstoffe","W\u00c3\u00a4RMED\u00c4MMSTOFFE":"W\u00c3\u00a4rmed\u00e4mmstoffe"},"Attributes_2":{"INNENBEREICH":"Innenbereich"}},"___attributes":{"FASSAES":{"FASSA_SISTEMA_GYPSOTECH":{"Attributes_1":["Plastische D\u00e4mmstoffe","W\u00c3\u00a4rmed\u00e4mmstoffe"],"Attributes_2":["Innenbereich"]}},"FASSA":{"FASSA_SISTEMA_GYPSOTECH":{"Attributes_1":["Plastische D\u00e4mmstoffe","W\u00c3\u00a4rmed\u00e4mmstoffe"],"Attributes_2":["Innenbereich"]}}},"elastic_market_index":"it","structured_data":{"@context":"https:\/\/schema.org","@type":"Product","name":"GYPSOTECH<sup>\u00ae<\/sup> DUPLEX ESPANSO","description":["Verbundplatte"],"url":"https:\/\/www.fassabortolo.it\/de\/produkte\/sistema-gypsotech\/verbundplatten\/gypsotech-duplex-espanso","identifier":"PROD_GYPSOTECH_DUPLEX_ESPANSO","sku":"PROD_GYPSOTECH_DUPLEX_ESPANSO","image":"https:\/\/www.fassabortolo.it\/wp-content\/uploads\/media\/assets\/GYPSOTECH_DUPLEX_ESPANSO.jpg","brand":{"@type":"Brand","name":"Fassa Bortolo"},"manufacturer":{"@type":"Organization","name":"Fassa Bortolo","url":"https:\/\/www.fassabortolo.it"},"additionalProperty":[{"@type":"PropertyValue","name":"Use Case 1","value":"Platten auf deren R\u00fcckseite eine D\u00e4mmplatte aus expandiertem Polystyrol geklebt wurde (entsprechend der Norm EN 13163), mit einer Volumenmasse gleich 15 kg\/m\u00b3 \u00b1 8% und einer W\u00e4rmeleitf\u00e4higkeit Lambda gleich 0,036 W\/mK: Platte wie D\u00e4mmplatte k\u00f6nnen jeweils unterschiedliche Schichtst\u00e4rken aufweisen, und zwar je nach den systembedingten erforderlichen Eigenschaften."},{"@type":"PropertyValue","name":"Use Case 2","value":"Zur Anfertigung von Wandbeplankungen verwendbar."},{"@type":"PropertyValue","name":"Use Case 3","value":"Im Falle einer vorkommenden interstitiellen Kondensation kann das Einf\u00fcgen einer Aluminiumfolie als Dampfsperre vorgesehen werden."},{"@type":"PropertyValue","name":"Use Case 4","value":"F\u00fcr die korrekte Anwendung empfiehlt sich immer die Zurateziehung des Technischen Handbuchs."},{"@type":"PropertyValue","name":"Attributes_1","value":"Plastische D\u00e4mmstoffe"},{"@type":"PropertyValue","name":"Attributes_1","value":"W\u00c3\u00a4rmed\u00e4mmstoffe"},{"@type":"PropertyValue","name":"Attributes_2","value":"Innenbereich"}],"category":[{"@type":"ProductCollection","name":"VERBUNDPLATTEN","identifier":"FASSA_LINEA_PANNELLI_ACCOPPIATI_SISTEMA_GYPSOTECH"},{"@type":"Collection","name":"GYPSOTECH\u00ae-System","identifier":"FASSA_SISTEMA_GYPSOTECH"}],"inLanguage":"de"},"_links":{"self":[{"href":"https:\/\/www.fassabortolo.it\/de\/wp-json\/wp\/v2\/product\/3497927","targetHints":{"allow":["GET"]}}],"collection":[{"href":"https:\/\/www.fassabortolo.it\/de\/wp-json\/wp\/v2\/product"}],"about":[{"href":"https:\/\/www.fassabortolo.it\/de\/wp-json\/wp\/v2\/types\/product"}],"wp:attachment":[{"href":"https:\/\/www.fassabortolo.it\/de\/wp-json\/wp\/v2\/media?parent=3497927"}],"curies":[{"name":"wp","href":"https:\/\/api.w.org\/{rel}","templated":true}]}}