{"id":3497934,"date":"2026-01-20T15:07:44","date_gmt":"2026-01-20T14:07:44","guid":{"rendered":"http:\/\/10.6.201.155\/?post_type=product&#038;p=51662"},"modified":"2026-05-15T01:25:16","modified_gmt":"2026-05-14T23:25:16","slug":"gypsotech-duplex-db-power-hd","status":"publish","type":"product","link":"https:\/\/www.fassabortolo.it\/de\/produkte\/sistema-gypsotech\/verbundplatten\/gypsotech-duplex-db-power-hd","title":{"rendered":"GYPSOTECH<sup>\u00ae<\/sup> DUPLEX dB-POWER HD"},"content":{"rendered":"","protected":false},"featured_media":0,"template":"","class_list":["post-3497934","product","type-product","status-publish","hentry"],"acf":[],"fimg":{"url":"https:\/\/www.fassabortolo.it\/wp-content\/uploads\/media\/assets\/GYPSOTECH_DUPLEX_DB_POWER_HD.jpg","alt":"GYPSOTECH<sup>\u00ae<\/sup> DUPLEX dB-POWER HD"},"product_description":["Verbundplatte"],"ekr_hierarchy_settings":{"it":{"FASSA_LINEA_PANNELLI_ACCOPPIATI_SISTEMA_GYPSOTECH":{"ekr_position":8}},"lu":{"FASSA_LINEA_PANNELLI_ACCOPPIATI_SISTEMA_GYPSOTECH":{"ekr_position":7}}},"lang":{"language_code":"de","locale":"de_DE","text_direction":false,"display_name":"Deutsch","native_name":"Tedesco","different_language":false},"systems":[{"id":3497518,"name":"GYPSOTECH\u00ae-System","permalink":"https:\/\/www.fassabortolo.it\/de\/produkte\/sistema-gypsotech\/","slug":"sistema-gypsotech","ekr_pallet_code":"FASSA_SISTEMA_GYPSOTECH"}],"product_pallet_code":"PROD_GYPSOTECH_DUPLEX_DB_POWER_HD","lines":[{"id":3497466,"name":"VERBUNDPLATTEN","permalink":"https:\/\/www.fassabortolo.it\/de\/produkte\/\/verbundplatten\/","slug":"verbundplatten","system_codes":["FASSA_SISTEMA_GYPSOTECH"],"ekr_pallet_code":"FASSA_LINEA_PANNELLI_ACCOPPIATI_SISTEMA_GYPSOTECH"}],"use":["Spezial-Gipskartonplatte (Typ DFH2I gem\u00e4\u00df EN 520), auf deren R\u00fcckseite eine hochdichte, vibrationshemmende Polymerfolie zu 2 mm St\u00e4rke mit Vliesstoffbeschichtung auf der Sichtseite verklebt worden ist, um L\u00f6sungen von minimalem Platzbedarf und hohen Schalld\u00e4mmleistungen realisieren zu k\u00f6nnen.","Verwendbar f\u00fcr die Anfertigung von Wandfl\u00e4chen, Vorsatzschalen, Deckenabh\u00e4ngungen.","F\u00fcr die korrekte Anwendung empfiehlt sich immer die Zurateziehung des Technischen Handbuchs."],"supply":null,"attributes":{"Attributes_1":[],"Attributes_2":{"INNENBEREICH":"Innenbereich"}},"___attributes":{"FASSAES":{"FASSA_SISTEMA_GYPSOTECH":{"Attributes_2":["Innenbereich"]}},"FASSA":{"FASSA_SISTEMA_GYPSOTECH":{"Attributes_2":["Innenbereich"]}}},"elastic_market_index":"it","structured_data":{"@context":"https:\/\/schema.org","@type":"Product","name":"GYPSOTECH<sup>\u00ae<\/sup> DUPLEX dB-POWER HD","description":["Verbundplatte"],"url":"https:\/\/www.fassabortolo.it\/de\/produkte\/sistema-gypsotech\/verbundplatten\/gypsotech-duplex-db-power-hd","identifier":"PROD_GYPSOTECH_DUPLEX_DB_POWER_HD","sku":"PROD_GYPSOTECH_DUPLEX_DB_POWER_HD","image":"https:\/\/www.fassabortolo.it\/wp-content\/uploads\/media\/assets\/GYPSOTECH_DUPLEX_DB_POWER_HD.jpg","brand":{"@type":"Brand","name":"Fassa Bortolo"},"manufacturer":{"@type":"Organization","name":"Fassa Bortolo","url":"https:\/\/www.fassabortolo.it"},"additionalProperty":[{"@type":"PropertyValue","name":"Use Case 1","value":"Spezial-Gipskartonplatte (Typ DFH2I gem\u00e4\u00df EN 520), auf deren R\u00fcckseite eine hochdichte, vibrationshemmende Polymerfolie zu 2 mm St\u00e4rke mit Vliesstoffbeschichtung auf der Sichtseite verklebt worden ist, um L\u00f6sungen von minimalem Platzbedarf und hohen Schalld\u00e4mmleistungen realisieren zu k\u00f6nnen."},{"@type":"PropertyValue","name":"Use Case 2","value":"Verwendbar f\u00fcr die Anfertigung von Wandfl\u00e4chen, Vorsatzschalen, Deckenabh\u00e4ngungen."},{"@type":"PropertyValue","name":"Use Case 3","value":"F\u00fcr die korrekte Anwendung empfiehlt sich immer die Zurateziehung des Technischen Handbuchs."},{"@type":"PropertyValue","name":"Attributes_2","value":"Innenbereich"}],"category":[{"@type":"ProductCollection","name":"VERBUNDPLATTEN","identifier":"FASSA_LINEA_PANNELLI_ACCOPPIATI_SISTEMA_GYPSOTECH"},{"@type":"Collection","name":"GYPSOTECH\u00ae-System","identifier":"FASSA_SISTEMA_GYPSOTECH"}],"inLanguage":"de"},"_links":{"self":[{"href":"https:\/\/www.fassabortolo.it\/de\/wp-json\/wp\/v2\/product\/3497934","targetHints":{"allow":["GET"]}}],"collection":[{"href":"https:\/\/www.fassabortolo.it\/de\/wp-json\/wp\/v2\/product"}],"about":[{"href":"https:\/\/www.fassabortolo.it\/de\/wp-json\/wp\/v2\/types\/product"}],"wp:attachment":[{"href":"https:\/\/www.fassabortolo.it\/de\/wp-json\/wp\/v2\/media?parent=3497934"}],"curies":[{"name":"wp","href":"https:\/\/api.w.org\/{rel}","templated":true}]}}