{"id":3497935,"date":"2026-01-20T15:07:57","date_gmt":"2026-01-20T14:07:57","guid":{"rendered":"http:\/\/10.6.201.155\/?post_type=product&#038;p=51665"},"modified":"2026-05-15T01:24:40","modified_gmt":"2026-05-14T23:24:40","slug":"gypsotech-duplex-lana-di-roccia","status":"publish","type":"product","link":"https:\/\/www.fassabortolo.it\/de\/produkte\/sistema-gypsotech\/verbundplatten\/gypsotech-duplex-lana-di-roccia","title":{"rendered":"GYPSOTECH<sup>\u00ae<\/sup> DUPLEX STEINWOLLE"},"content":{"rendered":"","protected":false},"featured_media":0,"template":"","class_list":["post-3497935","product","type-product","status-publish","hentry"],"acf":[],"fimg":{"url":"https:\/\/www.fassabortolo.it\/wp-content\/uploads\/media\/assets\/GYPSOTECH_DUPLEX_LANA_DI_ROCCIA.jpg","alt":"GYPSOTECH<sup>\u00ae<\/sup> DUPLEX STEINWOLLE"},"product_description":["Verbundplatte"],"ekr_hierarchy_settings":{"it":{"FASSA_LINEA_PANNELLI_ACCOPPIATI_SISTEMA_GYPSOTECH":{"ekr_position":5}},"ch":{"FASSA_LINEA_PANNELLI_ACCOPPIATI_SISTEMA_GYPSOTECH":{"ekr_position":3}},"lu":{"FASSA_LINEA_PANNELLI_ACCOPPIATI_SISTEMA_GYPSOTECH":{"ekr_position":3}}},"lang":{"language_code":"de","locale":"de_DE","text_direction":false,"display_name":"Deutsch","native_name":"Tedesco","different_language":false},"systems":[{"id":3497518,"name":"GYPSOTECH\u00ae-System","permalink":"https:\/\/www.fassabortolo.it\/de\/produkte\/sistema-gypsotech\/","slug":"sistema-gypsotech","ekr_pallet_code":"FASSA_SISTEMA_GYPSOTECH"}],"product_pallet_code":"PROD_GYPSOTECH_DUPLEX_LANA_DI_ROCCIA","lines":[{"id":3497466,"name":"VERBUNDPLATTEN","permalink":"https:\/\/www.fassabortolo.it\/de\/produkte\/\/verbundplatten\/","slug":"verbundplatten","system_codes":["FASSA_SISTEMA_GYPSOTECH"],"ekr_pallet_code":"FASSA_LINEA_PANNELLI_ACCOPPIATI_SISTEMA_GYPSOTECH"}],"use":["Platten mit einer auf die R\u00fcckseite geklebten D\u00e4mmplatte aus Steinwolle (gem\u00e4\u00df Norm UNI EN 13162) mit einer Rohdichte gleich 90 kg\/m\u00b3 \u00b1 10% und einer W\u00e4rmleitzahl Lambda gleich 0,035 W\/mK: Sowohl Platte als auch D\u00e4mmplatte k\u00f6nnen je nach Systembedarf verschiedene Plattendicken aufweisen.","Zur Anfertigung von Wandbeplankungen verwendbar.","Im Falle einer vorkommenden interstitiellen Kondensation kann das Einf\u00fcgen einer Aluminiumfolie als Dampfsperre vorgesehen werden.","F\u00fcr die korrekte Anwendung empfiehlt sich immer die Zurateziehung des Technischen Handbuchs."],"supply":null,"attributes":{"Attributes_1":{"PLASTISCHE D\u00c4MMSTOFFE":"Plastische D\u00e4mmstoffe","F\u00dcR AKUSTISCHE L\u00d6SUNGE":"F\u00fcr akustische L\u00f6sunge"},"Attributes_2":{"INNENBEREICH":"Innenbereich"}},"___attributes":{"FASSA":{"FASSA_SISTEMA_GYPSOTECH":{"Attributes_1":["Plastische D\u00e4mmstoffe","F\u00fcr akustische L\u00f6sunge"],"Attributes_2":["Innenbereich"]}}},"elastic_market_index":"it","structured_data":{"@context":"https:\/\/schema.org","@type":"Product","name":"GYPSOTECH<sup>\u00ae<\/sup> DUPLEX STEINWOLLE","description":["Verbundplatte"],"url":"https:\/\/www.fassabortolo.it\/de\/produkte\/sistema-gypsotech\/verbundplatten\/gypsotech-duplex-lana-di-roccia","identifier":"PROD_GYPSOTECH_DUPLEX_LANA_DI_ROCCIA","sku":"PROD_GYPSOTECH_DUPLEX_LANA_DI_ROCCIA","image":"https:\/\/www.fassabortolo.it\/wp-content\/uploads\/media\/assets\/GYPSOTECH_DUPLEX_LANA_DI_ROCCIA.jpg","brand":{"@type":"Brand","name":"Fassa Bortolo"},"manufacturer":{"@type":"Organization","name":"Fassa Bortolo","url":"https:\/\/www.fassabortolo.it"},"additionalProperty":[{"@type":"PropertyValue","name":"Use Case 1","value":"Platten mit einer auf die R\u00fcckseite geklebten D\u00e4mmplatte aus Steinwolle (gem\u00e4\u00df Norm UNI EN 13162) mit einer Rohdichte gleich 90 kg\/m\u00b3 \u00b1 10% und einer W\u00e4rmleitzahl Lambda gleich 0,035 W\/mK: Sowohl Platte als auch D\u00e4mmplatte k\u00f6nnen je nach Systembedarf verschiedene Plattendicken aufweisen."},{"@type":"PropertyValue","name":"Use Case 2","value":"Zur Anfertigung von Wandbeplankungen verwendbar."},{"@type":"PropertyValue","name":"Use Case 3","value":"Im Falle einer vorkommenden interstitiellen Kondensation kann das Einf\u00fcgen einer Aluminiumfolie als Dampfsperre vorgesehen werden."},{"@type":"PropertyValue","name":"Use Case 4","value":"F\u00fcr die korrekte Anwendung empfiehlt sich immer die Zurateziehung des Technischen Handbuchs."},{"@type":"PropertyValue","name":"Attributes_1","value":"Plastische D\u00e4mmstoffe"},{"@type":"PropertyValue","name":"Attributes_1","value":"F\u00fcr akustische L\u00f6sunge"},{"@type":"PropertyValue","name":"Attributes_2","value":"Innenbereich"}],"category":[{"@type":"ProductCollection","name":"VERBUNDPLATTEN","identifier":"FASSA_LINEA_PANNELLI_ACCOPPIATI_SISTEMA_GYPSOTECH"},{"@type":"Collection","name":"GYPSOTECH\u00ae-System","identifier":"FASSA_SISTEMA_GYPSOTECH"}],"inLanguage":"de"},"_links":{"self":[{"href":"https:\/\/www.fassabortolo.it\/de\/wp-json\/wp\/v2\/product\/3497935","targetHints":{"allow":["GET"]}}],"collection":[{"href":"https:\/\/www.fassabortolo.it\/de\/wp-json\/wp\/v2\/product"}],"about":[{"href":"https:\/\/www.fassabortolo.it\/de\/wp-json\/wp\/v2\/types\/product"}],"wp:attachment":[{"href":"https:\/\/www.fassabortolo.it\/de\/wp-json\/wp\/v2\/media?parent=3497935"}],"curies":[{"name":"wp","href":"https:\/\/api.w.org\/{rel}","templated":true}]}}