{"id":3497937,"date":"2026-01-20T15:07:52","date_gmt":"2026-01-20T14:07:52","guid":{"rendered":"http:\/\/10.6.201.155\/?post_type=product&#038;p=51670"},"modified":"2026-05-15T01:24:43","modified_gmt":"2026-05-14T23:24:43","slug":"gypsotech-duplex-db-lignum-db-lignum-xl","status":"publish","type":"product","link":"https:\/\/www.fassabortolo.it\/de\/produkte\/sistema-gypsotech\/verbundplatten\/gypsotech-duplex-db-lignum-db-lignum-xl","title":{"rendered":"GYPSOTECH<sup>\u00ae<\/sup> DUPLEX dB-LIGNUM \/ dB-LIGNUM XL"},"content":{"rendered":"","protected":false},"featured_media":0,"template":"","class_list":["post-3497937","product","type-product","status-publish","hentry"],"acf":[],"fimg":{"url":"https:\/\/www.fassabortolo.it\/wp-content\/uploads\/media\/assets\/GYPSOTECH_DUPLEX_DB_LIGNUM.jpg","alt":"GYPSOTECH<sup>\u00ae<\/sup> DUPLEX dB-LIGNUM \/ dB-LIGNUM XL"},"product_description":["Verbundplatte"],"ekr_hierarchy_settings":{"it":{"FASSA_LINEA_PANNELLI_ACCOPPIATI_SISTEMA_GYPSOTECH":{"ekr_position":7}},"es":{"FASSAES_LINEA_PANNELLI_ACCOPPIATI_SISTEMA_GYPSOTECH":{"ekr_position":5}},"lu":{"FASSA_LINEA_PANNELLI_ACCOPPIATI_SISTEMA_GYPSOTECH":{"ekr_position":8}}},"lang":{"language_code":"de","locale":"de_DE","text_direction":false,"display_name":"Deutsch","native_name":"Tedesco","different_language":false},"systems":[{"id":3497518,"name":"GYPSOTECH\u00ae-System","permalink":"https:\/\/www.fassabortolo.it\/de\/produkte\/sistema-gypsotech\/","slug":"sistema-gypsotech","ekr_pallet_code":"FASSA_SISTEMA_GYPSOTECH"}],"product_pallet_code":"PROD_GYPSOTECH_DUPLEX_DB_LIGNUM","lines":[{"id":3497466,"name":"VERBUNDPLATTEN","permalink":"https:\/\/www.fassabortolo.it\/de\/produkte\/\/verbundplatten\/","slug":"verbundplatten","system_codes":["FASSA_SISTEMA_GYPSOTECH"],"ekr_pallet_code":"FASSA_LINEA_PANNELLI_ACCOPPIATI_SISTEMA_GYPSOTECH"}],"use":["Spezielle Gipskartonplatte (Typ DEFH1IR gem\u00e4\u00df EN 520), auf deren R\u00fcckseite ein recyceltes und beidseitig mit Vlies beschichtetes Polyurethan-Agglomeratpaneel mit St\u00e4rke 10 \/ 20 mm verklebt worden ist, um raumsparende L\u00f6sungen mit hohen akustischen Leistungseigenschaften zu realisieren.","F\u00fcr die Anfertigung von Vorsatzschalen und abgeh\u00e4ngte Decken verwendbar.","F\u00fcr die korrekte Anwendung empfiehlt sich immer die Zurateziehung des Technischen Handbuchs."],"supply":null,"attributes":{"Attributes_1":{"FASERVERG\u00dcTETE D\u00c4MMSTOFFE":"Faserverg\u00fctete D\u00e4mmstoffe","W\u00c3\u00a4RMED\u00c4MMSTOFFE":"W\u00c3\u00a4rmed\u00e4mmstoffe"},"Attributes_2":{"INNENBEREICH":"Innenbereich"}},"___attributes":{"FASSAES":{"FASSA_SISTEMA_GYPSOTECH":{"Attributes_2":["Innenbereich"]}},"FASSA":{"FASSA_SISTEMA_GYPSOTECH":{"Attributes_1":["Faserverg\u00fctete D\u00e4mmstoffe","W\u00c3\u00a4rmed\u00e4mmstoffe"],"Attributes_2":["Innenbereich"]}}},"elastic_market_index":"it","structured_data":{"@context":"https:\/\/schema.org","@type":"Product","name":"GYPSOTECH<sup>\u00ae<\/sup> DUPLEX dB-LIGNUM \/ dB-LIGNUM XL","description":["Verbundplatte"],"url":"https:\/\/www.fassabortolo.it\/de\/produkte\/sistema-gypsotech\/verbundplatten\/gypsotech-duplex-db-lignum-db-lignum-xl","identifier":"PROD_GYPSOTECH_DUPLEX_DB_LIGNUM","sku":"PROD_GYPSOTECH_DUPLEX_DB_LIGNUM","image":"https:\/\/www.fassabortolo.it\/wp-content\/uploads\/media\/assets\/GYPSOTECH_DUPLEX_DB_LIGNUM.jpg","brand":{"@type":"Brand","name":"Fassa Bortolo"},"manufacturer":{"@type":"Organization","name":"Fassa Bortolo","url":"https:\/\/www.fassabortolo.it"},"additionalProperty":[{"@type":"PropertyValue","name":"Use Case 1","value":"Spezielle Gipskartonplatte (Typ DEFH1IR gem\u00e4\u00df EN 520), auf deren R\u00fcckseite ein recyceltes und beidseitig mit Vlies beschichtetes Polyurethan-Agglomeratpaneel mit St\u00e4rke 10 \/ 20 mm verklebt worden ist, um raumsparende L\u00f6sungen mit hohen akustischen Leistungseigenschaften zu realisieren."},{"@type":"PropertyValue","name":"Use Case 2","value":"F\u00fcr die Anfertigung von Vorsatzschalen und abgeh\u00e4ngte Decken verwendbar."},{"@type":"PropertyValue","name":"Use Case 3","value":"F\u00fcr die korrekte Anwendung empfiehlt sich immer die Zurateziehung des Technischen Handbuchs."},{"@type":"PropertyValue","name":"Attributes_1","value":"Faserverg\u00fctete D\u00e4mmstoffe"},{"@type":"PropertyValue","name":"Attributes_1","value":"W\u00c3\u00a4rmed\u00e4mmstoffe"},{"@type":"PropertyValue","name":"Attributes_2","value":"Innenbereich"}],"category":[{"@type":"ProductCollection","name":"VERBUNDPLATTEN","identifier":"FASSA_LINEA_PANNELLI_ACCOPPIATI_SISTEMA_GYPSOTECH"},{"@type":"Collection","name":"GYPSOTECH\u00ae-System","identifier":"FASSA_SISTEMA_GYPSOTECH"}],"inLanguage":"de"},"_links":{"self":[{"href":"https:\/\/www.fassabortolo.it\/de\/wp-json\/wp\/v2\/product\/3497937","targetHints":{"allow":["GET"]}}],"collection":[{"href":"https:\/\/www.fassabortolo.it\/de\/wp-json\/wp\/v2\/product"}],"about":[{"href":"https:\/\/www.fassabortolo.it\/de\/wp-json\/wp\/v2\/types\/product"}],"wp:attachment":[{"href":"https:\/\/www.fassabortolo.it\/de\/wp-json\/wp\/v2\/media?parent=3497937"}],"curies":[{"name":"wp","href":"https:\/\/api.w.org\/{rel}","templated":true}]}}