{"id":3497938,"date":"2026-01-20T15:07:54","date_gmt":"2026-01-20T14:07:54","guid":{"rendered":"http:\/\/10.6.201.155\/?post_type=product&#038;p=51676"},"modified":"2026-05-15T01:24:47","modified_gmt":"2026-05-14T23:24:47","slug":"gypsotech-duplex-db","status":"publish","type":"product","link":"https:\/\/www.fassabortolo.it\/de\/produkte\/sistema-gypsotech\/verbundplatten\/gypsotech-duplex-db","title":{"rendered":"GYPSOTECH<sup>\u00ae<\/sup> DUPLEX dB"},"content":{"rendered":"","protected":false},"featured_media":0,"template":"","class_list":["post-3497938","product","type-product","status-publish","hentry"],"acf":[],"fimg":{"url":"https:\/\/www.fassabortolo.it\/wp-content\/uploads\/media\/assets\/GYPSOTECH_DUPLEX_DB.jpg","alt":"GYPSOTECH<sup>\u00ae<\/sup> DUPLEX dB"},"product_description":["Verbundplatte"],"ekr_hierarchy_settings":{"it":{"FASSA_LINEA_PANNELLI_ACCOPPIATI_SISTEMA_GYPSOTECH":{"ekr_position":6}},"ch":{"FASSA_LINEA_PANNELLI_ACCOPPIATI_SISTEMA_GYPSOTECH":{"ekr_position":0}},"es":{"FASSAES_LINEA_PANNELLI_ACCOPPIATI_SISTEMA_GYPSOTECH":{"ekr_position":0}},"lu":{"FASSA_LINEA_PANNELLI_ACCOPPIATI_SISTEMA_GYPSOTECH":{"ekr_position":0}}},"lang":{"language_code":"de","locale":"de_DE","text_direction":false,"display_name":"Deutsch","native_name":"Tedesco","different_language":false},"systems":[{"id":3497518,"name":"GYPSOTECH\u00ae-System","permalink":"https:\/\/www.fassabortolo.it\/de\/produkte\/sistema-gypsotech\/","slug":"sistema-gypsotech","ekr_pallet_code":"FASSA_SISTEMA_GYPSOTECH"}],"product_pallet_code":"PROD_GYPSOTECH_DUPLEX_DB","lines":[{"id":3497466,"name":"VERBUNDPLATTEN","permalink":"https:\/\/www.fassabortolo.it\/de\/produkte\/\/verbundplatten\/","slug":"verbundplatten","system_codes":["FASSA_SISTEMA_GYPSOTECH"],"ekr_pallet_code":"FASSA_LINEA_PANNELLI_ACCOPPIATI_SISTEMA_GYPSOTECH"}],"use":["Spezielle Gipskartonplatte (Typ A gem\u00e4\u00df EN 520), auf deren R\u00fcckseite ein recyceltes und beidseitig mit Vlies beschichtetes Polyurethan-Paneel mit St\u00e4rke 10 mm verklebt worden ist, um raumsparende L\u00f6sungen mit hohen akustischen Leistungseigenschaften zu realisieren.","F\u00fcr die Anfertigung von Vorsatzschalen und abgeh\u00e4ngte Decken verwendbar.","F\u00fcr die korrekte Anwendung empfiehlt sich immer die Zurateziehung des Technischen Handbuchs."],"supply":null,"attributes":{"Attributes_1":{"PLASTISCHE D\u00c4MMSTOFFE":"Plastische D\u00e4mmstoffe"},"Attributes_2":{"INNENBEREICH":"Innenbereich"}},"___attributes":{"FASSAES":{"FASSA_SISTEMA_GYPSOTECH":{"Attributes_2":["Innenbereich"]}},"FASSA":{"FASSA_SISTEMA_GYPSOTECH":{"Attributes_1":["Plastische D\u00e4mmstoffe"],"Attributes_2":["Innenbereich"]}}},"elastic_market_index":"it","structured_data":{"@context":"https:\/\/schema.org","@type":"Product","name":"GYPSOTECH<sup>\u00ae<\/sup> DUPLEX dB","description":["Verbundplatte"],"url":"https:\/\/www.fassabortolo.it\/de\/produkte\/sistema-gypsotech\/verbundplatten\/gypsotech-duplex-db","identifier":"PROD_GYPSOTECH_DUPLEX_DB","sku":"PROD_GYPSOTECH_DUPLEX_DB","image":"https:\/\/www.fassabortolo.it\/wp-content\/uploads\/media\/assets\/GYPSOTECH_DUPLEX_DB.jpg","brand":{"@type":"Brand","name":"Fassa Bortolo"},"manufacturer":{"@type":"Organization","name":"Fassa Bortolo","url":"https:\/\/www.fassabortolo.it"},"additionalProperty":[{"@type":"PropertyValue","name":"Use Case 1","value":"Spezielle Gipskartonplatte (Typ A gem\u00e4\u00df EN 520), auf deren R\u00fcckseite ein recyceltes und beidseitig mit Vlies beschichtetes Polyurethan-Paneel mit St\u00e4rke 10 mm verklebt worden ist, um raumsparende L\u00f6sungen mit hohen akustischen Leistungseigenschaften zu realisieren."},{"@type":"PropertyValue","name":"Use Case 2","value":"F\u00fcr die Anfertigung von Vorsatzschalen und abgeh\u00e4ngte Decken verwendbar."},{"@type":"PropertyValue","name":"Use Case 3","value":"F\u00fcr die korrekte Anwendung empfiehlt sich immer die Zurateziehung des Technischen Handbuchs."},{"@type":"PropertyValue","name":"Attributes_1","value":"Plastische D\u00e4mmstoffe"},{"@type":"PropertyValue","name":"Attributes_2","value":"Innenbereich"}],"category":[{"@type":"ProductCollection","name":"VERBUNDPLATTEN","identifier":"FASSA_LINEA_PANNELLI_ACCOPPIATI_SISTEMA_GYPSOTECH"},{"@type":"Collection","name":"GYPSOTECH\u00ae-System","identifier":"FASSA_SISTEMA_GYPSOTECH"}],"inLanguage":"de"},"_links":{"self":[{"href":"https:\/\/www.fassabortolo.it\/de\/wp-json\/wp\/v2\/product\/3497938","targetHints":{"allow":["GET"]}}],"collection":[{"href":"https:\/\/www.fassabortolo.it\/de\/wp-json\/wp\/v2\/product"}],"about":[{"href":"https:\/\/www.fassabortolo.it\/de\/wp-json\/wp\/v2\/types\/product"}],"wp:attachment":[{"href":"https:\/\/www.fassabortolo.it\/de\/wp-json\/wp\/v2\/media?parent=3497938"}],"curies":[{"name":"wp","href":"https:\/\/api.w.org\/{rel}","templated":true}]}}