{"id":3497946,"date":"2026-01-20T15:08:00","date_gmt":"2026-01-20T14:08:00","guid":{"rendered":"http:\/\/10.6.201.155\/?post_type=product&#038;p=51704"},"modified":"2026-05-15T01:24:01","modified_gmt":"2026-05-14T23:24:01","slug":"gypsotech-externa-light","status":"publish","type":"product","link":"https:\/\/www.fassabortolo.it\/de\/produkte\/sistema-gypsotech\/bauplatten\/gypsotech-externa-light","title":{"rendered":"GYPSOTECH\u00ae EXTERNA LIGHT"},"content":{"rendered":"","protected":false},"featured_media":0,"template":"","class_list":["post-3497946","product","type-product","status-publish","hentry"],"acf":[],"fimg":{"url":"https:\/\/www.fassabortolo.it\/wp-content\/uploads\/media\/assets\/GYPSOTECH_EXTERNA_LIGHT.jpg","alt":"GYPSOTECH\u00ae EXTERNA LIGHT"},"product_description":["Betonplatte"],"ekr_hierarchy_settings":{"it":{"FASSA_LINEA_LASTRE_SISTEMA_GYPSOTECH":{"ekr_position":14}},"es":{"FASSAES_LINEA_LASTRE_SISTEMA_GYPSOTECH":{"ekr_position":13}},"lu":{"FASSA_LINEA_LASTRE_SISTEMA_GYPSOTECH":{"ekr_position":13}}},"lang":{"language_code":"de","locale":"de_DE","text_direction":false,"display_name":"Deutsch","native_name":"Tedesco","different_language":false},"systems":[{"id":3497518,"name":"GYPSOTECH\u00ae-System","permalink":"https:\/\/www.fassabortolo.it\/de\/produkte\/sistema-gypsotech\/","slug":"sistema-gypsotech","ekr_pallet_code":"FASSA_SISTEMA_GYPSOTECH"}],"product_pallet_code":"PROD_GYPSOTECH_EXTERNA_LIGHT","lines":[{"id":3497457,"name":"BAUPLATTEN","permalink":"https:\/\/www.fassabortolo.it\/de\/produkte\/\/bauplatten\/","slug":"bauplatten","system_codes":["FASSA_SISTEMA_GYPSOTECH"],"ekr_pallet_code":"FASSA_LINEA_LASTRE_SISTEMA_GYPSOTECH"}],"use":["Glasfaserverst\u00e4rkte Bauplatten aus Leichtbeton, projektiert sowohl f\u00fcr die innen- als auch f\u00fcr die au\u00dfenseitige Anbringung.","Verwendbar zur Anfertigung von W\u00e4nden, von Vorsatzschalen und abgeh\u00e4ngten Decken auch nach au\u00dfen hin. &nbsp; Die Platten m\u00fcssen aufs Sorgf\u00e4ltigste senkrecht zu den Metall-Unterkonstruktionen mit der Schnittseit in Sicht montiert werden, die Plattenfugen m\u00fcssen wie beim normalen Trockenbau versetzt sein.","F\u00fcr die korrekte Anwendung empfiehlt sich immer die Zurateziehung des Technischen Handbuchs."],"supply":null,"attributes":{"Attributes_1":{"A1":"A1","HOHE LEISTUNGSEIGENSCHAFTEN":"Hohe Leistungseigenschaften","GERINGE WASSERAUFNAHME":"Geringe Wasseraufnahme"},"Attributes_2":{"AUSSENBEREICH":"Au\u00dfenbereich","INNENBEREICH":"Innenbereich"}},"___attributes":{"FASSAES":{"FASSA_SISTEMA_GYPSOTECH":{"Attributes_1":["A1","Hohe Leistungseigenschaften","Basso assorbimento di acqua"],"Attributes_2":["Au\u00dfenbereich","Innenbereich"]}},"FASSA":{"FASSA_SISTEMA_GYPSOTECH":{"Attributes_1":["A1","Hohe Leistungseigenschaften","Geringe Wasseraufnahme"],"Attributes_2":["Au\u00dfenbereich","Innenbereich"]}}},"elastic_market_index":"it","structured_data":{"@context":"https:\/\/schema.org","@type":"Product","name":"GYPSOTECH\u00ae EXTERNA LIGHT","description":["Betonplatte"],"url":"https:\/\/www.fassabortolo.it\/de\/produkte\/sistema-gypsotech\/bauplatten\/gypsotech-externa-light","identifier":"PROD_GYPSOTECH_EXTERNA_LIGHT","sku":"PROD_GYPSOTECH_EXTERNA_LIGHT","image":"https:\/\/www.fassabortolo.it\/wp-content\/uploads\/media\/assets\/GYPSOTECH_EXTERNA_LIGHT.jpg","brand":{"@type":"Brand","name":"Fassa Bortolo"},"manufacturer":{"@type":"Organization","name":"Fassa Bortolo","url":"https:\/\/www.fassabortolo.it"},"additionalProperty":[{"@type":"PropertyValue","name":"Use Case 1","value":"Glasfaserverst\u00e4rkte Bauplatten aus Leichtbeton, projektiert sowohl f\u00fcr die innen- als auch f\u00fcr die au\u00dfenseitige Anbringung."},{"@type":"PropertyValue","name":"Use Case 2","value":"Verwendbar zur Anfertigung von W\u00e4nden, von Vorsatzschalen und abgeh\u00e4ngten Decken auch nach au\u00dfen hin. &nbsp; Die Platten m\u00fcssen aufs Sorgf\u00e4ltigste senkrecht zu den Metall-Unterkonstruktionen mit der Schnittseit in Sicht montiert werden, die Plattenfugen m\u00fcssen wie beim normalen Trockenbau versetzt sein."},{"@type":"PropertyValue","name":"Use Case 3","value":"F\u00fcr die korrekte Anwendung empfiehlt sich immer die Zurateziehung des Technischen Handbuchs."},{"@type":"PropertyValue","name":"Attributes_1","value":"A1"},{"@type":"PropertyValue","name":"Attributes_1","value":"Hohe Leistungseigenschaften"},{"@type":"PropertyValue","name":"Attributes_1","value":"Geringe Wasseraufnahme"},{"@type":"PropertyValue","name":"Attributes_2","value":"Au\u00dfenbereich"},{"@type":"PropertyValue","name":"Attributes_2","value":"Innenbereich"}],"category":[{"@type":"ProductCollection","name":"BAUPLATTEN","identifier":"FASSA_LINEA_LASTRE_SISTEMA_GYPSOTECH"},{"@type":"Collection","name":"GYPSOTECH\u00ae-System","identifier":"FASSA_SISTEMA_GYPSOTECH"}],"inLanguage":"de"},"_links":{"self":[{"href":"https:\/\/www.fassabortolo.it\/de\/wp-json\/wp\/v2\/product\/3497946","targetHints":{"allow":["GET"]}}],"collection":[{"href":"https:\/\/www.fassabortolo.it\/de\/wp-json\/wp\/v2\/product"}],"about":[{"href":"https:\/\/www.fassabortolo.it\/de\/wp-json\/wp\/v2\/types\/product"}],"wp:attachment":[{"href":"https:\/\/www.fassabortolo.it\/de\/wp-json\/wp\/v2\/media?parent=3497946"}],"curies":[{"name":"wp","href":"https:\/\/api.w.org\/{rel}","templated":true}]}}