{"id":3497949,"date":"2026-01-20T15:08:03","date_gmt":"2026-01-20T14:08:03","guid":{"rendered":"http:\/\/10.6.201.155\/?post_type=product&#038;p=51720"},"modified":"2026-05-15T01:24:08","modified_gmt":"2026-05-14T23:24:08","slug":"gypsotech-duplex-poliuretano","status":"publish","type":"product","link":"https:\/\/www.fassabortolo.it\/de\/produkte\/sistema-gypsotech\/verbundplatten\/gypsotech-duplex-poliuretano","title":{"rendered":"GYPSOTECH\u00ae DUPLEX POLYURETHAN"},"content":{"rendered":"","protected":false},"featured_media":0,"template":"","class_list":["post-3497949","product","type-product","status-publish","hentry"],"acf":[],"fimg":{"url":"https:\/\/www.fassabortolo.it\/wp-content\/uploads\/media\/assets\/GYPSOTECH_DUPLEX_POLIURETANO.jpg","alt":"GYPSOTECH\u00ae DUPLEX POLYURETHAN"},"product_description":["Verbundplatte"],"ekr_hierarchy_settings":{"it":{"FASSA_LINEA_PANNELLI_ACCOPPIATI_SISTEMA_GYPSOTECH":{"ekr_position":3}},"ch":{"FASSA_LINEA_PANNELLI_ACCOPPIATI_SISTEMA_GYPSOTECH":{"ekr_position":1}},"lu":{"FASSA_LINEA_PANNELLI_ACCOPPIATI_SISTEMA_GYPSOTECH":{"ekr_position":1}}},"lang":{"language_code":"de","locale":"de_DE","text_direction":false,"display_name":"Deutsch","native_name":"Tedesco","different_language":false},"systems":[{"id":3497518,"name":"GYPSOTECH\u00ae-System","permalink":"https:\/\/www.fassabortolo.it\/de\/produkte\/sistema-gypsotech\/","slug":"sistema-gypsotech","ekr_pallet_code":"FASSA_SISTEMA_GYPSOTECH"}],"product_pallet_code":"PROD_GYPSOTECH_DUPLEX_POLIURETANO","lines":[{"id":3497466,"name":"VERBUNDPLATTEN","permalink":"https:\/\/www.fassabortolo.it\/de\/produkte\/\/verbundplatten\/","slug":"verbundplatten","system_codes":["FASSA_SISTEMA_GYPSOTECH"],"ekr_pallet_code":"FASSA_LINEA_PANNELLI_ACCOPPIATI_SISTEMA_GYPSOTECH"}],"use":["D\u00e4mmplatte, auf deren R\u00fcckseite eine Polyiso-Hartschaumplatte verklebt wurde (gem\u00e4\u00df Norm UNI EN 13165), mit einer Massendichte gleich 36 kg\/m\u00b3 \u00b1 1,5% und einer W\u00e4rmeleitf\u00e4higkeit Lambda gleich 0,022 W\/mK. &nbsp; Die Platte befindet sich zwischen zwei Tr\u00e4gern aus mehrschichtigem metallisiertem Papier, das als Dampfsperre fungiert. &nbsp; Beide Plattentypen k\u00f6nnen je nach den vom System geforderten Leistungseigenschaften unterschiedliche Schichtst\u00e4rken aufweisen.","Utilizzabile per la formazionie di contropareti.","F\u00fcr die korrekte Anwendung empfiehlt sich immer die Zurateziehung des Technischen Handbuchs."],"supply":null,"attributes":{"Attributes_1":{"PLASTISCHE D\u00c4MMSTOFFE":"Plastische D\u00e4mmstoffe","W\u00c3\u00a4RMED\u00c4MMSTOFFE":"W\u00c3\u00a4rmed\u00e4mmstoffe"},"Attributes_2":{"INNENBEREICH":"Innenbereich"}},"___attributes":{"FASSA":{"FASSA_SISTEMA_GYPSOTECH":{"Attributes_1":["Plastische D\u00e4mmstoffe","W\u00c3\u00a4rmed\u00e4mmstoffe"],"Attributes_2":["Innenbereich"]}}},"elastic_market_index":"it","structured_data":{"@context":"https:\/\/schema.org","@type":"Product","name":"GYPSOTECH\u00ae DUPLEX POLYURETHAN","description":["Verbundplatte"],"url":"https:\/\/www.fassabortolo.it\/de\/produkte\/sistema-gypsotech\/verbundplatten\/gypsotech-duplex-poliuretano","identifier":"PROD_GYPSOTECH_DUPLEX_POLIURETANO","sku":"PROD_GYPSOTECH_DUPLEX_POLIURETANO","image":"https:\/\/www.fassabortolo.it\/wp-content\/uploads\/media\/assets\/GYPSOTECH_DUPLEX_POLIURETANO.jpg","brand":{"@type":"Brand","name":"Fassa Bortolo"},"manufacturer":{"@type":"Organization","name":"Fassa Bortolo","url":"https:\/\/www.fassabortolo.it"},"additionalProperty":[{"@type":"PropertyValue","name":"Use Case 1","value":"D\u00e4mmplatte, auf deren R\u00fcckseite eine Polyiso-Hartschaumplatte verklebt wurde (gem\u00e4\u00df Norm UNI EN 13165), mit einer Massendichte gleich 36 kg\/m\u00b3 \u00b1 1,5% und einer W\u00e4rmeleitf\u00e4higkeit Lambda gleich 0,022 W\/mK. &nbsp; Die Platte befindet sich zwischen zwei Tr\u00e4gern aus mehrschichtigem metallisiertem Papier, das als Dampfsperre fungiert. &nbsp; Beide Plattentypen k\u00f6nnen je nach den vom System geforderten Leistungseigenschaften unterschiedliche Schichtst\u00e4rken aufweisen."},{"@type":"PropertyValue","name":"Use Case 2","value":"Utilizzabile per la formazionie di contropareti."},{"@type":"PropertyValue","name":"Use Case 3","value":"F\u00fcr die korrekte Anwendung empfiehlt sich immer die Zurateziehung des Technischen Handbuchs."},{"@type":"PropertyValue","name":"Attributes_1","value":"Plastische D\u00e4mmstoffe"},{"@type":"PropertyValue","name":"Attributes_1","value":"W\u00c3\u00a4rmed\u00e4mmstoffe"},{"@type":"PropertyValue","name":"Attributes_2","value":"Innenbereich"}],"category":[{"@type":"ProductCollection","name":"VERBUNDPLATTEN","identifier":"FASSA_LINEA_PANNELLI_ACCOPPIATI_SISTEMA_GYPSOTECH"},{"@type":"Collection","name":"GYPSOTECH\u00ae-System","identifier":"FASSA_SISTEMA_GYPSOTECH"}],"inLanguage":"de"},"_links":{"self":[{"href":"https:\/\/www.fassabortolo.it\/de\/wp-json\/wp\/v2\/product\/3497949","targetHints":{"allow":["GET"]}}],"collection":[{"href":"https:\/\/www.fassabortolo.it\/de\/wp-json\/wp\/v2\/product"}],"about":[{"href":"https:\/\/www.fassabortolo.it\/de\/wp-json\/wp\/v2\/types\/product"}],"wp:attachment":[{"href":"https:\/\/www.fassabortolo.it\/de\/wp-json\/wp\/v2\/media?parent=3497949"}],"curies":[{"name":"wp","href":"https:\/\/api.w.org\/{rel}","templated":true}]}}