{"id":3497953,"date":"2026-01-20T15:08:13","date_gmt":"2026-01-20T14:08:13","guid":{"rendered":"http:\/\/10.6.201.155\/?post_type=product&#038;p=51741"},"modified":"2026-05-15T01:25:26","modified_gmt":"2026-05-14T23:25:26","slug":"gypsotech-guide-ad-u","status":"publish","type":"product","link":"https:\/\/www.fassabortolo.it\/de\/produkte\/sistema-gypsotech\/profile\/gypsotech-guide-ad-u","title":{"rendered":"GYPSOTECH\u00ae U-PROFILE"},"content":{"rendered":"","protected":false},"featured_media":0,"template":"","class_list":["post-3497953","product","type-product","status-publish","hentry"],"acf":[],"fimg":{"url":"https:\/\/www.fassabortolo.it\/wp-content\/uploads\/media\/assets\/GYPSOTECH_GUIDE_A_U.jpg","alt":"GYPSOTECH\u00ae U-PROFILE"},"product_description":["GYPSOTECH<sup>\u00ae<\/sup> U-PROFILE"],"ekr_hierarchy_settings":{"it":{"FASSA_LINEA_PROFILI_SISTEMA_GYPSOTECH":{"ekr_position":0}},"ch":{"FASSA_LINEA_PROFILI_SISTEMA_GYPSOTECH":{"ekr_position":0}},"es":{"FASSAES_LINEA_PROFILI_SISTEMA_GYPSOTECH":{"ekr_position":6}},"lu":{"FASSA_LINEA_PROFILI_SISTEMA_GYPSOTECH":{"ekr_position":0}}},"lang":{"language_code":"de","locale":"de_DE","text_direction":false,"display_name":"Deutsch","native_name":"Tedesco","different_language":false},"systems":[{"id":3497518,"name":"GYPSOTECH\u00ae-System","permalink":"https:\/\/www.fassabortolo.it\/de\/produkte\/sistema-gypsotech\/","slug":"sistema-gypsotech","ekr_pallet_code":"FASSA_SISTEMA_GYPSOTECH"}],"product_pallet_code":"PROD_GYPSOTECH_GUIDE_AD_U","lines":[{"id":3497486,"name":"PROFILE","permalink":"https:\/\/www.fassabortolo.it\/de\/produkte\/\/profile\/","slug":"profile","system_codes":["FASSA_SISTEMA_GYPSOTECH"],"ekr_pallet_code":"FASSA_LINEA_PROFILI_SISTEMA_GYPSOTECH"}],"use":["Das Metallprofil wird aus verzinktem Stahlblech hergestellt, es wird zur Anfertigung von Wandfl\u00e4chen, von Wandbeplankungen und von selbsttragenden Zimmerdecken aus beschichtetem Gips verwendet.","Die ZM-Version verf\u00fcgt \u00fcber eine spezielle Oberfl\u00e4chenbeschichtung aus Zink-Magnesium mit hohem Korrosionsschutz.","Sie werden mittels entsprechender D\u00fcbel an der Grundfl\u00e4che befestigt, in ihrem Inneren beinhalten sie die metallenen C-St\u00e4nderprofile 50\/49\/47, 50\/74\/47, 50\/99\/47 und 50\/149\/47."],"supply":null,"attributes":{"Attributes_1":{"VORSATZSCHALEN":"Vorsatzschalen","WANDFL\u00c4CHEN":"Wandfl\u00e4chen"},"Attributes_2":{"AUSSENBEREICH":"Au\u00dfenbereich","INNENBEREICH":"Innenbereich"}},"___attributes":{"FASSAES":{"FASSA_SISTEMA_GYPSOTECH":{"Attributes_1":["Controparete","Wandfl\u00e4chen"],"Attributes_2":["Au\u00dfenbereich","Innenbereich"]}},"FASSA":{"FASSA_SISTEMA_GYPSOTECH":{"Attributes_1":["Vorsatzschalen","Wandfl\u00e4chen"],"Attributes_2":["Au\u00dfenbereich","Innenbereich"]}}},"elastic_market_index":"it","structured_data":{"@context":"https:\/\/schema.org","@type":"Product","name":"GYPSOTECH\u00ae U-PROFILE","description":["GYPSOTECH<sup>\u00ae<\/sup> U-PROFILE"],"url":"https:\/\/www.fassabortolo.it\/de\/produkte\/sistema-gypsotech\/profile\/gypsotech-guide-ad-u","identifier":"PROD_GYPSOTECH_GUIDE_AD_U","sku":"PROD_GYPSOTECH_GUIDE_AD_U","image":"https:\/\/www.fassabortolo.it\/wp-content\/uploads\/media\/assets\/GYPSOTECH_GUIDE_A_U.jpg","brand":{"@type":"Brand","name":"Fassa Bortolo"},"manufacturer":{"@type":"Organization","name":"Fassa Bortolo","url":"https:\/\/www.fassabortolo.it"},"additionalProperty":[{"@type":"PropertyValue","name":"Use Case 1","value":"Das Metallprofil wird aus verzinktem Stahlblech hergestellt, es wird zur Anfertigung von Wandfl\u00e4chen, von Wandbeplankungen und von selbsttragenden Zimmerdecken aus beschichtetem Gips verwendet."},{"@type":"PropertyValue","name":"Use Case 2","value":"Die ZM-Version verf\u00fcgt \u00fcber eine spezielle Oberfl\u00e4chenbeschichtung aus Zink-Magnesium mit hohem Korrosionsschutz."},{"@type":"PropertyValue","name":"Use Case 3","value":"Sie werden mittels entsprechender D\u00fcbel an der Grundfl\u00e4che befestigt, in ihrem Inneren beinhalten sie die metallenen C-St\u00e4nderprofile 50\/49\/47, 50\/74\/47, 50\/99\/47 und 50\/149\/47."},{"@type":"PropertyValue","name":"Attributes_1","value":"Vorsatzschalen"},{"@type":"PropertyValue","name":"Attributes_1","value":"Wandfl\u00e4chen"},{"@type":"PropertyValue","name":"Attributes_2","value":"Au\u00dfenbereich"},{"@type":"PropertyValue","name":"Attributes_2","value":"Innenbereich"}],"category":[{"@type":"ProductCollection","name":"PROFILE","identifier":"FASSA_LINEA_PROFILI_SISTEMA_GYPSOTECH"},{"@type":"Collection","name":"GYPSOTECH\u00ae-System","identifier":"FASSA_SISTEMA_GYPSOTECH"}],"inLanguage":"de"},"_links":{"self":[{"href":"https:\/\/www.fassabortolo.it\/de\/wp-json\/wp\/v2\/product\/3497953","targetHints":{"allow":["GET"]}}],"collection":[{"href":"https:\/\/www.fassabortolo.it\/de\/wp-json\/wp\/v2\/product"}],"about":[{"href":"https:\/\/www.fassabortolo.it\/de\/wp-json\/wp\/v2\/types\/product"}],"wp:attachment":[{"href":"https:\/\/www.fassabortolo.it\/de\/wp-json\/wp\/v2\/media?parent=3497953"}],"curies":[{"name":"wp","href":"https:\/\/api.w.org\/{rel}","templated":true}]}}