{"id":3497962,"date":"2026-01-20T15:08:17","date_gmt":"2026-01-20T14:08:17","guid":{"rendered":"http:\/\/10.6.201.155\/?post_type=product&#038;p=51777"},"modified":"2026-05-15T01:25:18","modified_gmt":"2026-05-14T23:25:18","slug":"gypsotech-gancio-di-fissaggio-per-putrelle-con-pendino","status":"publish","type":"product","link":"https:\/\/www.fassabortolo.it\/de\/produkte\/sistema-gypsotech\/zubehorteile\/gypsotech-gancio-di-fissaggio-per-putrelle-con-pendino","title":{"rendered":"GYPSOTECH\u00ae VERBINDER F\u00dcR DIE TR\u00c4GERBEFESTIGUNG MIT ABH\u00c4NGDRAHT"},"content":{"rendered":"","protected":false},"featured_media":0,"template":"","class_list":["post-3497962","product","type-product","status-publish","hentry"],"acf":[],"fimg":{"url":"https:\/\/www.fassabortolo.it\/wp-content\/uploads\/media\/assets\/GYPSOTECH_GANCIO_DI_FISSAGGIO_PER_PUTRELLE_CON_PENDINO.jpg","alt":"GYPSOTECH\u00ae VERBINDER F\u00dcR DIE TR\u00c4GERBEFESTIGUNG MIT ABH\u00c4NGDRAHT"},"product_description":["GYPSOTECH<sup>\u00ae<\/sup> VERBINDER F\u00dcR DIE TR\u00c4GERBEFESTIGUNG MIT ABH\u00c4NGDRAHT"],"ekr_hierarchy_settings":{"it":{"FASSA_LINEA_ACCESSORI_SISTEMA_GYPSOTECH":{"ekr_position":3}},"lu":{"FASSA_LINEA_ACCESSORI_SISTEMA_GYPSOTECH":{"ekr_position":20}}},"lang":{"language_code":"de","locale":"de_DE","text_direction":false,"display_name":"Deutsch","native_name":"Tedesco","different_language":false},"systems":[{"id":3497518,"name":"GYPSOTECH\u00ae-System","permalink":"https:\/\/www.fassabortolo.it\/de\/produkte\/sistema-gypsotech\/","slug":"sistema-gypsotech","ekr_pallet_code":"FASSA_SISTEMA_GYPSOTECH"}],"product_pallet_code":"PROD_GYPSOTECH_GANCIO_DI_FISSAGGIO_PER_PUTRELLE_CON_PENDINO","lines":[{"id":3497439,"name":"ZUBEH\u00d6RTEILE","permalink":"https:\/\/www.fassabortolo.it\/de\/produkte\/\/zubehorteile\/","slug":"zubehorteile","system_codes":["FASSA_SISTEMA_GYPSOTECH"],"ekr_pallet_code":"FASSA_LINEA_ACCESSORI_SISTEMA_GYPSOTECH"}],"use":["Das Produkt wird aus verzinktem Stahlblech hergestellt, es dient zur Anfertigung von Deckenabh\u00e4ngungen. &nbsp; Das Anbringen des Zubeh\u00f6rteils erfolgt durch Ankoppelung am Schenkel des Balkens.","Am Haken wird der entsprechende Abh\u00e4ngedraht befestigt."],"supply":null,"attributes":{"Attributes_1":{"DECKENABH\u00c4NGUNGEN":"Deckenabh\u00e4ngungen","SPEZIELLE":"Spezielle"},"Attributes_2":{"INNENBEREICH":"Innenbereich"}},"___attributes":{"FASSA":{"FASSA_SISTEMA_GYPSOTECH":{"Attributes_1":["Deckenabh\u00e4ngungen","Spezielle"],"Attributes_2":["Innenbereich"]}}},"elastic_market_index":"it","structured_data":{"@context":"https:\/\/schema.org","@type":"Product","name":"GYPSOTECH\u00ae VERBINDER F\u00dcR DIE TR\u00c4GERBEFESTIGUNG MIT ABH\u00c4NGDRAHT","description":["GYPSOTECH<sup>\u00ae<\/sup> VERBINDER F\u00dcR DIE TR\u00c4GERBEFESTIGUNG MIT ABH\u00c4NGDRAHT"],"url":"https:\/\/www.fassabortolo.it\/de\/produkte\/sistema-gypsotech\/zubehorteile\/gypsotech-gancio-di-fissaggio-per-putrelle-con-pendino","identifier":"PROD_GYPSOTECH_GANCIO_DI_FISSAGGIO_PER_PUTRELLE_CON_PENDINO","sku":"PROD_GYPSOTECH_GANCIO_DI_FISSAGGIO_PER_PUTRELLE_CON_PENDINO","image":"https:\/\/www.fassabortolo.it\/wp-content\/uploads\/media\/assets\/GYPSOTECH_GANCIO_DI_FISSAGGIO_PER_PUTRELLE_CON_PENDINO.jpg","brand":{"@type":"Brand","name":"Fassa Bortolo"},"manufacturer":{"@type":"Organization","name":"Fassa Bortolo","url":"https:\/\/www.fassabortolo.it"},"additionalProperty":[{"@type":"PropertyValue","name":"Use Case 1","value":"Das Produkt wird aus verzinktem Stahlblech hergestellt, es dient zur Anfertigung von Deckenabh\u00e4ngungen. &nbsp; Das Anbringen des Zubeh\u00f6rteils erfolgt durch Ankoppelung am Schenkel des Balkens."},{"@type":"PropertyValue","name":"Use Case 2","value":"Am Haken wird der entsprechende Abh\u00e4ngedraht befestigt."},{"@type":"PropertyValue","name":"Attributes_1","value":"Deckenabh\u00e4ngungen"},{"@type":"PropertyValue","name":"Attributes_1","value":"Spezielle"},{"@type":"PropertyValue","name":"Attributes_2","value":"Innenbereich"}],"category":[{"@type":"ProductCollection","name":"ZUBEH\u00d6RTEILE","identifier":"FASSA_LINEA_ACCESSORI_SISTEMA_GYPSOTECH"},{"@type":"Collection","name":"GYPSOTECH\u00ae-System","identifier":"FASSA_SISTEMA_GYPSOTECH"}],"inLanguage":"de"},"_links":{"self":[{"href":"https:\/\/www.fassabortolo.it\/de\/wp-json\/wp\/v2\/product\/3497962","targetHints":{"allow":["GET"]}}],"collection":[{"href":"https:\/\/www.fassabortolo.it\/de\/wp-json\/wp\/v2\/product"}],"about":[{"href":"https:\/\/www.fassabortolo.it\/de\/wp-json\/wp\/v2\/types\/product"}],"wp:attachment":[{"href":"https:\/\/www.fassabortolo.it\/de\/wp-json\/wp\/v2\/media?parent=3497962"}],"curies":[{"name":"wp","href":"https:\/\/api.w.org\/{rel}","templated":true}]}}