{"id":3497978,"date":"2026-01-20T15:08:29","date_gmt":"2026-01-20T14:08:29","guid":{"rendered":"http:\/\/10.6.201.155\/?post_type=product&#038;p=51841"},"modified":"2026-05-15T01:26:10","modified_gmt":"2026-05-14T23:26:10","slug":"gypsotech-montanti-a-c-per-controsoffitto","status":"publish","type":"product","link":"https:\/\/www.fassabortolo.it\/de\/produkte\/sistema-gypsotech\/profile\/gypsotech-montanti-a-c-per-controsoffitto","title":{"rendered":"GYPSOTECH\u00ae C-ST\u00c4NDERPROFILE F\u00dcR DECKENABH\u00c4NGUNGEN"},"content":{"rendered":"","protected":false},"featured_media":0,"template":"","class_list":["post-3497978","product","type-product","status-publish","hentry"],"acf":[],"fimg":{"url":"https:\/\/www.fassabortolo.it\/wp-content\/uploads\/media\/assets\/GYPSOTECH_MONTANTI_A_C_PER_CONTROSOFFITTO.jpg","alt":"GYPSOTECH\u00ae C-ST\u00c4NDERPROFILE F\u00dcR DECKENABH\u00c4NGUNGEN"},"product_description":["GYPSOTECH<sup>\u00ae<\/sup> C-ST\u00c4NDERPROFILE F\u00dcR DECKENABH\u00c4NGUNGEN"],"ekr_hierarchy_settings":{"it":{"FASSA_LINEA_PROFILI_SISTEMA_GYPSOTECH":{"ekr_position":4}},"ch":{"FASSA_LINEA_PROFILI_SISTEMA_GYPSOTECH":{"ekr_position":2}},"lu":{"FASSA_LINEA_PROFILI_SISTEMA_GYPSOTECH":{"ekr_position":2}}},"lang":{"language_code":"de","locale":"de_DE","text_direction":false,"display_name":"Deutsch","native_name":"Tedesco","different_language":false},"systems":[{"id":3497518,"name":"GYPSOTECH\u00ae-System","permalink":"https:\/\/www.fassabortolo.it\/de\/produkte\/sistema-gypsotech\/","slug":"sistema-gypsotech","ekr_pallet_code":"FASSA_SISTEMA_GYPSOTECH"}],"product_pallet_code":"PROD_GYPSOTECH_MONTANTI_A_C_CONTROSOFFITTO","lines":[{"id":3497486,"name":"PROFILE","permalink":"https:\/\/www.fassabortolo.it\/de\/produkte\/\/profile\/","slug":"profile","system_codes":["FASSA_SISTEMA_GYPSOTECH"],"ekr_pallet_code":"FASSA_LINEA_PROFILI_SISTEMA_GYPSOTECH"}],"use":null,"supply":null,"attributes":{"Attributes_1":{"VORSATZSCHALEN":"Vorsatzschalen","DECKENABH\u00c4NGUNGEN":"Deckenabh\u00e4ngungen"},"Attributes_2":{"AUSSENBEREICH":"Au\u00dfenbereich","INNENBEREICH":"Innenbereich"}},"___attributes":{"FASSA":{"FASSA_SISTEMA_GYPSOTECH":{"Attributes_1":["Vorsatzschalen","Deckenabh\u00e4ngungen"],"Attributes_2":["Au\u00dfenbereich","Innenbereich"]}}},"elastic_market_index":"it","structured_data":{"@context":"https:\/\/schema.org","@type":"Product","name":"GYPSOTECH\u00ae C-ST\u00c4NDERPROFILE F\u00dcR DECKENABH\u00c4NGUNGEN","description":["GYPSOTECH<sup>\u00ae<\/sup> C-ST\u00c4NDERPROFILE F\u00dcR DECKENABH\u00c4NGUNGEN"],"url":"https:\/\/www.fassabortolo.it\/de\/produkte\/sistema-gypsotech\/profile\/gypsotech-montanti-a-c-per-controsoffitto","identifier":"PROD_GYPSOTECH_MONTANTI_A_C_CONTROSOFFITTO","sku":"PROD_GYPSOTECH_MONTANTI_A_C_CONTROSOFFITTO","image":"https:\/\/www.fassabortolo.it\/wp-content\/uploads\/media\/assets\/GYPSOTECH_MONTANTI_A_C_PER_CONTROSOFFITTO.jpg","brand":{"@type":"Brand","name":"Fassa Bortolo"},"manufacturer":{"@type":"Organization","name":"Fassa Bortolo","url":"https:\/\/www.fassabortolo.it"},"additionalProperty":[{"@type":"PropertyValue","name":"Attributes_1","value":"Vorsatzschalen"},{"@type":"PropertyValue","name":"Attributes_1","value":"Deckenabh\u00e4ngungen"},{"@type":"PropertyValue","name":"Attributes_2","value":"Au\u00dfenbereich"},{"@type":"PropertyValue","name":"Attributes_2","value":"Innenbereich"}],"category":[{"@type":"ProductCollection","name":"PROFILE","identifier":"FASSA_LINEA_PROFILI_SISTEMA_GYPSOTECH"},{"@type":"Collection","name":"GYPSOTECH\u00ae-System","identifier":"FASSA_SISTEMA_GYPSOTECH"}],"inLanguage":"de"},"_links":{"self":[{"href":"https:\/\/www.fassabortolo.it\/de\/wp-json\/wp\/v2\/product\/3497978","targetHints":{"allow":["GET"]}}],"collection":[{"href":"https:\/\/www.fassabortolo.it\/de\/wp-json\/wp\/v2\/product"}],"about":[{"href":"https:\/\/www.fassabortolo.it\/de\/wp-json\/wp\/v2\/types\/product"}],"wp:attachment":[{"href":"https:\/\/www.fassabortolo.it\/de\/wp-json\/wp\/v2\/media?parent=3497978"}],"curies":[{"name":"wp","href":"https:\/\/api.w.org\/{rel}","templated":true}]}}