{"id":3497981,"date":"2026-01-20T15:08:30","date_gmt":"2026-01-20T14:08:30","guid":{"rendered":"http:\/\/10.6.201.155\/?post_type=product&#038;p=51850"},"modified":"2026-05-15T01:25:44","modified_gmt":"2026-05-14T23:25:44","slug":"gypsotech-montanti-a-c","status":"publish","type":"product","link":"https:\/\/www.fassabortolo.it\/de\/produkte\/sistema-gypsotech\/profile\/gypsotech-montanti-a-c","title":{"rendered":"GYPSOTECH<sup>\u00ae<\/sup> C-ST\u00c4NDERPROFILE"},"content":{"rendered":"","protected":false},"featured_media":0,"template":"","class_list":["post-3497981","product","type-product","status-publish","hentry"],"acf":[],"fimg":{"url":"https:\/\/www.fassabortolo.it\/wp-content\/uploads\/media\/assets\/GYPSOTECH_MONTANTI_A_C_uniti.jpg","alt":"GYPSOTECH<sup>\u00ae<\/sup> C-ST\u00c4NDERPROFILE"},"product_description":["GYPSOTECH<sup>\u00ae<\/sup> C-ST\u00c4NDERPROFILE"],"ekr_hierarchy_settings":{"it":{"FASSA_LINEA_PROFILI_SISTEMA_GYPSOTECH":{"ekr_position":3}},"ch":{"FASSA_LINEA_PROFILI_SISTEMA_GYPSOTECH":{"ekr_position":3}},"es":{"FASSAES_LINEA_PROFILI_SISTEMA_GYPSOTECH":{"ekr_position":5}},"lu":{"FASSA_LINEA_PROFILI_SISTEMA_GYPSOTECH":{"ekr_position":3}}},"lang":{"language_code":"de","locale":"de_DE","text_direction":false,"display_name":"Deutsch","native_name":"Tedesco","different_language":false},"systems":[{"id":3497518,"name":"GYPSOTECH\u00ae-System","permalink":"https:\/\/www.fassabortolo.it\/de\/produkte\/sistema-gypsotech\/","slug":"sistema-gypsotech","ekr_pallet_code":"FASSA_SISTEMA_GYPSOTECH"}],"product_pallet_code":"PROD_GYPSOTECH_MONTANTI_A_C","lines":[{"id":3497486,"name":"PROFILE","permalink":"https:\/\/www.fassabortolo.it\/de\/produkte\/\/profile\/","slug":"profile","system_codes":["FASSA_SISTEMA_GYPSOTECH"],"ekr_pallet_code":"FASSA_LINEA_PROFILI_SISTEMA_GYPSOTECH"}],"use":null,"supply":null,"attributes":{"Attributes_1":{"VORSATZSCHALEN":"Vorsatzschalen","WANDFL\u00c4CHEN":"Wandfl\u00e4chen"},"Attributes_2":{"AUSSENBEREICH":"Au\u00dfenbereich","INNENBEREICH":"Innenbereich"}},"___attributes":{"FASSAES":{"FASSA_SISTEMA_GYPSOTECH":{"Attributes_1":["Controparete","Wandfl\u00e4chen"],"Attributes_2":["Au\u00dfenbereich","Innenbereich"]}},"FASSA":{"FASSA_SISTEMA_GYPSOTECH":{"Attributes_1":["Vorsatzschalen","Wandfl\u00e4chen"],"Attributes_2":["Au\u00dfenbereich","Innenbereich"]}}},"elastic_market_index":"it","structured_data":{"@context":"https:\/\/schema.org","@type":"Product","name":"GYPSOTECH<sup>\u00ae<\/sup> C-ST\u00c4NDERPROFILE","description":["GYPSOTECH<sup>\u00ae<\/sup> C-ST\u00c4NDERPROFILE"],"url":"https:\/\/www.fassabortolo.it\/de\/produkte\/sistema-gypsotech\/profile\/gypsotech-montanti-a-c","identifier":"PROD_GYPSOTECH_MONTANTI_A_C","sku":"PROD_GYPSOTECH_MONTANTI_A_C","image":"https:\/\/www.fassabortolo.it\/wp-content\/uploads\/media\/assets\/GYPSOTECH_MONTANTI_A_C_uniti.jpg","brand":{"@type":"Brand","name":"Fassa Bortolo"},"manufacturer":{"@type":"Organization","name":"Fassa Bortolo","url":"https:\/\/www.fassabortolo.it"},"additionalProperty":[{"@type":"PropertyValue","name":"Attributes_1","value":"Vorsatzschalen"},{"@type":"PropertyValue","name":"Attributes_1","value":"Wandfl\u00e4chen"},{"@type":"PropertyValue","name":"Attributes_2","value":"Au\u00dfenbereich"},{"@type":"PropertyValue","name":"Attributes_2","value":"Innenbereich"}],"category":[{"@type":"ProductCollection","name":"PROFILE","identifier":"FASSA_LINEA_PROFILI_SISTEMA_GYPSOTECH"},{"@type":"Collection","name":"GYPSOTECH\u00ae-System","identifier":"FASSA_SISTEMA_GYPSOTECH"}],"inLanguage":"de"},"_links":{"self":[{"href":"https:\/\/www.fassabortolo.it\/de\/wp-json\/wp\/v2\/product\/3497981","targetHints":{"allow":["GET"]}}],"collection":[{"href":"https:\/\/www.fassabortolo.it\/de\/wp-json\/wp\/v2\/product"}],"about":[{"href":"https:\/\/www.fassabortolo.it\/de\/wp-json\/wp\/v2\/types\/product"}],"wp:attachment":[{"href":"https:\/\/www.fassabortolo.it\/de\/wp-json\/wp\/v2\/media?parent=3497981"}],"curies":[{"name":"wp","href":"https:\/\/api.w.org\/{rel}","templated":true}]}}