{"id":3497987,"date":"2026-01-20T15:08:33","date_gmt":"2026-01-20T14:08:33","guid":{"rendered":"http:\/\/10.6.201.155\/?post_type=product&#038;p=51875"},"modified":"2026-05-15T01:25:55","modified_gmt":"2026-05-14T23:25:55","slug":"gypsotech-gypso-pb-rx","status":"publish","type":"product","link":"https:\/\/www.fassabortolo.it\/de\/produkte\/sistema-gypsotech\/bauplatten\/gypsotech-gypso-pb-rx","title":{"rendered":"GYPSOTECH<sup>\u00ae<\/sup> GYPSO Pb-RX"},"content":{"rendered":"","protected":false},"featured_media":0,"template":"","class_list":["post-3497987","product","type-product","status-publish","hentry"],"acf":[],"fimg":{"url":"https:\/\/www.fassabortolo.it\/wp-content\/uploads\/media\/assets\/Gypsotech_Gypso_PB_RX.jpg","alt":"GYPSOTECH<sup>\u00ae<\/sup> GYPSO Pb-RX"},"product_description":["Gipskartonplatte"],"ekr_hierarchy_settings":{"it":{"FASSA_LINEA_LASTRE_SISTEMA_GYPSOTECH":{"ekr_position":13}},"ch":{"FASSA_LINEA_LASTRE_SISTEMA_GYPSOTECH":{"ekr_position":4}},"lu":{"FASSA_LINEA_LASTRE_SISTEMA_GYPSOTECH":{"ekr_position":4}}},"lang":{"language_code":"de","locale":"de_DE","text_direction":false,"display_name":"Deutsch","native_name":"Tedesco","different_language":false},"systems":[{"id":3497518,"name":"GYPSOTECH\u00ae-System","permalink":"https:\/\/www.fassabortolo.it\/de\/produkte\/sistema-gypsotech\/","slug":"sistema-gypsotech","ekr_pallet_code":"FASSA_SISTEMA_GYPSOTECH"}],"product_pallet_code":"PROD_GYPSOTECH_GYPSO_PB_RX","lines":[{"id":3497457,"name":"BAUPLATTEN","permalink":"https:\/\/www.fassabortolo.it\/de\/produkte\/\/bauplatten\/","slug":"bauplatten","system_codes":["FASSA_SISTEMA_GYPSOTECH"],"ekr_pallet_code":"FASSA_LINEA_LASTRE_SISTEMA_GYPSOTECH"}],"use":["Lastra Gypsotech STD BA 13 (tipo A secondo Norma UNI EN 520) in gesso rivestito, accoppiata con una lamina di piombo dello spessore variabile di 0,5 - 1,0 - 2,0 - 2,5 - 3,0 mm, idonee a schermare il passaggio dei raggi X.","Die D\u00e4mmplatte entspricht der Norm UNI EN 14190.","Verwendbar f\u00fcr die Anfertigung von Wandfl\u00e4chen und Vorsatzschalen.","F\u00fcr die korrekte Anwendung empfiehlt sich immer die Zurateziehung des Technischen Handbuchs."],"supply":null,"attributes":{"Attributes_1":{"SPEZIELLE":"Spezielle","STANDARD":"Standard"},"Attributes_2":{"INNENBEREICH":"Innenbereich"}},"___attributes":{"FASSA":{"FASSA_SISTEMA_GYPSOTECH":{"Attributes_1":["Spezielle","Standard"],"Attributes_2":["Innenbereich"]}}},"elastic_market_index":"it","structured_data":{"@context":"https:\/\/schema.org","@type":"Product","name":"GYPSOTECH<sup>\u00ae<\/sup> GYPSO Pb-RX","description":["Gipskartonplatte"],"url":"https:\/\/www.fassabortolo.it\/de\/produkte\/sistema-gypsotech\/bauplatten\/gypsotech-gypso-pb-rx","identifier":"PROD_GYPSOTECH_GYPSO_PB_RX","sku":"PROD_GYPSOTECH_GYPSO_PB_RX","image":"https:\/\/www.fassabortolo.it\/wp-content\/uploads\/media\/assets\/Gypsotech_Gypso_PB_RX.jpg","brand":{"@type":"Brand","name":"Fassa Bortolo"},"manufacturer":{"@type":"Organization","name":"Fassa Bortolo","url":"https:\/\/www.fassabortolo.it"},"additionalProperty":[{"@type":"PropertyValue","name":"Use Case 1","value":"Lastra Gypsotech STD BA 13 (tipo A secondo Norma UNI EN 520) in gesso rivestito, accoppiata con una lamina di piombo dello spessore variabile di 0,5 - 1,0 - 2,0 - 2,5 - 3,0 mm, idonee a schermare il passaggio dei raggi X."},{"@type":"PropertyValue","name":"Use Case 2","value":"Die D\u00e4mmplatte entspricht der Norm UNI EN 14190."},{"@type":"PropertyValue","name":"Use Case 3","value":"Verwendbar f\u00fcr die Anfertigung von Wandfl\u00e4chen und Vorsatzschalen."},{"@type":"PropertyValue","name":"Use Case 4","value":"F\u00fcr die korrekte Anwendung empfiehlt sich immer die Zurateziehung des Technischen Handbuchs."},{"@type":"PropertyValue","name":"Attributes_1","value":"Spezielle"},{"@type":"PropertyValue","name":"Attributes_1","value":"Standard"},{"@type":"PropertyValue","name":"Attributes_2","value":"Innenbereich"}],"category":[{"@type":"ProductCollection","name":"BAUPLATTEN","identifier":"FASSA_LINEA_LASTRE_SISTEMA_GYPSOTECH"},{"@type":"Collection","name":"GYPSOTECH\u00ae-System","identifier":"FASSA_SISTEMA_GYPSOTECH"}],"inLanguage":"de"},"_links":{"self":[{"href":"https:\/\/www.fassabortolo.it\/de\/wp-json\/wp\/v2\/product\/3497987","targetHints":{"allow":["GET"]}}],"collection":[{"href":"https:\/\/www.fassabortolo.it\/de\/wp-json\/wp\/v2\/product"}],"about":[{"href":"https:\/\/www.fassabortolo.it\/de\/wp-json\/wp\/v2\/types\/product"}],"wp:attachment":[{"href":"https:\/\/www.fassabortolo.it\/de\/wp-json\/wp\/v2\/media?parent=3497987"}],"curies":[{"name":"wp","href":"https:\/\/api.w.org\/{rel}","templated":true}]}}