{"id":3497988,"date":"2026-01-20T15:08:34","date_gmt":"2026-01-20T14:08:34","guid":{"rendered":"http:\/\/10.6.201.155\/?post_type=product&#038;p=51879"},"modified":"2026-05-15T01:26:05","modified_gmt":"2026-05-14T23:26:05","slug":"gypsotech-pannello-lana-di-roccia-035","status":"publish","type":"product","link":"https:\/\/www.fassabortolo.it\/de\/produkte\/sistema-gypsotech\/warmedamm-und-schalldammplatten\/gypsotech-pannello-lana-di-roccia-035","title":{"rendered":"GYPSOTECH\u00ae PANNELLO LANA DI ROCCIA 035"},"content":{"rendered":"","protected":false},"featured_media":0,"template":"","class_list":["post-3497988","product","type-product","status-publish","hentry"],"acf":[],"fimg":{"url":"https:\/\/www.fassabortolo.it\/wp-content\/uploads\/media\/assets\/LASTRA_LANA_ROCCIA_035.jpg","alt":"GYPSOTECH\u00ae PANNELLO LANA DI ROCCIA 035"},"product_description":["Platte LANA DI ROCCIA 035"],"ekr_hierarchy_settings":{"it":{"FASSA_LINEA_PANNELLI_ISOLAMENTO_TERMICO_ACUSTICO_SISTEMA_GYPSOTECH":{"ekr_position":0}},"ch":{"FASSA_LINEA_PANNELLI_ISOLAMENTO_TERMICO_ACUSTICO_SISTEMA_GYPSOTECH":{"ekr_position":0}},"lu":{"FASSA_LINEA_PANNELLI_ISOLAMENTO_TERMICO_ACUSTICO_SISTEMA_GYPSOTECH":{"ekr_position":0}}},"lang":{"language_code":"de","locale":"de_DE","text_direction":false,"display_name":"Deutsch","native_name":"Tedesco","different_language":false},"systems":[{"id":3497518,"name":"GYPSOTECH\u00ae-System","permalink":"https:\/\/www.fassabortolo.it\/de\/produkte\/sistema-gypsotech\/","slug":"sistema-gypsotech","ekr_pallet_code":"FASSA_SISTEMA_GYPSOTECH"}],"product_pallet_code":"PROD_GYPSOTECH_PANNELLO_LANA_DI_ROCCIA_035","lines":[{"id":3497465,"name":"W\u00c4RMED\u00c4MM- UND SCHALLD\u00c4MMPLATTEN","permalink":"https:\/\/www.fassabortolo.it\/de\/produkte\/\/warmedamm-und-schalldammplatten\/","slug":"warmedamm-und-schalldammplatten","system_codes":["FASSA_SISTEMA_GYPSOTECH"],"ekr_pallet_code":"FASSA_LINEA_PANNELLI_ISOLAMENTO_TERMICO_ACUSTICO_SISTEMA_GYPSOTECH"}],"use":["Die D\u00e4mmplatten LANA DI ROCCIA 035 werden f\u00fcr die W\u00e4rme- und Schalld\u00e4mmung an Wandfl\u00e4chen, Vorsatzschalen und abgeh\u00e4ngten Decken aus beschichtetem Gips verwendet."],"supply":["In verschwei\u00dftem Polyethylen abgepackte D\u00e4mmplatten, lose oder auf Palette. &nbsp; Dank innovativem Verpackungssystem, das eine bis zu 50%ige Volumenreduzierung erm\u00f6glicht, kann der Transport effizienter gestaltet und der Aussto\u00df von CO<sub>2<\/sub> vermindert werden. &nbsp; Es muss vorsichtig mit dem Produkt umgegangen werden, um ein m\u00f6gliches Abl\u00f6sen der Unterlagen zu verhindern. Weiters darf das Material nicht mit Erdreichber\u00fchrung eingelagert werden, die Lagerung hat wettergesch\u00fctzt zu erfolgen."],"attributes":{"Attributes_1":{"STEINWOLLE":"Steinwolle"},"Attributes_2":{"INNENBEREICH":"Innenbereich"}},"___attributes":{"FASSA":{"FASSA_SISTEMA_GYPSOTECH":{"Attributes_1":["Steinwolle"],"Attributes_2":["Innenbereich"]}}},"elastic_market_index":"it","structured_data":{"@context":"https:\/\/schema.org","@type":"Product","name":"GYPSOTECH\u00ae PANNELLO LANA DI ROCCIA 035","description":["Platte LANA DI ROCCIA 035"],"url":"https:\/\/www.fassabortolo.it\/de\/produkte\/sistema-gypsotech\/warmedamm-und-schalldammplatten\/gypsotech-pannello-lana-di-roccia-035","identifier":"PROD_GYPSOTECH_PANNELLO_LANA_DI_ROCCIA_035","sku":"PROD_GYPSOTECH_PANNELLO_LANA_DI_ROCCIA_035","image":"https:\/\/www.fassabortolo.it\/wp-content\/uploads\/media\/assets\/LASTRA_LANA_ROCCIA_035.jpg","brand":{"@type":"Brand","name":"Fassa Bortolo"},"manufacturer":{"@type":"Organization","name":"Fassa Bortolo","url":"https:\/\/www.fassabortolo.it"},"additionalProperty":[{"@type":"PropertyValue","name":"Use Case 1","value":"Die D\u00e4mmplatten LANA DI ROCCIA 035 werden f\u00fcr die W\u00e4rme- und Schalld\u00e4mmung an Wandfl\u00e4chen, Vorsatzschalen und abgeh\u00e4ngten Decken aus beschichtetem Gips verwendet."},{"@type":"PropertyValue","name":"Supply Information","value":"In verschwei\u00dftem Polyethylen abgepackte D\u00e4mmplatten, lose oder auf Palette. &nbsp; Dank innovativem Verpackungssystem, das eine bis zu 50%ige Volumenreduzierung erm\u00f6glicht, kann der Transport effizienter gestaltet und der Aussto\u00df von CO<sub>2<\/sub> vermindert werden. &nbsp; Es muss vorsichtig mit dem Produkt umgegangen werden, um ein m\u00f6gliches Abl\u00f6sen der Unterlagen zu verhindern. Weiters darf das Material nicht mit Erdreichber\u00fchrung eingelagert werden, die Lagerung hat wettergesch\u00fctzt zu erfolgen."},{"@type":"PropertyValue","name":"Attributes_1","value":"Steinwolle"},{"@type":"PropertyValue","name":"Attributes_2","value":"Innenbereich"}],"category":[{"@type":"ProductCollection","name":"W\u00c4RMED\u00c4MM- UND SCHALLD\u00c4MMPLATTEN","identifier":"FASSA_LINEA_PANNELLI_ISOLAMENTO_TERMICO_ACUSTICO_SISTEMA_GYPSOTECH"},{"@type":"Collection","name":"GYPSOTECH\u00ae-System","identifier":"FASSA_SISTEMA_GYPSOTECH"}],"inLanguage":"de"},"_links":{"self":[{"href":"https:\/\/www.fassabortolo.it\/de\/wp-json\/wp\/v2\/product\/3497988","targetHints":{"allow":["GET"]}}],"collection":[{"href":"https:\/\/www.fassabortolo.it\/de\/wp-json\/wp\/v2\/product"}],"about":[{"href":"https:\/\/www.fassabortolo.it\/de\/wp-json\/wp\/v2\/types\/product"}],"wp:attachment":[{"href":"https:\/\/www.fassabortolo.it\/de\/wp-json\/wp\/v2\/media?parent=3497988"}],"curies":[{"name":"wp","href":"https:\/\/api.w.org\/{rel}","templated":true}]}}