{"id":3497989,"date":"2026-01-20T15:08:37","date_gmt":"2026-01-20T14:08:37","guid":{"rendered":"http:\/\/10.6.201.155\/?post_type=product&#038;p=51880"},"modified":"2026-05-15T01:26:25","modified_gmt":"2026-05-14T23:26:25","slug":"gypsotech-staffa-registrabile-30x50-100-150-200","status":"publish","type":"product","link":"https:\/\/www.fassabortolo.it\/de\/produkte\/sistema-gypsotech\/zubehorteile\/gypsotech-staffa-registrabile-30x50-100-150-200","title":{"rendered":"GYPSOTECH\u00ae JUSTIERBARER DIREKTABH\u00c4NGER 30&#215;50-100-150-200"},"content":{"rendered":"","protected":false},"featured_media":0,"template":"","class_list":["post-3497989","product","type-product","status-publish","hentry"],"acf":[],"fimg":{"url":"https:\/\/www.fassabortolo.it\/wp-content\/uploads\/media\/assets\/GYPSOTECH_STAFFA_REGISTRABILE_30X50-100-150-200.jpg","alt":"GYPSOTECH\u00ae JUSTIERBARER DIREKTABH\u00c4NGER 30&#215;50-100-150-200"},"product_description":["GYPSOTECH<sup>\u00ae<\/sup> JUSTIERBARER DIREKTABH\u00c4NGER 30x50-100-150-200"],"ekr_hierarchy_settings":{"it":{"FASSA_LINEA_ACCESSORI_SISTEMA_GYPSOTECH":{"ekr_position":15}},"lu":{"FASSA_LINEA_ACCESSORI_SISTEMA_GYPSOTECH":{"ekr_position":11}}},"lang":{"language_code":"de","locale":"de_DE","text_direction":false,"display_name":"Deutsch","native_name":"Tedesco","different_language":false},"systems":[{"id":3497518,"name":"GYPSOTECH\u00ae-System","permalink":"https:\/\/www.fassabortolo.it\/de\/produkte\/sistema-gypsotech\/","slug":"sistema-gypsotech","ekr_pallet_code":"FASSA_SISTEMA_GYPSOTECH"}],"product_pallet_code":"PROD_GYPSOTECH_STAFFA_REGISTRABILE_30_50_100_150_200","lines":[{"id":3497439,"name":"ZUBEH\u00d6RTEILE","permalink":"https:\/\/www.fassabortolo.it\/de\/produkte\/\/zubehorteile\/","slug":"zubehorteile","system_codes":["FASSA_SISTEMA_GYPSOTECH"],"ekr_pallet_code":"FASSA_LINEA_ACCESSORI_SISTEMA_GYPSOTECH"}],"use":["Das Produkt wird aus verzinktem Stahlblech hergestellt, es dient bei der Anfertigung von Wandbeplankungen zur Befestigung und als Distanzst\u00fcck zwischen Trockenbauprofilen und Decke.","Der Abh\u00e4nger wird mit Scatto-Profilen U 40\/28\/40 verwendet.","Der Abstand zwischen Profilrand und Decke betr\u00e4gt zwischen 50 und 200 mm."],"supply":null,"attributes":{"Attributes_1":{"DECKENABH\u00c4NGUNGEN":"Deckenabh\u00e4ngungen"},"Attributes_2":{"INNENBEREICH":"Innenbereich"}},"___attributes":{"FASSA":{"FASSA_SISTEMA_GYPSOTECH":{"Attributes_1":["Deckenabh\u00e4ngungen"],"Attributes_2":["Innenbereich"]}}},"elastic_market_index":"it","structured_data":{"@context":"https:\/\/schema.org","@type":"Product","name":"GYPSOTECH\u00ae JUSTIERBARER DIREKTABH\u00c4NGER 30&#215;50-100-150-200","description":["GYPSOTECH<sup>\u00ae<\/sup> JUSTIERBARER DIREKTABH\u00c4NGER 30x50-100-150-200"],"url":"https:\/\/www.fassabortolo.it\/de\/produkte\/sistema-gypsotech\/zubehorteile\/gypsotech-staffa-registrabile-30x50-100-150-200","identifier":"PROD_GYPSOTECH_STAFFA_REGISTRABILE_30_50_100_150_200","sku":"PROD_GYPSOTECH_STAFFA_REGISTRABILE_30_50_100_150_200","image":"https:\/\/www.fassabortolo.it\/wp-content\/uploads\/media\/assets\/GYPSOTECH_STAFFA_REGISTRABILE_30X50-100-150-200.jpg","brand":{"@type":"Brand","name":"Fassa Bortolo"},"manufacturer":{"@type":"Organization","name":"Fassa Bortolo","url":"https:\/\/www.fassabortolo.it"},"additionalProperty":[{"@type":"PropertyValue","name":"Use Case 1","value":"Das Produkt wird aus verzinktem Stahlblech hergestellt, es dient bei der Anfertigung von Wandbeplankungen zur Befestigung und als Distanzst\u00fcck zwischen Trockenbauprofilen und Decke."},{"@type":"PropertyValue","name":"Use Case 2","value":"Der Abh\u00e4nger wird mit Scatto-Profilen U 40\/28\/40 verwendet."},{"@type":"PropertyValue","name":"Use Case 3","value":"Der Abstand zwischen Profilrand und Decke betr\u00e4gt zwischen 50 und 200 mm."},{"@type":"PropertyValue","name":"Attributes_1","value":"Deckenabh\u00e4ngungen"},{"@type":"PropertyValue","name":"Attributes_2","value":"Innenbereich"}],"category":[{"@type":"ProductCollection","name":"ZUBEH\u00d6RTEILE","identifier":"FASSA_LINEA_ACCESSORI_SISTEMA_GYPSOTECH"},{"@type":"Collection","name":"GYPSOTECH\u00ae-System","identifier":"FASSA_SISTEMA_GYPSOTECH"}],"inLanguage":"de"},"_links":{"self":[{"href":"https:\/\/www.fassabortolo.it\/de\/wp-json\/wp\/v2\/product\/3497989","targetHints":{"allow":["GET"]}}],"collection":[{"href":"https:\/\/www.fassabortolo.it\/de\/wp-json\/wp\/v2\/product"}],"about":[{"href":"https:\/\/www.fassabortolo.it\/de\/wp-json\/wp\/v2\/types\/product"}],"wp:attachment":[{"href":"https:\/\/www.fassabortolo.it\/de\/wp-json\/wp\/v2\/media?parent=3497989"}],"curies":[{"name":"wp","href":"https:\/\/api.w.org\/{rel}","templated":true}]}}