{"id":3498002,"date":"2026-01-20T15:08:46","date_gmt":"2026-01-20T14:08:46","guid":{"rendered":"http:\/\/10.6.201.155\/?post_type=product&#038;p=51929"},"modified":"2026-05-15T01:27:32","modified_gmt":"2026-05-14T23:27:32","slug":"gypsotech-staffa-registrabile-silens-50x120","status":"publish","type":"product","link":"https:\/\/www.fassabortolo.it\/de\/produkte\/sistema-gypsotech\/zubehorteile\/gypsotech-staffa-registrabile-silens-50x120","title":{"rendered":"GYPSOTECH<sup>\u00ae<\/sup> JUSTIERBARER DIREKTABH\u00c4NGER SILENS 50&#215;120"},"content":{"rendered":"","protected":false},"featured_media":0,"template":"","class_list":["post-3498002","product","type-product","status-publish","hentry"],"acf":[],"fimg":{"url":"https:\/\/www.fassabortolo.it\/wp-content\/uploads\/media\/assets\/GYPSOTECH_STAFFA_REGISTRABILE_SILENS_50X120.jpg","alt":"GYPSOTECH<sup>\u00ae<\/sup> JUSTIERBARER DIREKTABH\u00c4NGER SILENS 50&#215;120"},"product_description":["GYPSOTECH<sup>\u00ae<\/sup> JUSTIERBARER DIREKTABH\u00c4NGER SILENS 50x120"],"ekr_hierarchy_settings":{"it":{"FASSA_LINEA_ACCESSORI_SISTEMA_GYPSOTECH":{"ekr_position":20}},"lu":{"FASSA_LINEA_ACCESSORI_SISTEMA_GYPSOTECH":{"ekr_position":6}}},"lang":{"language_code":"de","locale":"de_DE","text_direction":false,"display_name":"Deutsch","native_name":"Tedesco","different_language":false},"systems":[{"id":3497518,"name":"GYPSOTECH\u00ae-System","permalink":"https:\/\/www.fassabortolo.it\/de\/produkte\/sistema-gypsotech\/","slug":"sistema-gypsotech","ekr_pallet_code":"FASSA_SISTEMA_GYPSOTECH"}],"product_pallet_code":"PROD_GYPSOTECH_STAFFA_REGISTRABILE_SILENS_50_120","lines":[{"id":3497439,"name":"ZUBEH\u00d6RTEILE","permalink":"https:\/\/www.fassabortolo.it\/de\/produkte\/\/zubehorteile\/","slug":"zubehorteile","system_codes":["FASSA_SISTEMA_GYPSOTECH"],"ekr_pallet_code":"FASSA_LINEA_ACCESSORI_SISTEMA_GYPSOTECH"}],"use":["Das Produkt wird aus verzinktem Stahlblech hergestellt, es dient bei der Anfertigung von Wandbeplankungen zur Befestigung und als Distanzst\u00fcck zwischen Trockenbauprofilen und tragender Wand.","Der Abstand zwischen Profilrand und Wand betr\u00e4gt zwischen 30 und 120 mm.","Durch das Gummielement wird eine mechanische Trennung zwischen den Bauteilen erzielt, dementsprechend wird die schalld\u00e4mmende Wirkung gesteigert."],"supply":null,"attributes":{"Attributes_1":{"VORSATZSCHALEN":"Vorsatzschalen","F\u00dcR AKUSTISCHE L\u00d6SUNGE":"F\u00fcr akustische L\u00f6sunge","F\u00dcR ERDBEBENSICHERE L\u00d6SUNGEN":"F\u00fcr erdbebensichere L\u00f6sungen"},"Attributes_2":{"INNENBEREICH":"Innenbereich"}},"___attributes":{"FASSA":{"FASSA_SISTEMA_GYPSOTECH":{"Attributes_1":["Vorsatzschalen","F\u00fcr akustische L\u00f6sunge","F\u00fcr erdbebensichere L\u00f6sungen"],"Attributes_2":["Innenbereich"]}}},"elastic_market_index":"it","structured_data":{"@context":"https:\/\/schema.org","@type":"Product","name":"GYPSOTECH<sup>\u00ae<\/sup> JUSTIERBARER DIREKTABH\u00c4NGER SILENS 50&#215;120","description":["GYPSOTECH<sup>\u00ae<\/sup> JUSTIERBARER DIREKTABH\u00c4NGER SILENS 50x120"],"url":"https:\/\/www.fassabortolo.it\/de\/produkte\/sistema-gypsotech\/zubehorteile\/gypsotech-staffa-registrabile-silens-50x120","identifier":"PROD_GYPSOTECH_STAFFA_REGISTRABILE_SILENS_50_120","sku":"PROD_GYPSOTECH_STAFFA_REGISTRABILE_SILENS_50_120","image":"https:\/\/www.fassabortolo.it\/wp-content\/uploads\/media\/assets\/GYPSOTECH_STAFFA_REGISTRABILE_SILENS_50X120.jpg","brand":{"@type":"Brand","name":"Fassa Bortolo"},"manufacturer":{"@type":"Organization","name":"Fassa Bortolo","url":"https:\/\/www.fassabortolo.it"},"additionalProperty":[{"@type":"PropertyValue","name":"Use Case 1","value":"Das Produkt wird aus verzinktem Stahlblech hergestellt, es dient bei der Anfertigung von Wandbeplankungen zur Befestigung und als Distanzst\u00fcck zwischen Trockenbauprofilen und tragender Wand."},{"@type":"PropertyValue","name":"Use Case 2","value":"Der Abstand zwischen Profilrand und Wand betr\u00e4gt zwischen 30 und 120 mm."},{"@type":"PropertyValue","name":"Use Case 3","value":"Durch das Gummielement wird eine mechanische Trennung zwischen den Bauteilen erzielt, dementsprechend wird die schalld\u00e4mmende Wirkung gesteigert."},{"@type":"PropertyValue","name":"Attributes_1","value":"Vorsatzschalen"},{"@type":"PropertyValue","name":"Attributes_1","value":"F\u00fcr akustische L\u00f6sunge"},{"@type":"PropertyValue","name":"Attributes_1","value":"F\u00fcr erdbebensichere L\u00f6sungen"},{"@type":"PropertyValue","name":"Attributes_2","value":"Innenbereich"}],"category":[{"@type":"ProductCollection","name":"ZUBEH\u00d6RTEILE","identifier":"FASSA_LINEA_ACCESSORI_SISTEMA_GYPSOTECH"},{"@type":"Collection","name":"GYPSOTECH\u00ae-System","identifier":"FASSA_SISTEMA_GYPSOTECH"}],"inLanguage":"de"},"_links":{"self":[{"href":"https:\/\/www.fassabortolo.it\/de\/wp-json\/wp\/v2\/product\/3498002","targetHints":{"allow":["GET"]}}],"collection":[{"href":"https:\/\/www.fassabortolo.it\/de\/wp-json\/wp\/v2\/product"}],"about":[{"href":"https:\/\/www.fassabortolo.it\/de\/wp-json\/wp\/v2\/types\/product"}],"wp:attachment":[{"href":"https:\/\/www.fassabortolo.it\/de\/wp-json\/wp\/v2\/media?parent=3498002"}],"curies":[{"name":"wp","href":"https:\/\/api.w.org\/{rel}","templated":true}]}}