{"id":3498007,"date":"2026-01-20T15:08:57","date_gmt":"2026-01-20T14:08:57","guid":{"rendered":"http:\/\/10.6.201.155\/?post_type=product&#038;p=51953"},"modified":"2026-05-15T01:26:44","modified_gmt":"2026-05-14T23:26:44","slug":"gypsotech-tondino-piega-a-u","status":"publish","type":"product","link":"https:\/\/www.fassabortolo.it\/de\/produkte\/sistema-gypsotech\/zubehorteile\/gypsotech-tondino-piega-a-u","title":{"rendered":"GYPSOTECH<sup>\u00ae<\/sup> ABH\u00c4NGEDRAHT U-BIEGUNG"},"content":{"rendered":"","protected":false},"featured_media":0,"template":"","class_list":["post-3498007","product","type-product","status-publish","hentry"],"acf":[],"fimg":{"url":"https:\/\/www.fassabortolo.it\/wp-content\/uploads\/media\/assets\/GYPSOTECH_TONDINO_PIEGA_A_U.jpg","alt":"GYPSOTECH<sup>\u00ae<\/sup> ABH\u00c4NGEDRAHT U-BIEGUNG"},"product_description":["GYPSOTECH<sup>\u00ae<\/sup> ABH\u00c4NGEDRAHT U-BIEGUNG"],"ekr_hierarchy_settings":{"it":{"FASSA_LINEA_ACCESSORI_SISTEMA_GYPSOTECH":{"ekr_position":24}},"ch":{"FASSA_LINEA_ACCESSORI_SISTEMA_GYPSOTECH":{"ekr_position":2}},"lu":{"FASSA_LINEA_ACCESSORI_SISTEMA_GYPSOTECH":{"ekr_position":2}}},"lang":{"language_code":"de","locale":"de_DE","text_direction":false,"display_name":"Deutsch","native_name":"Tedesco","different_language":false},"systems":[{"id":3497518,"name":"GYPSOTECH\u00ae-System","permalink":"https:\/\/www.fassabortolo.it\/de\/produkte\/sistema-gypsotech\/","slug":"sistema-gypsotech","ekr_pallet_code":"FASSA_SISTEMA_GYPSOTECH"}],"product_pallet_code":"PROD_GYPSOTECH_TONDINO_PIEGA_A_U","lines":[{"id":3497439,"name":"ZUBEH\u00d6RTEILE","permalink":"https:\/\/www.fassabortolo.it\/de\/produkte\/\/zubehorteile\/","slug":"zubehorteile","system_codes":["FASSA_SISTEMA_GYPSOTECH"],"ekr_pallet_code":"FASSA_LINEA_ACCESSORI_SISTEMA_GYPSOTECH"}],"use":["Das Produkt wird aus verzinktem Stahldraht gem\u00e4\u00df der Norm EN 10025 hergestellt, es dient bei der Anfertigung von Deckenabh\u00e4ngungen als Verbindungsst\u00fcck zwischen den Profil-Abh\u00e4ngern mit Spannfeder und der tragenden Decke.","U-f\u00f6rmige \u00d6se, Abstand 15 mm."],"supply":null,"attributes":{"Attributes_1":{"DECKENABH\u00c4NGUNGEN":"Deckenabh\u00e4ngungen"},"Attributes_2":{"INNENBEREICH":"Innenbereich"}},"___attributes":{"FASSA":{"FASSA_SISTEMA_GYPSOTECH":{"Attributes_1":["Deckenabh\u00e4ngungen"],"Attributes_2":["Innenbereich"]}}},"elastic_market_index":"it","structured_data":{"@context":"https:\/\/schema.org","@type":"Product","name":"GYPSOTECH<sup>\u00ae<\/sup> ABH\u00c4NGEDRAHT U-BIEGUNG","description":["GYPSOTECH<sup>\u00ae<\/sup> ABH\u00c4NGEDRAHT U-BIEGUNG"],"url":"https:\/\/www.fassabortolo.it\/de\/produkte\/sistema-gypsotech\/zubehorteile\/gypsotech-tondino-piega-a-u","identifier":"PROD_GYPSOTECH_TONDINO_PIEGA_A_U","sku":"PROD_GYPSOTECH_TONDINO_PIEGA_A_U","image":"https:\/\/www.fassabortolo.it\/wp-content\/uploads\/media\/assets\/GYPSOTECH_TONDINO_PIEGA_A_U.jpg","brand":{"@type":"Brand","name":"Fassa Bortolo"},"manufacturer":{"@type":"Organization","name":"Fassa Bortolo","url":"https:\/\/www.fassabortolo.it"},"additionalProperty":[{"@type":"PropertyValue","name":"Use Case 1","value":"Das Produkt wird aus verzinktem Stahldraht gem\u00e4\u00df der Norm EN 10025 hergestellt, es dient bei der Anfertigung von Deckenabh\u00e4ngungen als Verbindungsst\u00fcck zwischen den Profil-Abh\u00e4ngern mit Spannfeder und der tragenden Decke."},{"@type":"PropertyValue","name":"Use Case 2","value":"U-f\u00f6rmige \u00d6se, Abstand 15 mm."},{"@type":"PropertyValue","name":"Attributes_1","value":"Deckenabh\u00e4ngungen"},{"@type":"PropertyValue","name":"Attributes_2","value":"Innenbereich"}],"category":[{"@type":"ProductCollection","name":"ZUBEH\u00d6RTEILE","identifier":"FASSA_LINEA_ACCESSORI_SISTEMA_GYPSOTECH"},{"@type":"Collection","name":"GYPSOTECH\u00ae-System","identifier":"FASSA_SISTEMA_GYPSOTECH"}],"inLanguage":"de"},"_links":{"self":[{"href":"https:\/\/www.fassabortolo.it\/de\/wp-json\/wp\/v2\/product\/3498007","targetHints":{"allow":["GET"]}}],"collection":[{"href":"https:\/\/www.fassabortolo.it\/de\/wp-json\/wp\/v2\/product"}],"about":[{"href":"https:\/\/www.fassabortolo.it\/de\/wp-json\/wp\/v2\/types\/product"}],"wp:attachment":[{"href":"https:\/\/www.fassabortolo.it\/de\/wp-json\/wp\/v2\/media?parent=3498007"}],"curies":[{"name":"wp","href":"https:\/\/api.w.org\/{rel}","templated":true}]}}