{"id":3498013,"date":"2026-01-20T15:09:00","date_gmt":"2026-01-20T14:09:00","guid":{"rendered":"http:\/\/10.6.201.155\/?post_type=product&#038;p=51979"},"modified":"2026-05-15T01:27:10","modified_gmt":"2026-05-14T23:27:10","slug":"gypsotech-vapor","status":"publish","type":"product","link":"https:\/\/www.fassabortolo.it\/de\/produkte\/sistema-gypsotech\/bauplatten\/gypsotech-vapor","title":{"rendered":"GYPSOTECH\u00ae VAPOR"},"content":{"rendered":"","protected":false},"featured_media":0,"template":"","class_list":["post-3498013","product","type-product","status-publish","hentry"],"acf":[],"fimg":{"url":"https:\/\/www.fassabortolo.it\/wp-content\/uploads\/media\/assets\/GYPSOTECH_VAPOR.jpg","alt":"GYPSOTECH\u00ae VAPOR"},"product_description":["Gipskartonplatte"],"ekr_hierarchy_settings":{"it":{"FASSA_LINEA_LASTRE_SISTEMA_GYPSOTECH":{"ekr_position":12}},"ch":{"FASSA_LINEA_LASTRE_SISTEMA_GYPSOTECH":{"ekr_position":1}},"es":{"FASSAES_LINEA_LASTRE_SISTEMA_GYPSOTECH":{"ekr_position":1}},"lu":{"FASSA_LINEA_LASTRE_SISTEMA_GYPSOTECH":{"ekr_position":1}}},"lang":{"language_code":"de","locale":"de_DE","text_direction":false,"display_name":"Deutsch","native_name":"Tedesco","different_language":false},"systems":[{"id":3497518,"name":"GYPSOTECH\u00ae-System","permalink":"https:\/\/www.fassabortolo.it\/de\/produkte\/sistema-gypsotech\/","slug":"sistema-gypsotech","ekr_pallet_code":"FASSA_SISTEMA_GYPSOTECH"}],"product_pallet_code":"PROD_GYPSOTECH_VAPOR","lines":[{"id":3497457,"name":"BAUPLATTEN","permalink":"https:\/\/www.fassabortolo.it\/de\/produkte\/\/bauplatten\/","slug":"bauplatten","system_codes":["FASSA_SISTEMA_GYPSOTECH"],"ekr_pallet_code":"FASSA_LINEA_LASTRE_SISTEMA_GYPSOTECH"}],"use":["Platte (Typ A gem\u00e4\u00df EN 520) auf deren R\u00fcckseite eine Aluminiumfolie mit eine Schichtst\u00e4rke von 15 \u03bcm als Dampfsperre verklebt wurde; dies um zu verhindern, dass die Platte durch eventuelle Kondensation der sich in der Luft befindlichen Feuchtigkeit auf derselben langfristig Schaden nimmt.","Verwendbar f\u00fcr die Anfertigung von Wandfl\u00e4chen, Vorsatzschalen und Deckenabh\u00e4ngungen.","F\u00fcr die korrekte Anwendung empfiehlt sich immer die Zurateziehung des Technischen Handbuchs."],"supply":null,"attributes":{"Attributes_1":{"SPEZIELLE":"Spezielle","STANDARD":"Standard"},"Attributes_2":{"INNENBEREICH":"Innenbereich"}},"___attributes":{"FASSAES":{"FASSA_SISTEMA_GYPSOTECH":{"Attributes_1":["Standard","Spezielle"],"Attributes_2":["Innenbereich"]}},"FASSA":{"FASSA_SISTEMA_GYPSOTECH":{"Attributes_1":["Spezielle","Standard"],"Attributes_2":["Innenbereich"]}}},"elastic_market_index":"it","structured_data":{"@context":"https:\/\/schema.org","@type":"Product","name":"GYPSOTECH\u00ae VAPOR","description":["Gipskartonplatte"],"url":"https:\/\/www.fassabortolo.it\/de\/produkte\/sistema-gypsotech\/bauplatten\/gypsotech-vapor","identifier":"PROD_GYPSOTECH_VAPOR","sku":"PROD_GYPSOTECH_VAPOR","image":"https:\/\/www.fassabortolo.it\/wp-content\/uploads\/media\/assets\/GYPSOTECH_VAPOR.jpg","brand":{"@type":"Brand","name":"Fassa Bortolo"},"manufacturer":{"@type":"Organization","name":"Fassa Bortolo","url":"https:\/\/www.fassabortolo.it"},"additionalProperty":[{"@type":"PropertyValue","name":"Use Case 1","value":"Platte (Typ A gem\u00e4\u00df EN 520) auf deren R\u00fcckseite eine Aluminiumfolie mit eine Schichtst\u00e4rke von 15 \u03bcm als Dampfsperre verklebt wurde; dies um zu verhindern, dass die Platte durch eventuelle Kondensation der sich in der Luft befindlichen Feuchtigkeit auf derselben langfristig Schaden nimmt."},{"@type":"PropertyValue","name":"Use Case 2","value":"Verwendbar f\u00fcr die Anfertigung von Wandfl\u00e4chen, Vorsatzschalen und Deckenabh\u00e4ngungen."},{"@type":"PropertyValue","name":"Use Case 3","value":"F\u00fcr die korrekte Anwendung empfiehlt sich immer die Zurateziehung des Technischen Handbuchs."},{"@type":"PropertyValue","name":"Attributes_1","value":"Spezielle"},{"@type":"PropertyValue","name":"Attributes_1","value":"Standard"},{"@type":"PropertyValue","name":"Attributes_2","value":"Innenbereich"}],"category":[{"@type":"ProductCollection","name":"BAUPLATTEN","identifier":"FASSA_LINEA_LASTRE_SISTEMA_GYPSOTECH"},{"@type":"Collection","name":"GYPSOTECH\u00ae-System","identifier":"FASSA_SISTEMA_GYPSOTECH"}],"inLanguage":"de"},"_links":{"self":[{"href":"https:\/\/www.fassabortolo.it\/de\/wp-json\/wp\/v2\/product\/3498013","targetHints":{"allow":["GET"]}}],"collection":[{"href":"https:\/\/www.fassabortolo.it\/de\/wp-json\/wp\/v2\/product"}],"about":[{"href":"https:\/\/www.fassabortolo.it\/de\/wp-json\/wp\/v2\/types\/product"}],"wp:attachment":[{"href":"https:\/\/www.fassabortolo.it\/de\/wp-json\/wp\/v2\/media?parent=3498013"}],"curies":[{"name":"wp","href":"https:\/\/api.w.org\/{rel}","templated":true}]}}