{"id":3498027,"date":"2026-01-20T15:09:26","date_gmt":"2026-01-20T14:09:26","guid":{"rendered":"http:\/\/10.6.201.155\/?post_type=product&#038;p=52032"},"modified":"2026-05-15T01:27:58","modified_gmt":"2026-05-14T23:27:58","slug":"kc-1","status":"publish","type":"product","link":"https:\/\/www.fassabortolo.it\/de\/produkte\/verputz-und-bausystem\/traditionelle-produkte\/kc-1","title":{"rendered":"KC 1"},"content":{"rendered":"","protected":false},"featured_media":0,"template":"","class_list":["post-3498027","product","type-product","status-publish","hentry"],"acf":[],"fimg":{"url":"https:\/\/www.fassabortolo.it\/wp-content\/uploads\/media\/assets\/KC_1.jpg","alt":"KC 1"},"product_description":["Grundputz auf Kalk-Zementbasis, f\u00fcr au\u00dfen und innen"],"ekr_hierarchy_settings":{"it":{"FASSA_LINEA_PRODOTTI_TRADIZIONALI_SISTEMA_INTONACATURA":{"ekr_position":10}},"lu":{"FASSA_LINEA_PRODOTTI_TRADIZIONALI_SISTEMA_INTONACATURA":{"ekr_position":14}}},"lang":{"language_code":"de","locale":"de_DE","text_direction":false,"display_name":"Deutsch","native_name":"Tedesco","different_language":false},"systems":[{"id":3497520,"name":"VERPUTZ- UND BAUSYSTEM","permalink":"https:\/\/www.fassabortolo.it\/de\/produkte\/verputz-und-bausystem\/","slug":"verputz-und-bausystem","ekr_pallet_code":"FASSA_SISTEMA_INTONACATURA_E_COSTRUZIONE"}],"product_pallet_code":"PROD_KC_1","lines":[{"id":3497483,"name":"TRADITIONELLE PRODUKTE","permalink":"https:\/\/www.fassabortolo.it\/de\/produkte\/\/traditionelle-produkte\/","slug":"traditionelle-produkte","system_codes":["FASSA_SISTEMA_INTONACATURA_E_COSTRUZIONE"],"ekr_pallet_code":"FASSA_LINEA_PRODOTTI_TRADIZIONALI_SISTEMA_INTONACATURA"}],"use":["KC 1 &nbsp; wird als Grundputz auf Ziegelmauerwerk, auf Fertigbetonbl\u00f6cken und auf Rohbeton usw. verwendet. &nbsp; Bei besonderen Untergr\u00fcnden sind die jeweiligen Herstelleranleitungen zu beachten."],"supply":["Lose im Silo","In feuchtigkeitsgesch\u00fctzten Spezials\u00e4cken zu ca. 25 kg"],"attributes":{"Attributes_1":{"GRUNDPUTZE":"Grundputze"},"Attributes_2":{"AUSSENBEREICH":"Au\u00dfenbereich","INNENBEREICH":"Innenbereich"}},"___attributes":{"FASSA":{"FASSA_SISTEMA_INTONACATURA_E_COSTRUZIONE":{"Attributes_1":["Grundputze"],"Attributes_2":["Au\u00dfenbereich","Innenbereich"]}}},"elastic_market_index":"it","structured_data":{"@context":"https:\/\/schema.org","@type":"Product","name":"KC 1","description":["Grundputz auf Kalk-Zementbasis, f\u00fcr au\u00dfen und innen"],"url":"https:\/\/www.fassabortolo.it\/de\/produkte\/verputz-und-bausystem\/traditionelle-produkte\/kc-1","identifier":"PROD_KC_1","sku":"PROD_KC_1","image":"https:\/\/www.fassabortolo.it\/wp-content\/uploads\/media\/assets\/KC_1.jpg","brand":{"@type":"Brand","name":"Fassa Bortolo"},"manufacturer":{"@type":"Organization","name":"Fassa Bortolo","url":"https:\/\/www.fassabortolo.it"},"additionalProperty":[{"@type":"PropertyValue","name":"Use Case 1","value":"KC 1 &nbsp; wird als Grundputz auf Ziegelmauerwerk, auf Fertigbetonbl\u00f6cken und auf Rohbeton usw. verwendet. &nbsp; Bei besonderen Untergr\u00fcnden sind die jeweiligen Herstelleranleitungen zu beachten."},{"@type":"PropertyValue","name":"Supply Information","value":"Lose im Silo"},{"@type":"PropertyValue","name":"Supply Information","value":"In feuchtigkeitsgesch\u00fctzten Spezials\u00e4cken zu ca. 25 kg"},{"@type":"PropertyValue","name":"Attributes_1","value":"Grundputze"},{"@type":"PropertyValue","name":"Attributes_2","value":"Au\u00dfenbereich"},{"@type":"PropertyValue","name":"Attributes_2","value":"Innenbereich"}],"category":[{"@type":"ProductCollection","name":"TRADITIONELLE PRODUKTE","identifier":"FASSA_LINEA_PRODOTTI_TRADIZIONALI_SISTEMA_INTONACATURA"},{"@type":"Collection","name":"VERPUTZ- UND BAUSYSTEM","identifier":"FASSA_SISTEMA_INTONACATURA_E_COSTRUZIONE"}],"inLanguage":"de"},"_links":{"self":[{"href":"https:\/\/www.fassabortolo.it\/de\/wp-json\/wp\/v2\/product\/3498027","targetHints":{"allow":["GET"]}}],"collection":[{"href":"https:\/\/www.fassabortolo.it\/de\/wp-json\/wp\/v2\/product"}],"about":[{"href":"https:\/\/www.fassabortolo.it\/de\/wp-json\/wp\/v2\/types\/product"}],"wp:attachment":[{"href":"https:\/\/www.fassabortolo.it\/de\/wp-json\/wp\/v2\/media?parent=3498027"}],"curies":[{"name":"wp","href":"https:\/\/api.w.org\/{rel}","templated":true}]}}