{"id":3498034,"date":"2026-01-20T15:09:39","date_gmt":"2026-01-20T14:09:39","guid":{"rendered":"http:\/\/10.6.201.155\/?post_type=product&#038;p=52060"},"modified":"2026-05-15T01:28:09","modified_gmt":"2026-05-14T23:28:09","slug":"korinthos-primer","status":"publish","type":"product","link":"https:\/\/www.fassabortolo.it\/de\/produkte\/sistema-fassacolour\/protezione-passiva-dal-fuoco\/korinthos-primer","title":{"rendered":"KORINTHOS PRIMER"},"content":{"rendered":"","protected":false},"featured_media":0,"template":"","class_list":["post-3498034","product","type-product","status-publish","hentry"],"acf":[],"fimg":{"url":"https:\/\/www.fassabortolo.it\/wp-content\/uploads\/media\/assets\/IMPA_0717_KORINTHOS_PRIMER.jpg","alt":"KORINTHOS PRIMER"},"product_description":["Wasserverd\u00fcnnbare Universalgrundierung als Rostschutz"],"ekr_hierarchy_settings":{"it":{"FASSA_LINEA_PROTEZIONE_PASSIVA_DAL_FUOCO_SISTEMA_COLORE":{"ekr_position":3}},"ch":{"FASSA_LINEA_PROTEZIONE_PASSIVA_DAL_FUOCO_SISTEMA_COLORE":{"ekr_position":5}},"lu":{"FASSA_LINEA_PROTEZIONE_PASSIVA_DAL_FUOCO_SISTEMA_COLORE":{"ekr_position":5}}},"lang":{"language_code":"de","locale":"de_DE","text_direction":false,"display_name":"Deutsch","native_name":"Tedesco","different_language":false},"systems":[{"id":3497509,"name":"FASSACOLOUR\u00ae-System","permalink":"https:\/\/www.fassabortolo.it\/de\/produkte\/sistema-fassacolour\/","slug":"sistema-fassacolour","ekr_pallet_code":"FASSA_SISTEMA_COLORE_FASSACOLOUR"}],"product_pallet_code":"PROD_KORINTHOS_PRIMER","lines":[{"id":3498561,"name":"PROTEZIONE PASSIVA DAL FUOCO","permalink":"https:\/\/www.fassabortolo.it\/de\/produkte\/\/protezione-passiva-dal-fuoco\/","slug":"protezione-passiva-dal-fuoco","system_codes":["FASSA_SISTEMA_COLORE_FASSACOLOUR"],"ekr_pallet_code":"FASSA_LINEA_PROTEZIONE_PASSIVA_DAL_FUOCO_SISTEMA_COLORE"}],"use":["Rostschutzmittel auf Wasserbasis, formuliert mit Kunstharzen in w\u00e4ssriger Dispersion, gekennzeichnet durch schnelle Trocknung und gute Haftung auf Eisen, verzinktem Blech, Aluminium, ABS und PVC.","Gew\u00e4hrleistet dank der Verwendung besonderer Pigmente, die auf Eisenoberfl\u00e4chen passivierend wirken und somit einen guten Korrosionsschutz bieten.","Es ist f\u00fcr industrielle Lackieranstriche geeignet (Schwei\u00dfarbeiten, Eisengeb\u00e4ude, Landmaschinen usw.), wo eine geringe Emission von L\u00f6sungsmitteln erforderlich ist.","Nicht geeignet f\u00fcr Anwendungen auf Untergr\u00fcnden aus Gusseisen."],"supply":["Abpackung zu 2,5 und 18 l","Farbt\u00f6ne: grau"],"attributes":{"Attributes_1":{"FONDO BIANCO PIGMENTATO":"Fondo bianco pigmentato"},"Attributes_2":{"AUSSENBEREICH":"Au\u00dfenbereich","INNENBEREICH":"Innenbereich"}},"___attributes":{"FASSA":{"FASSA_SISTEMA_COLORE_FASSACOLOUR":{"Attributes_1":["Fondo bianco pigmentato"],"Attributes_2":["Au\u00dfenbereich","Innenbereich"]}}},"elastic_market_index":"it","structured_data":{"@context":"https:\/\/schema.org","@type":"Product","name":"KORINTHOS PRIMER","description":["Wasserverd\u00fcnnbare Universalgrundierung als Rostschutz"],"url":"https:\/\/www.fassabortolo.it\/de\/produkte\/sistema-fassacolour\/protezione-passiva-dal-fuoco\/korinthos-primer","identifier":"PROD_KORINTHOS_PRIMER","sku":"PROD_KORINTHOS_PRIMER","image":"https:\/\/www.fassabortolo.it\/wp-content\/uploads\/media\/assets\/IMPA_0717_KORINTHOS_PRIMER.jpg","brand":{"@type":"Brand","name":"Fassa Bortolo"},"manufacturer":{"@type":"Organization","name":"Fassa Bortolo","url":"https:\/\/www.fassabortolo.it"},"additionalProperty":[{"@type":"PropertyValue","name":"Use Case 1","value":"Rostschutzmittel auf Wasserbasis, formuliert mit Kunstharzen in w\u00e4ssriger Dispersion, gekennzeichnet durch schnelle Trocknung und gute Haftung auf Eisen, verzinktem Blech, Aluminium, ABS und PVC."},{"@type":"PropertyValue","name":"Use Case 2","value":"Gew\u00e4hrleistet dank der Verwendung besonderer Pigmente, die auf Eisenoberfl\u00e4chen passivierend wirken und somit einen guten Korrosionsschutz bieten."},{"@type":"PropertyValue","name":"Use Case 3","value":"Es ist f\u00fcr industrielle Lackieranstriche geeignet (Schwei\u00dfarbeiten, Eisengeb\u00e4ude, Landmaschinen usw.), wo eine geringe Emission von L\u00f6sungsmitteln erforderlich ist."},{"@type":"PropertyValue","name":"Use Case 4","value":"Nicht geeignet f\u00fcr Anwendungen auf Untergr\u00fcnden aus Gusseisen."},{"@type":"PropertyValue","name":"Supply Information","value":"Abpackung zu 2,5 und 18 l"},{"@type":"PropertyValue","name":"Supply Information","value":"Farbt\u00f6ne: grau"},{"@type":"PropertyValue","name":"Attributes_1","value":"Fondo bianco pigmentato"},{"@type":"PropertyValue","name":"Attributes_2","value":"Au\u00dfenbereich"},{"@type":"PropertyValue","name":"Attributes_2","value":"Innenbereich"}],"category":[{"@type":"ProductCollection","name":"PROTEZIONE PASSIVA DAL FUOCO","identifier":"FASSA_LINEA_PROTEZIONE_PASSIVA_DAL_FUOCO_SISTEMA_COLORE"},{"@type":"Collection","name":"FASSACOLOUR\u00ae-System","identifier":"FASSA_SISTEMA_COLORE_FASSACOLOUR"}],"inLanguage":"de"},"_links":{"self":[{"href":"https:\/\/www.fassabortolo.it\/de\/wp-json\/wp\/v2\/product\/3498034","targetHints":{"allow":["GET"]}}],"collection":[{"href":"https:\/\/www.fassabortolo.it\/de\/wp-json\/wp\/v2\/product"}],"about":[{"href":"https:\/\/www.fassabortolo.it\/de\/wp-json\/wp\/v2\/types\/product"}],"wp:attachment":[{"href":"https:\/\/www.fassabortolo.it\/de\/wp-json\/wp\/v2\/media?parent=3498034"}],"curies":[{"name":"wp","href":"https:\/\/api.w.org\/{rel}","templated":true}]}}