{"id":3498041,"date":"2026-01-20T15:09:37","date_gmt":"2026-01-20T14:09:37","guid":{"rendered":"http:\/\/10.6.201.155\/?post_type=product&#038;p=52086"},"modified":"2026-05-15T01:28:06","modified_gmt":"2026-05-14T23:28:06","slug":"kr-100","status":"publish","type":"product","link":"https:\/\/www.fassabortolo.it\/de\/produkte\/verputz-und-bausystem\/produkte-mit-hoher-mechanischer-bestandigkeit\/kr-100","title":{"rendered":"KR 100"},"content":{"rendered":"","protected":false},"featured_media":0,"template":"","class_list":["post-3498041","product","type-product","status-publish","hentry"],"acf":[],"fimg":{"url":"https:\/\/www.fassabortolo.it\/wp-content\/uploads\/media\/assets\/KR_100.jpg","alt":"KR 100"},"product_description":["Grundputz auf Zement-Kalkbasis, mit hohen mechanischen Festigkeiten, f\u00fcr au\u00dfen und innen"],"ekr_hierarchy_settings":{"it":{"FASSA_LINEA_PRODOTTI_AD_ALTA_RESISTENZA_MECCANICA_SISTEMA_INTONACATURA":{"ekr_position":0}},"ch":{"FASSA_LINEA_PRODOTTI_AD_ALTA_RESISTENZA_MECCANICA_SISTEMA_INTONACATURA":{"ekr_position":0}},"es":{"FASSAES_LINEA_PRODOTTI_AD_ALTA_RESISTENZA_MECCANICA_SISTEMA_INTONACATURA":{"ekr_position":0}},"lu":{"FASSA_LINEA_PRODOTTI_AD_ALTA_RESISTENZA_MECCANICA_SISTEMA_INTONACATURA":{"ekr_position":0}}},"lang":{"language_code":"de","locale":"de_DE","text_direction":false,"display_name":"Deutsch","native_name":"Tedesco","different_language":false},"systems":[{"id":3497520,"name":"VERPUTZ- UND BAUSYSTEM","permalink":"https:\/\/www.fassabortolo.it\/de\/produkte\/verputz-und-bausystem\/","slug":"verputz-und-bausystem","ekr_pallet_code":"FASSA_SISTEMA_INTONACATURA_E_COSTRUZIONE"}],"product_pallet_code":"PROD_KR_100","lines":[{"id":3497477,"name":"PRODUKTE MIT HOHER MECHANISCHER BEST\u00c4NDIGKEIT","permalink":"https:\/\/www.fassabortolo.it\/de\/produkte\/\/produkte-mit-hoher-mechanischer-bestandigkeit\/","slug":"produkte-mit-hoher-mechanischer-bestandigkeit","system_codes":["FASSA_SISTEMA_INTONACATURA_E_COSTRUZIONE"],"ekr_pallet_code":"FASSA_LINEA_PRODOTTI_AD_ALTA_RESISTENZA_MECCANICA_SISTEMA_INTONACATURA"}],"use":["KR 100 wird verwendet als Grundputz auf Ziegelmauerwerken, Fertigbetonbl\u00f6cken, Rohbeton usw. wo hohe mechanische Festigkeitswerte erforderlich sind, so z.B. beim Verkleben im Au\u00dfenbereich von keramischen Wandbel\u00e4gen, Natursteinplatten, Klinker usw.."],"supply":["Lose im Silo","In feuchtigkeitsgesch\u00fctzten Spezials\u00e4cken zu ca. 25 kg","Je nach Bestimmungsland k\u00f6nnten einige Verkaufsformate nicht erh\u00e4ltlich sein"],"attributes":{"Attributes_1":{"GRUNDPUTZE":"Grundputze"},"Attributes_2":{"AUSSENBEREICH":"Au\u00dfenbereich","INNENBEREICH":"Innenbereich"}},"___attributes":{"FASSAES":{"FASSA_SISTEMA_INTONACATURA_E_COSTRUZIONE":{"Attributes_1":["Grundputze"],"Attributes_2":["Au\u00dfenbereich","Innenbereich"]}},"FASSA":{"FASSA_SISTEMA_INTONACATURA_E_COSTRUZIONE":{"Attributes_1":["Grundputze"],"Attributes_2":["Au\u00dfenbereich","Innenbereich"]}}},"elastic_market_index":"it","structured_data":{"@context":"https:\/\/schema.org","@type":"Product","name":"KR 100","description":["Grundputz auf Zement-Kalkbasis, mit hohen mechanischen Festigkeiten, f\u00fcr au\u00dfen und innen"],"url":"https:\/\/www.fassabortolo.it\/de\/produkte\/verputz-und-bausystem\/produkte-mit-hoher-mechanischer-bestandigkeit\/kr-100","identifier":"PROD_KR_100","sku":"PROD_KR_100","image":"https:\/\/www.fassabortolo.it\/wp-content\/uploads\/media\/assets\/KR_100.jpg","brand":{"@type":"Brand","name":"Fassa Bortolo"},"manufacturer":{"@type":"Organization","name":"Fassa Bortolo","url":"https:\/\/www.fassabortolo.it"},"additionalProperty":[{"@type":"PropertyValue","name":"Use Case 1","value":"KR 100 wird verwendet als Grundputz auf Ziegelmauerwerken, Fertigbetonbl\u00f6cken, Rohbeton usw. wo hohe mechanische Festigkeitswerte erforderlich sind, so z.B. beim Verkleben im Au\u00dfenbereich von keramischen Wandbel\u00e4gen, Natursteinplatten, Klinker usw.."},{"@type":"PropertyValue","name":"Supply Information","value":"Lose im Silo"},{"@type":"PropertyValue","name":"Supply Information","value":"In feuchtigkeitsgesch\u00fctzten Spezials\u00e4cken zu ca. 25 kg"},{"@type":"PropertyValue","name":"Supply Information","value":"Je nach Bestimmungsland k\u00f6nnten einige Verkaufsformate nicht erh\u00e4ltlich sein"},{"@type":"PropertyValue","name":"Attributes_1","value":"Grundputze"},{"@type":"PropertyValue","name":"Attributes_2","value":"Au\u00dfenbereich"},{"@type":"PropertyValue","name":"Attributes_2","value":"Innenbereich"}],"category":[{"@type":"ProductCollection","name":"PRODUKTE MIT HOHER MECHANISCHER BEST\u00c4NDIGKEIT","identifier":"FASSA_LINEA_PRODOTTI_AD_ALTA_RESISTENZA_MECCANICA_SISTEMA_INTONACATURA"},{"@type":"Collection","name":"VERPUTZ- UND BAUSYSTEM","identifier":"FASSA_SISTEMA_INTONACATURA_E_COSTRUZIONE"}],"inLanguage":"de"},"_links":{"self":[{"href":"https:\/\/www.fassabortolo.it\/de\/wp-json\/wp\/v2\/product\/3498041","targetHints":{"allow":["GET"]}}],"collection":[{"href":"https:\/\/www.fassabortolo.it\/de\/wp-json\/wp\/v2\/product"}],"about":[{"href":"https:\/\/www.fassabortolo.it\/de\/wp-json\/wp\/v2\/types\/product"}],"wp:attachment":[{"href":"https:\/\/www.fassabortolo.it\/de\/wp-json\/wp\/v2\/media?parent=3498041"}],"curies":[{"name":"wp","href":"https:\/\/api.w.org\/{rel}","templated":true}]}}