{"id":3498045,"date":"2026-01-20T15:09:40","date_gmt":"2026-01-20T14:09:40","guid":{"rendered":"http:\/\/10.6.201.155\/?post_type=product&#038;p=52100"},"modified":"2026-05-15T01:28:16","modified_gmt":"2026-05-14T23:28:16","slug":"ki-7","status":"publish","type":"product","link":"https:\/\/www.fassabortolo.it\/de\/produkte\/verputz-und-bausystem\/traditionelle-produkte\/ki-7","title":{"rendered":"KI 7"},"content":{"rendered":"","protected":false},"featured_media":0,"template":"","class_list":["post-3498045","product","type-product","status-publish","hentry"],"acf":[],"fimg":{"url":"https:\/\/www.fassabortolo.it\/wp-content\/uploads\/media\/assets\/KI_7.jpg","alt":"KI 7"},"product_description":["Faserverst\u00e4rkter und wasserabweisender Grundputz auf Kalk-Zementbasis, f\u00fcr au\u00dfen und innen"],"ekr_hierarchy_settings":{"it":{"FASSA_LINEA_PRODOTTI_TRADIZIONALI_SISTEMA_INTONACATURA":{"ekr_position":13}},"es":{"FASSAES_LINEA_PRODOTTI_TRADIZIONALI_SISTEMA_INTONACATURA":{"ekr_position":13}},"lu":{"FASSA_LINEA_PRODOTTI_TRADIZIONALI_SISTEMA_INTONACATURA":{"ekr_position":12}}},"lang":{"language_code":"de","locale":"de_DE","text_direction":false,"display_name":"Deutsch","native_name":"Tedesco","different_language":false},"systems":[{"id":3497520,"name":"VERPUTZ- UND BAUSYSTEM","permalink":"https:\/\/www.fassabortolo.it\/de\/produkte\/verputz-und-bausystem\/","slug":"verputz-und-bausystem","ekr_pallet_code":"FASSA_SISTEMA_INTONACATURA_E_COSTRUZIONE"}],"product_pallet_code":"PROD_KI_7","lines":[{"id":3497483,"name":"TRADITIONELLE PRODUKTE","permalink":"https:\/\/www.fassabortolo.it\/de\/produkte\/\/traditionelle-produkte\/","slug":"traditionelle-produkte","system_codes":["FASSA_SISTEMA_INTONACATURA_E_COSTRUZIONE"],"ekr_pallet_code":"FASSA_LINEA_PRODOTTI_TRADIZIONALI_SISTEMA_INTONACATURA"}],"use":["KI 7 wird verwendet als Grundputz auf Ziegelmauerwerken (auch Hohlraumziegel), auf Fertigbetonbl\u00f6cken, Bl\u00e4htonsteinen, Rohbeton usw.. &nbsp; Bei besonderen Untergr\u00fcnden sind die jeweiligen Herstelleranleitungen zu beachten. &nbsp; KI 7 ist besonders dort als Putzgrund im Au\u00dfenbereich geeignet, wo Mineraledelputze oder ein Strukturdeckputz IP 10 in den Korngr\u00f6\u00dfen 1 mm aufzutragen sind.","Vorteile, die sich aufgrund des besseren Schutzes vor Wasser ergeben:","Gr\u00f6\u00dfere Dauerhaftigkeit des Putzes","Trockenes Mauerwerk und somit bessere W\u00e4rmed\u00e4mmung","H\u00f6here Formbest\u00e4ndigkeit und somit verminderte Tendenz zu Rissbildungen","Geringerer Wasseraufstieg durch Kapillarit\u00e4t"],"supply":["Lose im Silo","In feuchtigkeitsgesch\u00fctzten Spezials\u00e4cken zu ca. 25 kg"],"attributes":{"Attributes_1":{"GRUNDPUTZE":"Grundputze"},"Attributes_2":{"AUSSENBEREICH":"Au\u00dfenbereich","INNENBEREICH":"Innenbereich"}},"___attributes":{"FASSAES":{"FASSA_SISTEMA_INTONACATURA_E_COSTRUZIONE":{"Attributes_1":["Grundputze"],"Attributes_2":["Au\u00dfenbereich","Innenbereich"]}},"FASSA":{"FASSA_SISTEMA_INTONACATURA_E_COSTRUZIONE":{"Attributes_1":["Grundputze"],"Attributes_2":["Au\u00dfenbereich","Innenbereich"]}}},"elastic_market_index":"it","structured_data":{"@context":"https:\/\/schema.org","@type":"Product","name":"KI 7","description":["Faserverst\u00e4rkter und wasserabweisender Grundputz auf Kalk-Zementbasis, f\u00fcr au\u00dfen und innen"],"url":"https:\/\/www.fassabortolo.it\/de\/produkte\/verputz-und-bausystem\/traditionelle-produkte\/ki-7","identifier":"PROD_KI_7","sku":"PROD_KI_7","image":"https:\/\/www.fassabortolo.it\/wp-content\/uploads\/media\/assets\/KI_7.jpg","brand":{"@type":"Brand","name":"Fassa Bortolo"},"manufacturer":{"@type":"Organization","name":"Fassa Bortolo","url":"https:\/\/www.fassabortolo.it"},"additionalProperty":[{"@type":"PropertyValue","name":"Use Case 1","value":"KI 7 wird verwendet als Grundputz auf Ziegelmauerwerken (auch Hohlraumziegel), auf Fertigbetonbl\u00f6cken, Bl\u00e4htonsteinen, Rohbeton usw.. &nbsp; Bei besonderen Untergr\u00fcnden sind die jeweiligen Herstelleranleitungen zu beachten. &nbsp; KI 7 ist besonders dort als Putzgrund im Au\u00dfenbereich geeignet, wo Mineraledelputze oder ein Strukturdeckputz IP 10 in den Korngr\u00f6\u00dfen 1 mm aufzutragen sind."},{"@type":"PropertyValue","name":"Use Case 2","value":"Vorteile, die sich aufgrund des besseren Schutzes vor Wasser ergeben:"},{"@type":"PropertyValue","name":"Use Case 3","value":"Gr\u00f6\u00dfere Dauerhaftigkeit des Putzes"},{"@type":"PropertyValue","name":"Use Case 4","value":"Trockenes Mauerwerk und somit bessere W\u00e4rmed\u00e4mmung"},{"@type":"PropertyValue","name":"Use Case 5","value":"H\u00f6here Formbest\u00e4ndigkeit und somit verminderte Tendenz zu Rissbildungen"},{"@type":"PropertyValue","name":"Use Case 6","value":"Geringerer Wasseraufstieg durch Kapillarit\u00e4t"},{"@type":"PropertyValue","name":"Supply Information","value":"Lose im Silo"},{"@type":"PropertyValue","name":"Supply Information","value":"In feuchtigkeitsgesch\u00fctzten Spezials\u00e4cken zu ca. 25 kg"},{"@type":"PropertyValue","name":"Attributes_1","value":"Grundputze"},{"@type":"PropertyValue","name":"Attributes_2","value":"Au\u00dfenbereich"},{"@type":"PropertyValue","name":"Attributes_2","value":"Innenbereich"}],"category":[{"@type":"ProductCollection","name":"TRADITIONELLE PRODUKTE","identifier":"FASSA_LINEA_PRODOTTI_TRADIZIONALI_SISTEMA_INTONACATURA"},{"@type":"Collection","name":"VERPUTZ- UND BAUSYSTEM","identifier":"FASSA_SISTEMA_INTONACATURA_E_COSTRUZIONE"}],"inLanguage":"de"},"_links":{"self":[{"href":"https:\/\/www.fassabortolo.it\/de\/wp-json\/wp\/v2\/product\/3498045","targetHints":{"allow":["GET"]}}],"collection":[{"href":"https:\/\/www.fassabortolo.it\/de\/wp-json\/wp\/v2\/product"}],"about":[{"href":"https:\/\/www.fassabortolo.it\/de\/wp-json\/wp\/v2\/types\/product"}],"wp:attachment":[{"href":"https:\/\/www.fassabortolo.it\/de\/wp-json\/wp\/v2\/media?parent=3498045"}],"curies":[{"name":"wp","href":"https:\/\/api.w.org\/{rel}","templated":true}]}}