{"id":3498047,"date":"2026-01-20T15:09:42","date_gmt":"2026-01-20T14:09:42","guid":{"rendered":"http:\/\/10.6.201.155\/?post_type=product&#038;p=52114"},"modified":"2026-05-15T01:28:29","modified_gmt":"2026-05-14T23:28:29","slug":"k-1710","status":"publish","type":"product","link":"https:\/\/www.fassabortolo.it\/de\/produkte\/verputz-und-bausystem\/produkte-auf-basis-von-luftkalk\/k-1710","title":{"rendered":"K 1710"},"content":{"rendered":"","protected":false},"featured_media":0,"template":"","class_list":["post-3498047","product","type-product","status-publish","hentry"],"acf":[],"fimg":{"url":"https:\/\/www.fassabortolo.it\/wp-content\/uploads\/media\/assets\/K_1710.jpg","alt":"K 1710"},"product_description":["Traditioneller Bio-Grundputz mit Puzzolanwirkung, faserverst\u00e4rkt, auf der Basis von reinem Nanokalk, f\u00fcr innen und au\u00dfen"],"ekr_hierarchy_settings":{"it":{"FASSA_LINEA_PRODOTTI_A_BASE_CALCE_AEREA_SISTEMA_INTONACATURA":{"ekr_position":4}},"es":{"FASSAES_LINEA_PRODOTTI_A_BASE_CALCE_AEREA_SISTEMA_INTONACATURA":{"ekr_position":5}},"lu":{"FASSA_LINEA_PRODOTTI_A_BASE_CALCE_AEREA_SISTEMA_INTONACATURA":{"ekr_position":10}}},"lang":{"language_code":"de","locale":"de_DE","text_direction":false,"display_name":"Deutsch","native_name":"Tedesco","different_language":false},"systems":[{"id":3497520,"name":"VERPUTZ- UND BAUSYSTEM","permalink":"https:\/\/www.fassabortolo.it\/de\/produkte\/verputz-und-bausystem\/","slug":"verputz-und-bausystem","ekr_pallet_code":"FASSA_SISTEMA_INTONACATURA_E_COSTRUZIONE"}],"product_pallet_code":"PROD_K_1710","lines":[{"id":3497475,"name":"PRODUKTE AUF BASIS VON LUFTKALK","permalink":"https:\/\/www.fassabortolo.it\/de\/produkte\/\/produkte-auf-basis-von-luftkalk\/","slug":"produkte-auf-basis-von-luftkalk","system_codes":["FASSA_SISTEMA_INTONACATURA_E_COSTRUZIONE"],"ekr_pallet_code":"FASSA_LINEA_PRODOTTI_A_BASE_CALCE_AEREA_SISTEMA_INTONACATURA"}],"use":["K 1710 wird verwendet als Grundputz auf alten und neuen Mauerwerken aus Naturstein, Ziegelstein, Tuffstein usw.. &nbsp; Aufgrund seiner Elastizit\u00e4t und der Pr\u00e4senz von Fasern ist der Putz besonders f\u00fcr die Verwendung auf mechanisch schwachen Untergr\u00fcnden geeignet, wie Stein- und Ziegelmauerwerke (Renovierungsarbeiten im Allgemeinen), immer unter Ber\u00fccksichtigung der nachstehenden Angaben."],"supply":["Lose im Silo &nbsp; (erh\u00e4ltlich in Italien, Frankreich und der Schweiz)","In feuchtigkeitsgesch\u00fctzten Spezials\u00e4cken zu ca. 25 kg"],"attributes":{"Attributes_1":{"GRUNDPUTZE":"Grundputze"},"Attributes_2":{"AUSSENBEREICH":"Au\u00dfenbereich","INNENBEREICH":"Innenbereich"}},"___attributes":{"FASSAES":{"FASSA_SISTEMA_INTONACATURA_E_COSTRUZIONE":{"Attributes_1":["Grundputze"],"Attributes_2":["Au\u00dfenbereich","Innenbereich"]}},"FASSA":{"FASSA_SISTEMA_INTONACATURA_E_COSTRUZIONE":{"Attributes_1":["Grundputze"],"Attributes_2":["Au\u00dfenbereich","Innenbereich"]}}},"elastic_market_index":"it","structured_data":{"@context":"https:\/\/schema.org","@type":"Product","name":"K 1710","description":["Traditioneller Bio-Grundputz mit Puzzolanwirkung, faserverst\u00e4rkt, auf der Basis von reinem Nanokalk, f\u00fcr innen und au\u00dfen"],"url":"https:\/\/www.fassabortolo.it\/de\/produkte\/verputz-und-bausystem\/produkte-auf-basis-von-luftkalk\/k-1710","identifier":"PROD_K_1710","sku":"PROD_K_1710","image":"https:\/\/www.fassabortolo.it\/wp-content\/uploads\/media\/assets\/K_1710.jpg","brand":{"@type":"Brand","name":"Fassa Bortolo"},"manufacturer":{"@type":"Organization","name":"Fassa Bortolo","url":"https:\/\/www.fassabortolo.it"},"additionalProperty":[{"@type":"PropertyValue","name":"Use Case 1","value":"K 1710 wird verwendet als Grundputz auf alten und neuen Mauerwerken aus Naturstein, Ziegelstein, Tuffstein usw.. &nbsp; Aufgrund seiner Elastizit\u00e4t und der Pr\u00e4senz von Fasern ist der Putz besonders f\u00fcr die Verwendung auf mechanisch schwachen Untergr\u00fcnden geeignet, wie Stein- und Ziegelmauerwerke (Renovierungsarbeiten im Allgemeinen), immer unter Ber\u00fccksichtigung der nachstehenden Angaben."},{"@type":"PropertyValue","name":"Supply Information","value":"Lose im Silo &nbsp; (erh\u00e4ltlich in Italien, Frankreich und der Schweiz)"},{"@type":"PropertyValue","name":"Supply Information","value":"In feuchtigkeitsgesch\u00fctzten Spezials\u00e4cken zu ca. 25 kg"},{"@type":"PropertyValue","name":"Attributes_1","value":"Grundputze"},{"@type":"PropertyValue","name":"Attributes_2","value":"Au\u00dfenbereich"},{"@type":"PropertyValue","name":"Attributes_2","value":"Innenbereich"}],"category":[{"@type":"ProductCollection","name":"PRODUKTE AUF BASIS VON LUFTKALK","identifier":"FASSA_LINEA_PRODOTTI_A_BASE_CALCE_AEREA_SISTEMA_INTONACATURA"},{"@type":"Collection","name":"VERPUTZ- UND BAUSYSTEM","identifier":"FASSA_SISTEMA_INTONACATURA_E_COSTRUZIONE"}],"inLanguage":"de"},"_links":{"self":[{"href":"https:\/\/www.fassabortolo.it\/de\/wp-json\/wp\/v2\/product\/3498047","targetHints":{"allow":["GET"]}}],"collection":[{"href":"https:\/\/www.fassabortolo.it\/de\/wp-json\/wp\/v2\/product"}],"about":[{"href":"https:\/\/www.fassabortolo.it\/de\/wp-json\/wp\/v2\/types\/product"}],"wp:attachment":[{"href":"https:\/\/www.fassabortolo.it\/de\/wp-json\/wp\/v2\/media?parent=3498047"}],"curies":[{"name":"wp","href":"https:\/\/api.w.org\/{rel}","templated":true}]}}