{"id":3498048,"date":"2026-01-20T15:09:57","date_gmt":"2026-01-20T14:09:57","guid":{"rendered":"http:\/\/10.6.201.155\/?post_type=product&#038;p=52115"},"modified":"2026-04-23T10:36:05","modified_gmt":"2026-04-23T08:36:05","slug":"dammplatte-eps-tr100","status":"publish","type":"product","link":"https:\/\/www.fassabortolo.it\/de\/produkte\/sistema-isolamento-termico-fassatherm\/dammplatten\/dammplatte-eps-tr100","title":{"rendered":"D\u00c4MMPLATTE EPS TR100"},"content":{"rendered":"","protected":false},"featured_media":0,"template":"","class_list":["post-3498048","product","type-product","status-publish","hentry"],"acf":[],"fimg":{"url":"https:\/\/www.fassabortolo.it\/wp-content\/uploads\/media\/assets\/LASTRA_ISOLANTE_EPS_TR100.jpg","alt":"D\u00c4MMPLATTE EPS TR100"},"product_description":["Aus Bl\u00f6cken zugeschnittene EPS-D\u00e4mmplatte in Wei\u00df, mit einer W\u00e4rmeleitf\u00e4higkeit von 0,036 W\/(m\u00b7K). &nbsp; Entspricht den CAM-MUK"],"ekr_hierarchy_settings":{"it":{"FASSA_LINEA_PANNELLI_ISOLANTI_SISTEMA_ISOLAMENTO":{"ekr_position":3}},"lu":{"FASSA_LINEA_PANNELLI_ISOLANTI_SISTEMA_ISOLAMENTO":{"ekr_position":8}}},"lang":{"language_code":"de","locale":"de_DE","text_direction":false,"display_name":"Deutsch","native_name":"Tedesco","different_language":false},"systems":[{"id":3497519,"name":"W\u00c4RMED\u00c4MMVERBUNDSYSTEM FASSATHERM\u00ae","permalink":"https:\/\/www.fassabortolo.it\/de\/produkte\/sistema-isolamento-termico-fassatherm\/","slug":"sistema-isolamento-termico-fassatherm","ekr_pallet_code":"FASSA_SISTEMA_ISOLAMENTO_TERMICO_FASSATHERM"}],"product_pallet_code":"PROD_LASTRA_ISOLANTE_EPS_TR100","lines":[{"id":3497464,"name":"D\u00c4MMPLATTEN","permalink":"https:\/\/www.fassabortolo.it\/de\/produkte\/\/dammplatten\/","slug":"dammplatten","system_codes":["FASSA_SISTEMA_ISOLAMENTO_TERMICO_FASSATHERM"],"ekr_pallet_code":"FASSA_LINEA_PANNELLI_ISOLANTI_SISTEMA_ISOLAMENTO"}],"use":["EPS-W\u00e4rmed\u00e4mmplatten TR100 werden zur Anbringung von au\u00dfenseitigen W\u00e4rmed\u00e4mmverbundsystemen an neuen Geb\u00e4uden verwendet, oder aber im Zuge von Restaurierungseingriffen an Bestandsbauten. &nbsp; Die Plattendicke wird je nach der gew\u00fcnschten W\u00e4rmed\u00e4mmung bestimmt, jedoch immer unter Ber\u00fccksichtigung der jeweils geltenden Bestimmungen am Verwendungsort.","Geeignet f\u00fcr den Einsatz in ETA-zertifizierten Systemen:","ETA 23\/0739 - FASSATHERM CLASSIC A96 100 : Dicken von 50 bis 300 mm","ETA 22\/0427 - FASSATHERM RIVESTO CLASSIC: Dicken von 60 bis 200 mm."],"supply":["Die D\u00e4mmplatten werden in UV-best\u00e4ndigen Polyethylenverpackungen ausgeliefert."],"attributes":{"Attributes_1":[],"Attributes_2":{"AUSSENBEREICH":"Au\u00dfenbereich"}},"___attributes":{"FASSA":{"FASSA_SISTEMA_ISOLAMENTO_TERMICO_FASSATHERM":{"Attributes_2":["Au\u00dfenbereich"]}}},"elastic_market_index":"it","structured_data":{"@context":"https:\/\/schema.org","@type":"Product","name":"D\u00c4MMPLATTE EPS TR100","description":["Aus Bl\u00f6cken zugeschnittene EPS-D\u00e4mmplatte in Wei\u00df, mit einer W\u00e4rmeleitf\u00e4higkeit von 0,036 W\/(m\u00b7K). &nbsp; Entspricht den CAM-MUK"],"url":"https:\/\/www.fassabortolo.it\/de\/produkte\/sistema-isolamento-termico-fassatherm\/dammplatten\/dammplatte-eps-tr100","identifier":"PROD_LASTRA_ISOLANTE_EPS_TR100","sku":"PROD_LASTRA_ISOLANTE_EPS_TR100","image":"https:\/\/www.fassabortolo.it\/wp-content\/uploads\/media\/assets\/LASTRA_ISOLANTE_EPS_TR100.jpg","brand":{"@type":"Brand","name":"Fassa Bortolo"},"manufacturer":{"@type":"Organization","name":"Fassa Bortolo","url":"https:\/\/www.fassabortolo.it"},"additionalProperty":[{"@type":"PropertyValue","name":"Use Case 1","value":"EPS-W\u00e4rmed\u00e4mmplatten TR100 werden zur Anbringung von au\u00dfenseitigen W\u00e4rmed\u00e4mmverbundsystemen an neuen Geb\u00e4uden verwendet, oder aber im Zuge von Restaurierungseingriffen an Bestandsbauten. &nbsp; Die Plattendicke wird je nach der gew\u00fcnschten W\u00e4rmed\u00e4mmung bestimmt, jedoch immer unter Ber\u00fccksichtigung der jeweils geltenden Bestimmungen am Verwendungsort."},{"@type":"PropertyValue","name":"Use Case 2","value":"Geeignet f\u00fcr den Einsatz in ETA-zertifizierten Systemen:"},{"@type":"PropertyValue","name":"Use Case 3","value":"ETA 23\/0739 - FASSATHERM CLASSIC A96 100 : Dicken von 50 bis 300 mm"},{"@type":"PropertyValue","name":"Use Case 4","value":"ETA 22\/0427 - FASSATHERM RIVESTO CLASSIC: Dicken von 60 bis 200 mm."},{"@type":"PropertyValue","name":"Supply Information","value":"Die D\u00e4mmplatten werden in UV-best\u00e4ndigen Polyethylenverpackungen ausgeliefert."},{"@type":"PropertyValue","name":"Attributes_2","value":"Au\u00dfenbereich"}],"category":[{"@type":"ProductCollection","name":"D\u00c4MMPLATTEN","identifier":"FASSA_LINEA_PANNELLI_ISOLANTI_SISTEMA_ISOLAMENTO"},{"@type":"Collection","name":"W\u00c4RMED\u00c4MMVERBUNDSYSTEM FASSATHERM\u00ae","identifier":"FASSA_SISTEMA_ISOLAMENTO_TERMICO_FASSATHERM"}],"inLanguage":"de"},"_links":{"self":[{"href":"https:\/\/www.fassabortolo.it\/de\/wp-json\/wp\/v2\/product\/3498048","targetHints":{"allow":["GET"]}}],"collection":[{"href":"https:\/\/www.fassabortolo.it\/de\/wp-json\/wp\/v2\/product"}],"about":[{"href":"https:\/\/www.fassabortolo.it\/de\/wp-json\/wp\/v2\/types\/product"}],"wp:attachment":[{"href":"https:\/\/www.fassabortolo.it\/de\/wp-json\/wp\/v2\/media?parent=3498048"}],"curies":[{"name":"wp","href":"https:\/\/api.w.org\/{rel}","templated":true}]}}