{"id":3498060,"date":"2026-01-20T15:10:35","date_gmt":"2026-01-20T14:10:35","guid":{"rendered":"http:\/\/10.6.201.155\/?post_type=product&#038;p=52163"},"modified":"2026-05-15T01:30:06","modified_gmt":"2026-05-14T23:30:06","slug":"holzfaser-warmedammplatte-110","status":"publish","type":"product","link":"https:\/\/www.fassabortolo.it\/de\/produkte\/sistema-isolamento-termico-fassatherm\/dammplatten\/holzfaser-warmedammplatte-110","title":{"rendered":"HOLZFASER-W\u00c4RMED\u00c4MMPLATTE 110"},"content":{"rendered":"","protected":false},"featured_media":0,"template":"","class_list":["post-3498060","product","type-product","status-publish","hentry"],"acf":[],"fimg":{"url":"https:\/\/www.fassabortolo.it\/wp-content\/uploads\/media\/assets\/LASTRA_FIBRA_LEGNO_110_estero.jpg","alt":"HOLZFASER-W\u00c4RMED\u00c4MMPLATTE 110"},"product_description":["Holzfaser-W\u00e4rmed\u00e4mmplatte mit einer W\u00e4rmeleitf\u00e4higkeit von 0,039 W\/ (m\u00b7K) und einer Dichte von 115 kg\/m\u00b3. &nbsp; Entspricht den MUK."],"ekr_hierarchy_settings":{"it":{"FASSA_LINEA_PANNELLI_ISOLANTI_SISTEMA_ISOLAMENTO":{"ekr_position":8}},"lu":{"FASSA_LINEA_PANNELLI_ISOLANTI_SISTEMA_ISOLAMENTO":{"ekr_position":6}}},"lang":{"language_code":"de","locale":"de_DE","text_direction":false,"display_name":"Deutsch","native_name":"Tedesco","different_language":false},"systems":[{"id":3497519,"name":"W\u00c4RMED\u00c4MMVERBUNDSYSTEM FASSATHERM\u00ae","permalink":"https:\/\/www.fassabortolo.it\/de\/produkte\/sistema-isolamento-termico-fassatherm\/","slug":"sistema-isolamento-termico-fassatherm","ekr_pallet_code":"FASSA_SISTEMA_ISOLAMENTO_TERMICO_FASSATHERM"}],"product_pallet_code":"PROD_LASTRA_ISOLANTE_IN_FIBRA_DI_LEGNO_110","lines":[{"id":3497464,"name":"D\u00c4MMPLATTEN","permalink":"https:\/\/www.fassabortolo.it\/de\/produkte\/\/dammplatten\/","slug":"dammplatten","system_codes":["FASSA_SISTEMA_ISOLAMENTO_TERMICO_FASSATHERM"],"ekr_pallet_code":"FASSA_LINEA_PANNELLI_ISOLANTI_SISTEMA_ISOLAMENTO"}],"use":["Die W\u00e4rmed\u00e4mmplatten aus Holzfaser 110 werden verwendet zum Anbringen von WDVS an den Au\u00dfenw\u00e4nden von Neubauten aus Mauerwerk oder Beton, oder aber auf Tr\u00e4gerkonstruktionen aus Holz bzw. Massivholzelementen, bzw. bei der Altbausanierung. &nbsp; Die Plattendicke wird je nach der gew\u00fcnschten W\u00e4rmed\u00e4mmung bestimmt, jedoch immer unter Ber\u00fccksichtigung der jeweils geltenden Bestimmungen am Verwendungsort.","Geeignet f\u00fcr den Einsatz in ETA-zertifizierten Systemen:","ETA 24\/0982 \u2013 FASSATHERM WF ECO-LIGHT 950: &nbsp; Dicken von 60 bis 240 mm"],"supply":["HOLZFASER-W\u00c4RMED\u00c4MMPLATTE 110 werden in Polyethylenfolie verpackt ausgeliefert."],"attributes":null,"___attributes":null,"elastic_market_index":"it","structured_data":{"@context":"https:\/\/schema.org","@type":"Product","name":"HOLZFASER-W\u00c4RMED\u00c4MMPLATTE 110","description":["Holzfaser-W\u00e4rmed\u00e4mmplatte mit einer W\u00e4rmeleitf\u00e4higkeit von 0,039 W\/ (m\u00b7K) und einer Dichte von 115 kg\/m\u00b3. &nbsp; Entspricht den MUK."],"url":"https:\/\/www.fassabortolo.it\/de\/produkte\/sistema-isolamento-termico-fassatherm\/dammplatten\/holzfaser-warmedammplatte-110","identifier":"PROD_LASTRA_ISOLANTE_IN_FIBRA_DI_LEGNO_110","sku":"PROD_LASTRA_ISOLANTE_IN_FIBRA_DI_LEGNO_110","image":"https:\/\/www.fassabortolo.it\/wp-content\/uploads\/media\/assets\/LASTRA_FIBRA_LEGNO_110_estero.jpg","brand":{"@type":"Brand","name":"Fassa Bortolo"},"manufacturer":{"@type":"Organization","name":"Fassa Bortolo","url":"https:\/\/www.fassabortolo.it"},"additionalProperty":[{"@type":"PropertyValue","name":"Use Case 1","value":"Die W\u00e4rmed\u00e4mmplatten aus Holzfaser 110 werden verwendet zum Anbringen von WDVS an den Au\u00dfenw\u00e4nden von Neubauten aus Mauerwerk oder Beton, oder aber auf Tr\u00e4gerkonstruktionen aus Holz bzw. Massivholzelementen, bzw. bei der Altbausanierung. &nbsp; Die Plattendicke wird je nach der gew\u00fcnschten W\u00e4rmed\u00e4mmung bestimmt, jedoch immer unter Ber\u00fccksichtigung der jeweils geltenden Bestimmungen am Verwendungsort."},{"@type":"PropertyValue","name":"Use Case 2","value":"Geeignet f\u00fcr den Einsatz in ETA-zertifizierten Systemen:"},{"@type":"PropertyValue","name":"Use Case 3","value":"ETA 24\/0982 \u2013 FASSATHERM WF ECO-LIGHT 950: &nbsp; Dicken von 60 bis 240 mm"},{"@type":"PropertyValue","name":"Supply Information","value":"HOLZFASER-W\u00c4RMED\u00c4MMPLATTE 110 werden in Polyethylenfolie verpackt ausgeliefert."}],"category":[{"@type":"ProductCollection","name":"D\u00c4MMPLATTEN","identifier":"FASSA_LINEA_PANNELLI_ISOLANTI_SISTEMA_ISOLAMENTO"},{"@type":"Collection","name":"W\u00c4RMED\u00c4MMVERBUNDSYSTEM FASSATHERM\u00ae","identifier":"FASSA_SISTEMA_ISOLAMENTO_TERMICO_FASSATHERM"}],"inLanguage":"de"},"_links":{"self":[{"href":"https:\/\/www.fassabortolo.it\/de\/wp-json\/wp\/v2\/product\/3498060","targetHints":{"allow":["GET"]}}],"collection":[{"href":"https:\/\/www.fassabortolo.it\/de\/wp-json\/wp\/v2\/product"}],"about":[{"href":"https:\/\/www.fassabortolo.it\/de\/wp-json\/wp\/v2\/types\/product"}],"wp:attachment":[{"href":"https:\/\/www.fassabortolo.it\/de\/wp-json\/wp\/v2\/media?parent=3498060"}],"curies":[{"name":"wp","href":"https:\/\/api.w.org\/{rel}","templated":true}]}}