{"id":3498068,"date":"2026-01-20T15:10:18","date_gmt":"2026-01-20T14:10:18","guid":{"rendered":"http:\/\/10.6.201.155\/?post_type=product&#038;p=52197"},"modified":"2026-05-15T01:30:25","modified_gmt":"2026-05-14T23:30:25","slug":"calciumsilikathydrat-warmedammplatte","status":"publish","type":"product","link":"https:\/\/www.fassabortolo.it\/de\/produkte\/sistema-isolamento-termico-fassatherm\/dammplatten\/calciumsilikathydrat-warmedammplatte","title":{"rendered":"CALCIUMSILIKATHYDRAT-W\u00c4RMED\u00c4MMPLATTE"},"content":{"rendered":"","protected":false},"featured_media":0,"template":"","class_list":["post-3498068","product","type-product","status-publish","hentry"],"acf":[],"fimg":{"url":"https:\/\/www.fassabortolo.it\/wp-content\/uploads\/media\/assets\/LASTRA_SILICATO_CALCIO_IDRATO.jpg","alt":"CALCIUMSILIKATHYDRAT-W\u00c4RMED\u00c4MMPLATTE"},"product_description":["W\u00e4rmed\u00e4mmplatte aus Calciumsilikathydrat f\u00fcr den Au\u00dfenbereich. &nbsp; Entspricht den MUK."],"ekr_hierarchy_settings":{"it":{"FASSA_LINEA_PANNELLI_ISOLANTI_SISTEMA_ISOLAMENTO":{"ekr_position":9}},"ch":{"FASSA_LINEA_PANNELLI_ISOLANTI_SISTEMA_ISOLAMENTO":{"ekr_position":3}},"lu":{"FASSA_LINEA_PANNELLI_ISOLANTI_SISTEMA_ISOLAMENTO":{"ekr_position":3}}},"lang":{"language_code":"de","locale":"de_DE","text_direction":false,"display_name":"Deutsch","native_name":"Tedesco","different_language":false},"systems":[{"id":3497519,"name":"W\u00c4RMED\u00c4MMVERBUNDSYSTEM FASSATHERM\u00ae","permalink":"https:\/\/www.fassabortolo.it\/de\/produkte\/sistema-isolamento-termico-fassatherm\/","slug":"sistema-isolamento-termico-fassatherm","ekr_pallet_code":"FASSA_SISTEMA_ISOLAMENTO_TERMICO_FASSATHERM"}],"product_pallet_code":"PROD_LASTRA_ISOLANTE_IN_SILICATO_DI_CALCIO_IDRATO","lines":[{"id":3497464,"name":"D\u00c4MMPLATTEN","permalink":"https:\/\/www.fassabortolo.it\/de\/produkte\/\/dammplatten\/","slug":"dammplatten","system_codes":["FASSA_SISTEMA_ISOLAMENTO_TERMICO_FASSATHERM"],"ekr_pallet_code":"FASSA_LINEA_PANNELLI_ISOLANTI_SISTEMA_ISOLAMENTO"}],"use":["D\u00c4MMPLATTEN AUS CALCIUMSILIKATHYDRAT werden f\u00fcr die au\u00dfenseitige Anbringung von W\u00e4rmed\u00e4mmverbundsystemen an Neubauten verwendet, oder aber bei Restaurierungsarbeiten an Altbauten. &nbsp; Die Plattendicke wird je nach der gew\u00fcnschten W\u00e4rmed\u00e4mmung bestimmt, jedoch immer unter Ber\u00fccksichtigung der jeweils geltenden Bestimmungen am Verwendungsort."],"supply":["D\u00c4MMPLATTEN AUS CALCIUMSILIKATHYDRAT werden in Polyethylenfolie verpackt ausgeliefert."],"attributes":{"Attributes_1":[],"Attributes_2":{"AUSSENBEREICH":"Au\u00dfenbereich"}},"___attributes":{"FASSA":{"FASSA_SISTEMA_ISOLAMENTO_TERMICO_FASSATHERM":{"Attributes_2":["Au\u00dfenbereich"]}}},"elastic_market_index":"it","structured_data":{"@context":"https:\/\/schema.org","@type":"Product","name":"CALCIUMSILIKATHYDRAT-W\u00c4RMED\u00c4MMPLATTE","description":["W\u00e4rmed\u00e4mmplatte aus Calciumsilikathydrat f\u00fcr den Au\u00dfenbereich. &nbsp; Entspricht den MUK."],"url":"https:\/\/www.fassabortolo.it\/de\/produkte\/sistema-isolamento-termico-fassatherm\/dammplatten\/calciumsilikathydrat-warmedammplatte","identifier":"PROD_LASTRA_ISOLANTE_IN_SILICATO_DI_CALCIO_IDRATO","sku":"PROD_LASTRA_ISOLANTE_IN_SILICATO_DI_CALCIO_IDRATO","image":"https:\/\/www.fassabortolo.it\/wp-content\/uploads\/media\/assets\/LASTRA_SILICATO_CALCIO_IDRATO.jpg","brand":{"@type":"Brand","name":"Fassa Bortolo"},"manufacturer":{"@type":"Organization","name":"Fassa Bortolo","url":"https:\/\/www.fassabortolo.it"},"additionalProperty":[{"@type":"PropertyValue","name":"Use Case 1","value":"D\u00c4MMPLATTEN AUS CALCIUMSILIKATHYDRAT werden f\u00fcr die au\u00dfenseitige Anbringung von W\u00e4rmed\u00e4mmverbundsystemen an Neubauten verwendet, oder aber bei Restaurierungsarbeiten an Altbauten. &nbsp; Die Plattendicke wird je nach der gew\u00fcnschten W\u00e4rmed\u00e4mmung bestimmt, jedoch immer unter Ber\u00fccksichtigung der jeweils geltenden Bestimmungen am Verwendungsort."},{"@type":"PropertyValue","name":"Supply Information","value":"D\u00c4MMPLATTEN AUS CALCIUMSILIKATHYDRAT werden in Polyethylenfolie verpackt ausgeliefert."},{"@type":"PropertyValue","name":"Attributes_2","value":"Au\u00dfenbereich"}],"category":[{"@type":"ProductCollection","name":"D\u00c4MMPLATTEN","identifier":"FASSA_LINEA_PANNELLI_ISOLANTI_SISTEMA_ISOLAMENTO"},{"@type":"Collection","name":"W\u00c4RMED\u00c4MMVERBUNDSYSTEM FASSATHERM\u00ae","identifier":"FASSA_SISTEMA_ISOLAMENTO_TERMICO_FASSATHERM"}],"inLanguage":"de"},"_links":{"self":[{"href":"https:\/\/www.fassabortolo.it\/de\/wp-json\/wp\/v2\/product\/3498068","targetHints":{"allow":["GET"]}}],"collection":[{"href":"https:\/\/www.fassabortolo.it\/de\/wp-json\/wp\/v2\/product"}],"about":[{"href":"https:\/\/www.fassabortolo.it\/de\/wp-json\/wp\/v2\/types\/product"}],"wp:attachment":[{"href":"https:\/\/www.fassabortolo.it\/de\/wp-json\/wp\/v2\/media?parent=3498068"}],"curies":[{"name":"wp","href":"https:\/\/api.w.org\/{rel}","templated":true}]}}