{"id":3498071,"date":"2026-01-20T15:10:40","date_gmt":"2026-01-20T14:10:40","guid":{"rendered":"http:\/\/10.6.201.155\/?post_type=product&#038;p=52206"},"modified":"2026-05-15T01:29:54","modified_gmt":"2026-05-14T23:29:54","slug":"lc7-rasoliscio","status":"publish","type":"product","link":"https:\/\/www.fassabortolo.it\/de\/produkte\/verputz-und-bausystem\/traditionelle-produkte\/lc7-rasoliscio","title":{"rendered":"LC7 RASOLISCIO"},"content":{"rendered":"","protected":false},"featured_media":0,"template":"","class_list":["post-3498071","product","type-product","status-publish","hentry"],"acf":[],"fimg":{"url":"https:\/\/www.fassabortolo.it\/wp-content\/uploads\/media\/assets\/LC7_Rasoliscio.jpg","alt":"LC7 RASOLISCIO"},"product_description":["Glatter Oberputz auf der Basis von ausgesuchten Hydraulischen bindern"],"ekr_hierarchy_settings":{"it":{"FASSA_LINEA_LISCIATURE_SISTEMA_RIPRISTINO":{"ekr_position":0},"FASSA_LINEA_PRODOTTI_TRADIZIONALI_SISTEMA_INTONACATURA":{"ekr_position":14}},"ch":{"FASSA_LINEA_LISCIATURE_SISTEMA_RIPRISTINO":{"ekr_position":0}},"es":{"FASSAES_LINEA_PRODOTTI_TRADIZIONALI_SISTEMA_INTONACATURA":{"ekr_position":7},"FASSAES_LINEA_LISCIATURE_SISTEMA_RIPRISTINO":{"ekr_position":0}},"lu":{"FASSA_LINEA_LISCIATURE_SISTEMA_RIPRISTINO":{"ekr_position":0},"FASSA_LINEA_PRODOTTI_TRADIZIONALI_SISTEMA_INTONACATURA":{"ekr_position":9}}},"lang":{"language_code":"de","locale":"de_DE","text_direction":false,"display_name":"Deutsch","native_name":"Tedesco","different_language":false},"systems":[{"id":3497520,"name":"VERPUTZ- UND BAUSYSTEM","permalink":"https:\/\/www.fassabortolo.it\/de\/produkte\/verputz-und-bausystem\/","slug":"verputz-und-bausystem","ekr_pallet_code":"FASSA_SISTEMA_INTONACATURA_E_COSTRUZIONE"},{"id":3497516,"name":"BETONINSTANDSETZUNGS-SYSTEM","permalink":"https:\/\/www.fassabortolo.it\/de\/produkte\/betoninstandsetzungs-system\/","slug":"betoninstandsetzungs-system","ekr_pallet_code":"FASSA_SISTEMA_RIPRISTINO_DEL_CALCESTRUZZO"}],"product_pallet_code":"PROD_LC7_RASOLISCIO","lines":[{"id":3497483,"name":"TRADITIONELLE PRODUKTE","permalink":"https:\/\/www.fassabortolo.it\/de\/produkte\/\/traditionelle-produkte\/","slug":"traditionelle-produkte","system_codes":["FASSA_SISTEMA_INTONACATURA_E_COSTRUZIONE"],"ekr_pallet_code":"FASSA_LINEA_PRODOTTI_TRADIZIONALI_SISTEMA_INTONACATURA"},{"id":3497469,"name":"GL\u00c4TTEN","permalink":"https:\/\/www.fassabortolo.it\/de\/produkte\/\/glatten\/","slug":"glatten","system_codes":["FASSA_SISTEMA_RIPRISTINO_DEL_CALCESTRUZZO"],"ekr_pallet_code":"FASSA_LINEA_LISCIATURE_SISTEMA_RIPRISTINO"}],"use":["LC7 RASOLISCIO wird im Innen- und Au\u00dfenbereich als glatte Endbeschichtung auf Putzgr\u00fcnden auf Kalk-Zementbasis und Betonoberfl\u00e4chen vor dekorativen Farbanstrichen verwendet."],"supply":["In feuchtigkeitsgesch\u00fctzten Spezials\u00e4cken zu ca. 20 kg","S\u00e4ckchen zu ca. 4 kg in Kartonschachteln zu jeweils 5 St\u00fcck"],"attributes":{"Attributes_1":{"DECKPUTZE\/SPACHELUNGEN":"Deckputze\/Spachelungen"},"Attributes_2":{"AUSSENBEREICH":"Au\u00dfenbereich","INNENBEREICH":"Innenbereich"}},"___attributes":{"FASSAES":{"FASSA_SISTEMA_RIPRISTINO_DEL_CALCESTRUZZO":{"Attributes_2":["Au\u00dfenbereich","Innenbereich"]},"FASSA_SISTEMA_INTONACATURA_E_COSTRUZIONE":{"Attributes_1":["Deckputze\/Spachelungen"],"Attributes_2":["Au\u00dfenbereich","Innenbereich"]}},"FASSA":{"FASSA_SISTEMA_RIPRISTINO_DEL_CALCESTRUZZO":{"Attributes_2":["Au\u00dfenbereich","Innenbereich"]},"FASSA_SISTEMA_INTONACATURA_E_COSTRUZIONE":{"Attributes_1":["Deckputze\/Spachelungen"],"Attributes_2":["Au\u00dfenbereich","Innenbereich"]}}},"elastic_market_index":"it","structured_data":{"@context":"https:\/\/schema.org","@type":"Product","name":"LC7 RASOLISCIO","description":["Glatter Oberputz auf der Basis von ausgesuchten Hydraulischen bindern"],"url":"https:\/\/www.fassabortolo.it\/de\/produkte\/verputz-und-bausystem\/traditionelle-produkte\/lc7-rasoliscio","identifier":"PROD_LC7_RASOLISCIO","sku":"PROD_LC7_RASOLISCIO","image":"https:\/\/www.fassabortolo.it\/wp-content\/uploads\/media\/assets\/LC7_Rasoliscio.jpg","brand":{"@type":"Brand","name":"Fassa Bortolo"},"manufacturer":{"@type":"Organization","name":"Fassa Bortolo","url":"https:\/\/www.fassabortolo.it"},"additionalProperty":[{"@type":"PropertyValue","name":"Use Case 1","value":"LC7 RASOLISCIO wird im Innen- und Au\u00dfenbereich als glatte Endbeschichtung auf Putzgr\u00fcnden auf Kalk-Zementbasis und Betonoberfl\u00e4chen vor dekorativen Farbanstrichen verwendet."},{"@type":"PropertyValue","name":"Supply Information","value":"In feuchtigkeitsgesch\u00fctzten Spezials\u00e4cken zu ca. 20 kg"},{"@type":"PropertyValue","name":"Supply Information","value":"S\u00e4ckchen zu ca. 4 kg in Kartonschachteln zu jeweils 5 St\u00fcck"},{"@type":"PropertyValue","name":"Attributes_2","value":"Au\u00dfenbereich"},{"@type":"PropertyValue","name":"Attributes_2","value":"Innenbereich"},{"@type":"PropertyValue","name":"Attributes_1","value":"Deckputze\/Spachelungen"},{"@type":"PropertyValue","name":"Attributes_2","value":"Au\u00dfenbereich"},{"@type":"PropertyValue","name":"Attributes_2","value":"Innenbereich"}],"category":[{"@type":"ProductCollection","name":"GL\u00c4TTEN","identifier":"FASSA_LINEA_LISCIATURE_SISTEMA_RIPRISTINO"},{"@type":"ProductCollection","name":"TRADITIONELLE PRODUKTE","identifier":"FASSA_LINEA_PRODOTTI_TRADIZIONALI_SISTEMA_INTONACATURA"},{"@type":"Collection","name":"BETONINSTANDSETZUNGS-SYSTEM","identifier":"FASSA_SISTEMA_RIPRISTINO_DEL_CALCESTRUZZO"},{"@type":"Collection","name":"VERPUTZ- UND BAUSYSTEM","identifier":"FASSA_SISTEMA_INTONACATURA_E_COSTRUZIONE"}],"inLanguage":"de"},"_links":{"self":[{"href":"https:\/\/www.fassabortolo.it\/de\/wp-json\/wp\/v2\/product\/3498071","targetHints":{"allow":["GET"]}}],"collection":[{"href":"https:\/\/www.fassabortolo.it\/de\/wp-json\/wp\/v2\/product"}],"about":[{"href":"https:\/\/www.fassabortolo.it\/de\/wp-json\/wp\/v2\/types\/product"}],"wp:attachment":[{"href":"https:\/\/www.fassabortolo.it\/de\/wp-json\/wp\/v2\/media?parent=3498071"}],"curies":[{"name":"wp","href":"https:\/\/api.w.org\/{rel}","templated":true}]}}