{"id":3498079,"date":"2026-01-20T15:10:22","date_gmt":"2026-01-20T14:10:22","guid":{"rendered":"http:\/\/10.6.201.155\/?post_type=product&#038;p=52242"},"modified":"2026-05-15T01:30:40","modified_gmt":"2026-05-14T23:30:40","slug":"dammplatte-aus-steinwolle-034","status":"publish","type":"product","link":"https:\/\/www.fassabortolo.it\/de\/produkte\/sistema-isolamento-termico-fassatherm\/dammplatten\/dammplatte-aus-steinwolle-034","title":{"rendered":"D\u00c4MMPLATTE AUS STEINWOLLE 034"},"content":{"rendered":"","protected":false},"featured_media":0,"template":"","class_list":["post-3498079","product","type-product","status-publish","hentry"],"acf":[],"fimg":{"url":"https:\/\/www.fassabortolo.it\/wp-content\/uploads\/media\/assets\/LASTRA_LANA_ROCCIA_034.jpg","alt":"D\u00c4MMPLATTE AUS STEINWOLLE 034"},"product_description":["W\u00e4rmed\u00e4mmplatte aus Steinwolle mit einer W\u00e4rmeleitf\u00e4higkeit von 0,034 W\/(m\u00b7K). &nbsp; Entspricht den CAM-MUK"],"ekr_hierarchy_settings":{"it":{"FASSA_LINEA_PANNELLI_ISOLANTI_SISTEMA_ISOLAMENTO":{"ekr_position":7}},"ch":{"FASSA_LINEA_PANNELLI_ISOLANTI_SISTEMA_ISOLAMENTO":{"ekr_position":5}},"lu":{"FASSA_LINEA_PANNELLI_ISOLANTI_SISTEMA_ISOLAMENTO":{"ekr_position":5}}},"lang":{"language_code":"de","locale":"de_DE","text_direction":false,"display_name":"Deutsch","native_name":"Tedesco","different_language":false},"systems":[{"id":3497519,"name":"W\u00c4RMED\u00c4MMVERBUNDSYSTEM FASSATHERM\u00ae","permalink":"https:\/\/www.fassabortolo.it\/de\/produkte\/sistema-isolamento-termico-fassatherm\/","slug":"sistema-isolamento-termico-fassatherm","ekr_pallet_code":"FASSA_SISTEMA_ISOLAMENTO_TERMICO_FASSATHERM"}],"product_pallet_code":"PROD_LASTRA_ISOLANTE_IN_LANA_DI_ROCCIA_034","lines":[{"id":3497464,"name":"D\u00c4MMPLATTEN","permalink":"https:\/\/www.fassabortolo.it\/de\/produkte\/\/dammplatten\/","slug":"dammplatten","system_codes":["FASSA_SISTEMA_ISOLAMENTO_TERMICO_FASSATHERM"],"ekr_pallet_code":"FASSA_LINEA_PANNELLI_ISOLANTI_SISTEMA_ISOLAMENTO"}],"use":["W\u00e4rmed\u00e4mmplatten aus STEINWOLLE 034 werden zum Anbringen von W\u00e4rmed\u00e4mmverbundsystemen auf Au\u00dfenw\u00e4nden von Neubauten, oder bei der Altbausanierung und -renovierung verwendet. &nbsp; Die Plattendicke wird je nach der gew\u00fcnschten W\u00e4rmed\u00e4mmung bestimmt, jedoch immer unter Ber\u00fccksichtigung der jeweils geltenden Bestimmungen am Verwendungsort."],"supply":["Platten werden in Polyethylenfolie verpackt ausgeliefert."],"attributes":{"Attributes_1":[],"Attributes_2":{"AUSSENBEREICH":"Au\u00dfenbereich"}},"___attributes":{"FASSAES":{"FASSA_SISTEMA_ISOLAMENTO_TERMICO_FASSATHERM":{"Attributes_2":["Au\u00dfenbereich"]}},"FASSA":{"FASSA_SISTEMA_ISOLAMENTO_TERMICO_FASSATHERM":{"Attributes_2":["Au\u00dfenbereich"]}}},"elastic_market_index":"it","structured_data":{"@context":"https:\/\/schema.org","@type":"Product","name":"D\u00c4MMPLATTE AUS STEINWOLLE 034","description":["W\u00e4rmed\u00e4mmplatte aus Steinwolle mit einer W\u00e4rmeleitf\u00e4higkeit von 0,034 W\/(m\u00b7K). &nbsp; Entspricht den CAM-MUK"],"url":"https:\/\/www.fassabortolo.it\/de\/produkte\/sistema-isolamento-termico-fassatherm\/dammplatten\/dammplatte-aus-steinwolle-034","identifier":"PROD_LASTRA_ISOLANTE_IN_LANA_DI_ROCCIA_034","sku":"PROD_LASTRA_ISOLANTE_IN_LANA_DI_ROCCIA_034","image":"https:\/\/www.fassabortolo.it\/wp-content\/uploads\/media\/assets\/LASTRA_LANA_ROCCIA_034.jpg","brand":{"@type":"Brand","name":"Fassa Bortolo"},"manufacturer":{"@type":"Organization","name":"Fassa Bortolo","url":"https:\/\/www.fassabortolo.it"},"additionalProperty":[{"@type":"PropertyValue","name":"Use Case 1","value":"W\u00e4rmed\u00e4mmplatten aus STEINWOLLE 034 werden zum Anbringen von W\u00e4rmed\u00e4mmverbundsystemen auf Au\u00dfenw\u00e4nden von Neubauten, oder bei der Altbausanierung und -renovierung verwendet. &nbsp; Die Plattendicke wird je nach der gew\u00fcnschten W\u00e4rmed\u00e4mmung bestimmt, jedoch immer unter Ber\u00fccksichtigung der jeweils geltenden Bestimmungen am Verwendungsort."},{"@type":"PropertyValue","name":"Supply Information","value":"Platten werden in Polyethylenfolie verpackt ausgeliefert."},{"@type":"PropertyValue","name":"Attributes_2","value":"Au\u00dfenbereich"}],"category":[{"@type":"ProductCollection","name":"D\u00c4MMPLATTEN","identifier":"FASSA_LINEA_PANNELLI_ISOLANTI_SISTEMA_ISOLAMENTO"},{"@type":"Collection","name":"W\u00c4RMED\u00c4MMVERBUNDSYSTEM FASSATHERM\u00ae","identifier":"FASSA_SISTEMA_ISOLAMENTO_TERMICO_FASSATHERM"}],"inLanguage":"de"},"_links":{"self":[{"href":"https:\/\/www.fassabortolo.it\/de\/wp-json\/wp\/v2\/product\/3498079","targetHints":{"allow":["GET"]}}],"collection":[{"href":"https:\/\/www.fassabortolo.it\/de\/wp-json\/wp\/v2\/product"}],"about":[{"href":"https:\/\/www.fassabortolo.it\/de\/wp-json\/wp\/v2\/types\/product"}],"wp:attachment":[{"href":"https:\/\/www.fassabortolo.it\/de\/wp-json\/wp\/v2\/media?parent=3498079"}],"curies":[{"name":"wp","href":"https:\/\/api.w.org\/{rel}","templated":true}]}}