{"id":3498093,"date":"2026-01-20T15:10:46","date_gmt":"2026-01-20T14:10:46","guid":{"rendered":"http:\/\/10.6.201.155\/?post_type=product&#038;p=52295"},"modified":"2026-05-15T01:32:05","modified_gmt":"2026-05-14T23:32:05","slug":"fullmaterial","status":"publish","type":"product","link":"https:\/\/www.fassabortolo.it\/de\/produkte\/system-grubenmaterial-und-mikronisierte-materialien\/steinbruchmaterial-kalkstein\/fullmaterial","title":{"rendered":"F\u00dcLLMATERIAL"},"content":{"rendered":"","protected":false},"featured_media":0,"template":"","class_list":["post-3498093","product","type-product","status-publish","hentry"],"acf":[],"fimg":{"url":"https:\/\/www.fassabortolo.it\/wp-content\/uploads\/media\/assets\/MATERIALE_DI_RIEMPIMENTO.jpg","alt":"F\u00dcLLMATERIAL"},"product_description":["Vorwiegend aus Kalkgestein bestehender, gemischtk\u00f6rniger Kies mit vereinzelten Sandelementen und organischen Verunreinigungen."],"ekr_hierarchy_settings":{"it":{"FASSA_LINEA_CALCARE_SISTEMA_MATERIALI":{"ekr_position":8}},"ch":{"FASSA_LINEA_CALCARE_SISTEMA_MATERIALI":{"ekr_position":4}},"lu":{"FASSA_LINEA_CALCARE_SISTEMA_MATERIALI":{"ekr_position":4}}},"lang":{"language_code":"de","locale":"de_DE","text_direction":false,"display_name":"Deutsch","native_name":"Tedesco","different_language":false},"systems":[{"id":3497514,"name":"System GRUBENMATERIAL UND MIKRONISIERTE MATERIALIEN","permalink":"https:\/\/www.fassabortolo.it\/de\/produkte\/system-grubenmaterial-und-mikronisierte-materialien\/","slug":"system-grubenmaterial-und-mikronisierte-materialien","ekr_pallet_code":"FASSA_SISTEMA_MATERIALI_DI_CAVA_E_MICRONIZZATI"}],"product_pallet_code":"PROD_MATERIALE_DI_RIEMPIMENTO","lines":[{"id":3497445,"name":"STEINBRUCHMATERIAL: KALKSTEIN","permalink":"https:\/\/www.fassabortolo.it\/de\/produkte\/\/steinbruchmaterial-kalkstein\/","slug":"steinbruchmaterial-kalkstein","system_codes":["FASSA_SISTEMA_MATERIALI_DI_CAVA_E_MICRONIZZATI"],"ekr_pallet_code":"FASSA_LINEA_CALCARE_SISTEMA_MATERIALI"}],"use":["Dank seiner Eigenschaften, wie beispielsweise der umfangreiche Korngr\u00f6\u00dfenbestand mit unterschiedlichen K\u00f6rnungen von fein bis grob, kann es als Rohmaterial in der Zementherstellung und im Stra\u00dfenbau ohne gro\u00dfe Sicherheitsanforderungen verwendet werden. &nbsp; Da das Material nicht gewaschen wird, weist es organische Verunreinigungen auf."],"supply":["Das Losematerial wird mechanisch auf Kastenfahrzeuge verladen."],"attributes":null,"___attributes":null,"elastic_market_index":"it","structured_data":{"@context":"https:\/\/schema.org","@type":"Product","name":"F\u00dcLLMATERIAL","description":["Vorwiegend aus Kalkgestein bestehender, gemischtk\u00f6rniger Kies mit vereinzelten Sandelementen und organischen Verunreinigungen."],"url":"https:\/\/www.fassabortolo.it\/de\/produkte\/system-grubenmaterial-und-mikronisierte-materialien\/steinbruchmaterial-kalkstein\/fullmaterial","identifier":"PROD_MATERIALE_DI_RIEMPIMENTO","sku":"PROD_MATERIALE_DI_RIEMPIMENTO","image":"https:\/\/www.fassabortolo.it\/wp-content\/uploads\/media\/assets\/MATERIALE_DI_RIEMPIMENTO.jpg","brand":{"@type":"Brand","name":"Fassa Bortolo"},"manufacturer":{"@type":"Organization","name":"Fassa Bortolo","url":"https:\/\/www.fassabortolo.it"},"additionalProperty":[{"@type":"PropertyValue","name":"Use Case 1","value":"Dank seiner Eigenschaften, wie beispielsweise der umfangreiche Korngr\u00f6\u00dfenbestand mit unterschiedlichen K\u00f6rnungen von fein bis grob, kann es als Rohmaterial in der Zementherstellung und im Stra\u00dfenbau ohne gro\u00dfe Sicherheitsanforderungen verwendet werden. &nbsp; Da das Material nicht gewaschen wird, weist es organische Verunreinigungen auf."},{"@type":"PropertyValue","name":"Supply Information","value":"Das Losematerial wird mechanisch auf Kastenfahrzeuge verladen."}],"category":[{"@type":"ProductCollection","name":"STEINBRUCHMATERIAL: KALKSTEIN","identifier":"FASSA_LINEA_CALCARE_SISTEMA_MATERIALI"},{"@type":"Collection","name":"System GRUBENMATERIAL UND MIKRONISIERTE MATERIALIEN","identifier":"FASSA_SISTEMA_MATERIALI_DI_CAVA_E_MICRONIZZATI"}],"inLanguage":"de"},"_links":{"self":[{"href":"https:\/\/www.fassabortolo.it\/de\/wp-json\/wp\/v2\/product\/3498093","targetHints":{"allow":["GET"]}}],"collection":[{"href":"https:\/\/www.fassabortolo.it\/de\/wp-json\/wp\/v2\/product"}],"about":[{"href":"https:\/\/www.fassabortolo.it\/de\/wp-json\/wp\/v2\/types\/product"}],"wp:attachment":[{"href":"https:\/\/www.fassabortolo.it\/de\/wp-json\/wp\/v2\/media?parent=3498093"}],"curies":[{"name":"wp","href":"https:\/\/api.w.org\/{rel}","templated":true}]}}