{"id":3498094,"date":"2026-01-20T15:10:46","date_gmt":"2026-01-20T14:10:46","guid":{"rendered":"http:\/\/10.6.201.155\/?post_type=product&#038;p=52300"},"modified":"2026-05-15T01:31:48","modified_gmt":"2026-05-14T23:31:48","slug":"malta-strutturale-nhl-712","status":"publish","type":"product","link":"https:\/\/www.fassabortolo.it\/de\/produkte\/konsolidierungs-und-strukturverstarkungssystem\/mortel\/malta-strutturale-nhl-712","title":{"rendered":"MALTA STRUTTURALE NHL 712"},"content":{"rendered":"","protected":false},"featured_media":0,"template":"","class_list":["post-3498094","product","type-product","status-publish","hentry"],"acf":[],"fimg":{"url":"https:\/\/www.fassabortolo.it\/wp-content\/uploads\/media\/assets\/MALTA_STRUTTURALE_NHL_712.jpg","alt":"MALTA STRUTTURALE NHL 712"},"product_description":["Faserverst\u00e4rkter Bio-Strukturm\u00f6rtel auf Basis hydraulischen Naturkalks NHL 3,5 f\u00fcr den Innen- und Au\u00dfenbereich"],"ekr_hierarchy_settings":{"it":{"FASSA_LINEA_MALTE_SISTEMA_CONSOLIDAMENTO":{"ekr_position":1}},"lu":{"FASSA_LINEA_MALTE_SISTEMA_CONSOLIDAMENTO":{"ekr_position":7}}},"lang":{"language_code":"de","locale":"de_DE","text_direction":false,"display_name":"Deutsch","native_name":"Tedesco","different_language":false},"systems":[{"id":3497508,"name":"KONSOLIDIERUNGS- UND STRUKTURVERST\u00c4RKUNGSSYSTEM","permalink":"https:\/\/www.fassabortolo.it\/de\/produkte\/konsolidierungs-und-strukturverstarkungssystem\/","slug":"konsolidierungs-und-strukturverstarkungssystem","ekr_pallet_code":"FASSA_SISTEMA_CONSOLIDAMENTO_E_RINFORZO_STRUTTURALE"}],"product_pallet_code":"PROD_MALTA_STRUTTURALE_NHL_712","lines":[{"id":3497468,"name":"M\u00d6RTEL","permalink":"https:\/\/www.fassabortolo.it\/de\/produkte\/\/mortel\/","slug":"mortel","system_codes":["FASSA_SISTEMA_CONSOLIDAMENTO_E_RINFORZO_STRUTTURALE"],"ekr_pallet_code":"FASSA_LINEA_MALTE_SISTEMA_CONSOLIDAMENTO"}],"use":["MALTA STRUTTURALE NHL 712 wird in Verbindung mit geeigneten Armierungsgeweben verwendet, sowohl mit jenen aus Glasfaser bei der Technik des bewehrten Putzes CRM als auch mit Geweben aus Metall, und zwar zur Ausbesserung und Verst\u00e4rkung von Mauerwerken und B\u00f6gen aus Hohlziegel, aus Vollziegel, aus Stein und Tuffstein (fl\u00e4chenabdeckende Eingriffe). &nbsp; Im Falle eines nicht besonders widerstandsf\u00e4higen Mauerwerks, ist die Verwendung des Produktes M\u00f6rteln mit gr\u00f6\u00dferer mechanischer Festigkeit vorzuziehen.","Das Produkt wird ferner als M\u00f6rtel f\u00fcr die Reparatur von Mauerwerken bei Flickwerk und bei Verfugungsma\u00dfnahmen verwendet.","Der mit der Technik des bewehrten Putzes CRM eingesetzte M\u00f6rtel MALTA STRUTTURALE NHL 712 ist ein Bestandteil der Systeme FASSANET ARG SYSTEM, FASSANET SOLID SYSTEM und FASSANET SOLID MAXI SYSTEM: Betreffend die Verwendungsmodalit\u00e4ten ist das technische Datenblatt des jeweils ausgew\u00e4hlten Systems einzusehen."],"supply":["Lose im Silo","In feuchtigkeitsgesch\u00fctzten Spezials\u00e4cken zu ca. 25 kg","Je nach Bestimmungsland k\u00f6nnten einige Verkaufsformate nicht erh\u00e4ltlich sein"],"attributes":{"Attributes_1":{"CRM":"CRM","BAUEINGRIFFE MIT SPIRALST\u00c4BEN":"Baueingriffe mit Spiralst\u00e4ben","FLICKWERK":"Flickwerk"},"Attributes_2":{"AUSSENBEREICH":"Au\u00dfenbereich","INNENBEREICH":"Innenbereich"}},"___attributes":{"FASSAES":{"FASSA_SISTEMA_CONSOLIDAMENTO_E_RINFORZO_STRUTTURALE":{"Attributes_1":["CRM","Flickwerk"],"Attributes_2":["Au\u00dfenbereich","Innenbereich"]}},"FASSA":{"FASSA_SISTEMA_CONSOLIDAMENTO_E_RINFORZO_STRUTTURALE":{"Attributes_1":["CRM","Baueingriffe mit Spiralst\u00e4ben","Flickwerk"],"Attributes_2":["Au\u00dfenbereich","Innenbereich"]}}},"elastic_market_index":"it","structured_data":{"@context":"https:\/\/schema.org","@type":"Product","name":"MALTA STRUTTURALE NHL 712","description":["Faserverst\u00e4rkter Bio-Strukturm\u00f6rtel auf Basis hydraulischen Naturkalks NHL 3,5 f\u00fcr den Innen- und Au\u00dfenbereich"],"url":"https:\/\/www.fassabortolo.it\/de\/produkte\/konsolidierungs-und-strukturverstarkungssystem\/mortel\/malta-strutturale-nhl-712","identifier":"PROD_MALTA_STRUTTURALE_NHL_712","sku":"PROD_MALTA_STRUTTURALE_NHL_712","image":"https:\/\/www.fassabortolo.it\/wp-content\/uploads\/media\/assets\/MALTA_STRUTTURALE_NHL_712.jpg","brand":{"@type":"Brand","name":"Fassa Bortolo"},"manufacturer":{"@type":"Organization","name":"Fassa Bortolo","url":"https:\/\/www.fassabortolo.it"},"additionalProperty":[{"@type":"PropertyValue","name":"Use Case 1","value":"MALTA STRUTTURALE NHL 712 wird in Verbindung mit geeigneten Armierungsgeweben verwendet, sowohl mit jenen aus Glasfaser bei der Technik des bewehrten Putzes CRM als auch mit Geweben aus Metall, und zwar zur Ausbesserung und Verst\u00e4rkung von Mauerwerken und B\u00f6gen aus Hohlziegel, aus Vollziegel, aus Stein und Tuffstein (fl\u00e4chenabdeckende Eingriffe). &nbsp; Im Falle eines nicht besonders widerstandsf\u00e4higen Mauerwerks, ist die Verwendung des Produktes M\u00f6rteln mit gr\u00f6\u00dferer mechanischer Festigkeit vorzuziehen."},{"@type":"PropertyValue","name":"Use Case 2","value":"Das Produkt wird ferner als M\u00f6rtel f\u00fcr die Reparatur von Mauerwerken bei Flickwerk und bei Verfugungsma\u00dfnahmen verwendet."},{"@type":"PropertyValue","name":"Use Case 3","value":"Der mit der Technik des bewehrten Putzes CRM eingesetzte M\u00f6rtel MALTA STRUTTURALE NHL 712 ist ein Bestandteil der Systeme FASSANET ARG SYSTEM, FASSANET SOLID SYSTEM und FASSANET SOLID MAXI SYSTEM: Betreffend die Verwendungsmodalit\u00e4ten ist das technische Datenblatt des jeweils ausgew\u00e4hlten Systems einzusehen."},{"@type":"PropertyValue","name":"Supply Information","value":"Lose im Silo"},{"@type":"PropertyValue","name":"Supply Information","value":"In feuchtigkeitsgesch\u00fctzten Spezials\u00e4cken zu ca. 25 kg"},{"@type":"PropertyValue","name":"Supply Information","value":"Je nach Bestimmungsland k\u00f6nnten einige Verkaufsformate nicht erh\u00e4ltlich sein"},{"@type":"PropertyValue","name":"Attributes_1","value":"CRM"},{"@type":"PropertyValue","name":"Attributes_1","value":"Baueingriffe mit Spiralst\u00e4ben"},{"@type":"PropertyValue","name":"Attributes_1","value":"Flickwerk"},{"@type":"PropertyValue","name":"Attributes_2","value":"Au\u00dfenbereich"},{"@type":"PropertyValue","name":"Attributes_2","value":"Innenbereich"}],"category":[{"@type":"ProductCollection","name":"M\u00d6RTEL","identifier":"FASSA_LINEA_MALTE_SISTEMA_CONSOLIDAMENTO"},{"@type":"Collection","name":"KONSOLIDIERUNGS- UND STRUKTURVERST\u00c4RKUNGSSYSTEM","identifier":"FASSA_SISTEMA_CONSOLIDAMENTO_E_RINFORZO_STRUTTURALE"}],"inLanguage":"de"},"_links":{"self":[{"href":"https:\/\/www.fassabortolo.it\/de\/wp-json\/wp\/v2\/product\/3498094","targetHints":{"allow":["GET"]}}],"collection":[{"href":"https:\/\/www.fassabortolo.it\/de\/wp-json\/wp\/v2\/product"}],"about":[{"href":"https:\/\/www.fassabortolo.it\/de\/wp-json\/wp\/v2\/types\/product"}],"wp:attachment":[{"href":"https:\/\/www.fassabortolo.it\/de\/wp-json\/wp\/v2\/media?parent=3498094"}],"curies":[{"name":"wp","href":"https:\/\/api.w.org\/{rel}","templated":true}]}}