{"id":3498095,"date":"2026-01-20T15:10:47","date_gmt":"2026-01-20T14:10:47","guid":{"rendered":"http:\/\/10.6.201.155\/?post_type=product&#038;p=52301"},"modified":"2026-05-15T01:31:32","modified_gmt":"2026-05-14T23:31:32","slug":"toniges-material","status":"publish","type":"product","link":"https:\/\/www.fassabortolo.it\/de\/produkte\/system-grubenmaterial-und-mikronisierte-materialien\/steinbruchmaterial-kalkstein\/toniges-material","title":{"rendered":"TONIGES MATERIAL"},"content":{"rendered":"","protected":false},"featured_media":0,"template":"","class_list":["post-3498095","product","type-product","status-publish","hentry"],"acf":[],"fimg":{"url":"https:\/\/www.fassabortolo.it\/wp-content\/uploads\/media\/assets\/MATERIALE_ARGILLOSO.jpg","alt":"TONIGES MATERIAL"},"product_description":["\u00c4u\u00dferst feink\u00f6rniges Sedimentmaterial von ockerroter Farbe, erhalten durch die Freilegung von Kalksteinvorkommen."],"ekr_hierarchy_settings":{"it":{"FASSA_LINEA_CALCARE_SISTEMA_MATERIALI":{"ekr_position":11}},"ch":{"FASSA_LINEA_CALCARE_SISTEMA_MATERIALI":{"ekr_position":5}},"lu":{"FASSA_LINEA_CALCARE_SISTEMA_MATERIALI":{"ekr_position":5}}},"lang":{"language_code":"de","locale":"de_DE","text_direction":false,"display_name":"Deutsch","native_name":"Tedesco","different_language":false},"systems":[{"id":3497514,"name":"System GRUBENMATERIAL UND MIKRONISIERTE MATERIALIEN","permalink":"https:\/\/www.fassabortolo.it\/de\/produkte\/system-grubenmaterial-und-mikronisierte-materialien\/","slug":"system-grubenmaterial-und-mikronisierte-materialien","ekr_pallet_code":"FASSA_SISTEMA_MATERIALI_DI_CAVA_E_MICRONIZZATI"}],"product_pallet_code":"PROD_MATERIALE_ARGILLOSO","lines":[{"id":3497445,"name":"STEINBRUCHMATERIAL: KALKSTEIN","permalink":"https:\/\/www.fassabortolo.it\/de\/produkte\/\/steinbruchmaterial-kalkstein\/","slug":"steinbruchmaterial-kalkstein","system_codes":["FASSA_SISTEMA_MATERIALI_DI_CAVA_E_MICRONIZZATI"],"ekr_pallet_code":"FASSA_LINEA_CALCARE_SISTEMA_MATERIALI"}],"use":["Dank seiner Eigenschaften kann das Produkt als Rohmaterial bei der Herstellung von Baustoffen verwendet werden, als Rohmaterial zur Ziegelherstellung und vieles mehr. &nbsp; Findet auch Verwendung als nat\u00fcrliche geologische Barriere."],"supply":["Das Losematerial wird mechanisch auf Kastenfahrzeuge verladen."],"attributes":null,"___attributes":null,"elastic_market_index":"it","structured_data":{"@context":"https:\/\/schema.org","@type":"Product","name":"TONIGES MATERIAL","description":["\u00c4u\u00dferst feink\u00f6rniges Sedimentmaterial von ockerroter Farbe, erhalten durch die Freilegung von Kalksteinvorkommen."],"url":"https:\/\/www.fassabortolo.it\/de\/produkte\/system-grubenmaterial-und-mikronisierte-materialien\/steinbruchmaterial-kalkstein\/toniges-material","identifier":"PROD_MATERIALE_ARGILLOSO","sku":"PROD_MATERIALE_ARGILLOSO","image":"https:\/\/www.fassabortolo.it\/wp-content\/uploads\/media\/assets\/MATERIALE_ARGILLOSO.jpg","brand":{"@type":"Brand","name":"Fassa Bortolo"},"manufacturer":{"@type":"Organization","name":"Fassa Bortolo","url":"https:\/\/www.fassabortolo.it"},"additionalProperty":[{"@type":"PropertyValue","name":"Use Case 1","value":"Dank seiner Eigenschaften kann das Produkt als Rohmaterial bei der Herstellung von Baustoffen verwendet werden, als Rohmaterial zur Ziegelherstellung und vieles mehr. &nbsp; Findet auch Verwendung als nat\u00fcrliche geologische Barriere."},{"@type":"PropertyValue","name":"Supply Information","value":"Das Losematerial wird mechanisch auf Kastenfahrzeuge verladen."}],"category":[{"@type":"ProductCollection","name":"STEINBRUCHMATERIAL: KALKSTEIN","identifier":"FASSA_LINEA_CALCARE_SISTEMA_MATERIALI"},{"@type":"Collection","name":"System GRUBENMATERIAL UND MIKRONISIERTE MATERIALIEN","identifier":"FASSA_SISTEMA_MATERIALI_DI_CAVA_E_MICRONIZZATI"}],"inLanguage":"de"},"_links":{"self":[{"href":"https:\/\/www.fassabortolo.it\/de\/wp-json\/wp\/v2\/product\/3498095","targetHints":{"allow":["GET"]}}],"collection":[{"href":"https:\/\/www.fassabortolo.it\/de\/wp-json\/wp\/v2\/product"}],"about":[{"href":"https:\/\/www.fassabortolo.it\/de\/wp-json\/wp\/v2\/types\/product"}],"wp:attachment":[{"href":"https:\/\/www.fassabortolo.it\/de\/wp-json\/wp\/v2\/media?parent=3498095"}],"curies":[{"name":"wp","href":"https:\/\/api.w.org\/{rel}","templated":true}]}}