{"id":3498101,"date":"2026-01-20T15:10:51","date_gmt":"2026-01-20T14:10:51","guid":{"rendered":"http:\/\/10.6.201.155\/?post_type=product&#038;p=52327"},"modified":"2026-05-15T01:30:02","modified_gmt":"2026-05-14T23:30:02","slug":"malta-faccia-a-vista-767","status":"publish","type":"product","link":"https:\/\/www.fassabortolo.it\/de\/produkte\/verputz-und-bausystem\/produkte-auf-basis-von-hydraulischem-naturkalk-nhl-3-5\/malta-faccia-a-vista-767","title":{"rendered":"MALTA FACCIA A VISTA 767"},"content":{"rendered":"","protected":false},"featured_media":0,"template":"","class_list":["post-3498101","product","type-product","status-publish","hentry"],"acf":[],"fimg":{"url":"https:\/\/www.fassabortolo.it\/wp-content\/uploads\/media\/assets\/MALTA_FACCIA_A_VISTA_767.jpg","alt":"MALTA FACCIA A VISTA 767"},"product_description":["Hydrophobierter Bio-Sichtmauerm\u00f6rtel auf der Basis von hydraulischem Naturkalk NHL 3,5, f\u00fcr innen und au\u00dfen"],"ekr_hierarchy_settings":{"it":{"FASSA_LINEA_PRODOTTI_A_BASE_CALCE_IDRAULICA_NATURALE_NHL_3_5_SISTEMA_INTONACATURA":{"ekr_position":0}},"ch":{"FASSA_LINEA_PRODOTTI_A_BASE_CALCE_IDRAULICA_NATURALE_NHL_3_5_SISTEMA_INTONACATURA":{"ekr_position":2}},"lu":{"FASSA_LINEA_PRODOTTI_A_BASE_CALCE_IDRAULICA_NATURALE_NHL_3_5_SISTEMA_INTONACATURA":{"ekr_position":2}}},"lang":{"language_code":"de","locale":"de_DE","text_direction":false,"display_name":"Deutsch","native_name":"Tedesco","different_language":false},"systems":[{"id":3497520,"name":"VERPUTZ- UND BAUSYSTEM","permalink":"https:\/\/www.fassabortolo.it\/de\/produkte\/verputz-und-bausystem\/","slug":"verputz-und-bausystem","ekr_pallet_code":"FASSA_SISTEMA_INTONACATURA_E_COSTRUZIONE"}],"product_pallet_code":"PROD_MALTA_FACCIA_A_VISTA_767","lines":[{"id":3497481,"name":"PRODUKTE AUF BASIS VON HYDRAULISCHEM NATURKALK NHL 3.5","permalink":"https:\/\/www.fassabortolo.it\/de\/produkte\/\/produkte-auf-basis-von-hydraulischem-naturkalk-nhl-3-5\/","slug":"produkte-auf-basis-von-hydraulischem-naturkalk-nhl-3-5","system_codes":["FASSA_SISTEMA_INTONACATURA_E_COSTRUZIONE"],"ekr_pallet_code":"FASSA_LINEA_PRODOTTI_A_BASE_CALCE_IDRAULICA_NATURALE_NHL_3_5_SISTEMA_INTONACATURA"}],"use":["MALTA FACCIA A VISTA 767 wird verwendet als Mauerm\u00f6rtel f\u00fcr Sichtmauerwerk und bei einem bereits bestehenden Mauerwerk f\u00fcr Flickwerk."],"supply":["In feuchtigkeitsgesch\u00fctzten Spezials\u00e4cken zu ca. 25 kg"],"attributes":{"Attributes_1":{"MAUERM\u00d6RTEL":"Mauerm\u00f6rtel"},"Attributes_2":{"AUSSENBEREICH":"Au\u00dfenbereich","INNENBEREICH":"Innenbereich"}},"___attributes":{"FASSA":{"FASSA_SISTEMA_INTONACATURA_E_COSTRUZIONE":{"Attributes_1":["Mauerm\u00f6rtel"],"Attributes_2":["Au\u00dfenbereich","Innenbereich"]}}},"elastic_market_index":"it","structured_data":{"@context":"https:\/\/schema.org","@type":"Product","name":"MALTA FACCIA A VISTA 767","description":["Hydrophobierter Bio-Sichtmauerm\u00f6rtel auf der Basis von hydraulischem Naturkalk NHL 3,5, f\u00fcr innen und au\u00dfen"],"url":"https:\/\/www.fassabortolo.it\/de\/produkte\/verputz-und-bausystem\/produkte-auf-basis-von-hydraulischem-naturkalk-nhl-3-5\/malta-faccia-a-vista-767","identifier":"PROD_MALTA_FACCIA_A_VISTA_767","sku":"PROD_MALTA_FACCIA_A_VISTA_767","image":"https:\/\/www.fassabortolo.it\/wp-content\/uploads\/media\/assets\/MALTA_FACCIA_A_VISTA_767.jpg","brand":{"@type":"Brand","name":"Fassa Bortolo"},"manufacturer":{"@type":"Organization","name":"Fassa Bortolo","url":"https:\/\/www.fassabortolo.it"},"additionalProperty":[{"@type":"PropertyValue","name":"Use Case 1","value":"MALTA FACCIA A VISTA 767 wird verwendet als Mauerm\u00f6rtel f\u00fcr Sichtmauerwerk und bei einem bereits bestehenden Mauerwerk f\u00fcr Flickwerk."},{"@type":"PropertyValue","name":"Supply Information","value":"In feuchtigkeitsgesch\u00fctzten Spezials\u00e4cken zu ca. 25 kg"},{"@type":"PropertyValue","name":"Attributes_1","value":"Mauerm\u00f6rtel"},{"@type":"PropertyValue","name":"Attributes_2","value":"Au\u00dfenbereich"},{"@type":"PropertyValue","name":"Attributes_2","value":"Innenbereich"}],"category":[{"@type":"ProductCollection","name":"PRODUKTE AUF BASIS VON HYDRAULISCHEM NATURKALK NHL 3.5","identifier":"FASSA_LINEA_PRODOTTI_A_BASE_CALCE_IDRAULICA_NATURALE_NHL_3_5_SISTEMA_INTONACATURA"},{"@type":"Collection","name":"VERPUTZ- UND BAUSYSTEM","identifier":"FASSA_SISTEMA_INTONACATURA_E_COSTRUZIONE"}],"inLanguage":"de"},"_links":{"self":[{"href":"https:\/\/www.fassabortolo.it\/de\/wp-json\/wp\/v2\/product\/3498101","targetHints":{"allow":["GET"]}}],"collection":[{"href":"https:\/\/www.fassabortolo.it\/de\/wp-json\/wp\/v2\/product"}],"about":[{"href":"https:\/\/www.fassabortolo.it\/de\/wp-json\/wp\/v2\/types\/product"}],"wp:attachment":[{"href":"https:\/\/www.fassabortolo.it\/de\/wp-json\/wp\/v2\/media?parent=3498101"}],"curies":[{"name":"wp","href":"https:\/\/api.w.org\/{rel}","templated":true}]}}