{"id":3498105,"date":"2026-01-20T15:11:21","date_gmt":"2026-01-20T14:11:21","guid":{"rendered":"http:\/\/10.6.201.155\/?post_type=product&#038;p=52346"},"modified":"2026-02-04T16:55:02","modified_gmt":"2026-02-04T15:55:02","slug":"ruhrwerke-fur-kleber","status":"publish","type":"product","link":"https:\/\/www.fassabortolo.it\/de\/produkte\/verlegesystem-fur-boden-und-wandbelage\/fassacol-klebstoffe\/ruhrwerke-fur-kleber","title":{"rendered":"R\u00dcHRWERKE F\u00dcR KLEBER"},"content":{"rendered":"","protected":false},"featured_media":0,"template":"","class_list":["post-3498105","product","type-product","status-publish","hentry"],"acf":[],"fimg":{"url":"https:\/\/www.fassabortolo.it\/wp-content\/uploads\/media\/assets\/MISCELATORI.jpg","alt":"R\u00dcHRWERKE F\u00dcR KLEBER"},"product_description":["R\u00fchrwerke f\u00fcr Elektrobohrmaschine"],"ekr_hierarchy_settings":{"it":{"FASSA_LINEA_FASSACOL_ADESIVI_SISTEMA_POSA":{"ekr_position":16}},"ch":{"FASSA_LINEA_FASSACOL_ADESIVI_SISTEMA_POSA":{"ekr_position":4}},"lu":{"FASSA_LINEA_FASSACOL_ADESIVI_SISTEMA_POSA":{"ekr_position":4}}},"lang":{"language_code":"de","locale":"de_DE","text_direction":false,"display_name":"Deutsch","native_name":"Tedesco","different_language":false},"systems":[{"id":3497517,"name":"VERLEGESYSTEM F\u00dcR BODEN- UND WANDBEL\u00c4GE","permalink":"https:\/\/www.fassabortolo.it\/de\/produkte\/verlegesystem-fur-boden-und-wandbelage\/","slug":"verlegesystem-fur-boden-und-wandbelage","ekr_pallet_code":"FASSA_SISTEMA_POSA_PAVIMENTI_E_RIVESTIMENTI"}],"product_pallet_code":"PROD_MISCELATORI_PER_COLLE","lines":[{"id":3497452,"name":"FASSACOL &#8211; KLEBSTOFFE","permalink":"https:\/\/www.fassabortolo.it\/de\/produkte\/\/fassacol-klebstoffe\/","slug":"fassacol-klebstoffe","system_codes":["FASSA_SISTEMA_POSA_PAVIMENTI_E_RIVESTIMENTI"],"ekr_pallet_code":"FASSA_LINEA_FASSACOL_ADESIVI_SISTEMA_POSA"}],"use":null,"supply":null,"attributes":{"Attributes_1":{"ZUBEH\u00d6R F\u00dcR KLEBSTOFFE":"Zubeh\u00f6r f\u00fcr Klebstoffe","GRUNDIERUNGEN":"Grundierungen"},"Attributes_2":{"AUSSENBEREICH":"Au\u00dfenbereich","INNENBEREICH":"Innenbereich"}},"___attributes":{"FASSA":{"FASSA_SISTEMA_POSA_PAVIMENTI_E_RIVESTIMENTI":{"Attributes_1":["Zubeh\u00f6r f\u00fcr Klebstoffe","Grundierungen"],"Attributes_2":["Au\u00dfenbereich","Innenbereich"]}}},"elastic_market_index":"it","structured_data":{"@context":"https:\/\/schema.org","@type":"Product","name":"R\u00dcHRWERKE F\u00dcR KLEBER","description":["R\u00fchrwerke f\u00fcr Elektrobohrmaschine"],"url":"https:\/\/www.fassabortolo.it\/de\/produkte\/verlegesystem-fur-boden-und-wandbelage\/fassacol-klebstoffe\/ruhrwerke-fur-kleber","identifier":"PROD_MISCELATORI_PER_COLLE","sku":"PROD_MISCELATORI_PER_COLLE","image":"https:\/\/www.fassabortolo.it\/wp-content\/uploads\/media\/assets\/MISCELATORI.jpg","brand":{"@type":"Brand","name":"Fassa Bortolo"},"manufacturer":{"@type":"Organization","name":"Fassa Bortolo","url":"https:\/\/www.fassabortolo.it"},"additionalProperty":[{"@type":"PropertyValue","name":"Attributes_1","value":"Zubeh\u00f6r f\u00fcr Klebstoffe"},{"@type":"PropertyValue","name":"Attributes_1","value":"Grundierungen"},{"@type":"PropertyValue","name":"Attributes_2","value":"Au\u00dfenbereich"},{"@type":"PropertyValue","name":"Attributes_2","value":"Innenbereich"}],"category":[{"@type":"ProductCollection","name":"FASSACOL &#8211; KLEBSTOFFE","identifier":"FASSA_LINEA_FASSACOL_ADESIVI_SISTEMA_POSA"},{"@type":"Collection","name":"VERLEGESYSTEM F\u00dcR BODEN- UND WANDBEL\u00c4GE","identifier":"FASSA_SISTEMA_POSA_PAVIMENTI_E_RIVESTIMENTI"}],"inLanguage":"de"},"_links":{"self":[{"href":"https:\/\/www.fassabortolo.it\/de\/wp-json\/wp\/v2\/product\/3498105","targetHints":{"allow":["GET"]}}],"collection":[{"href":"https:\/\/www.fassabortolo.it\/de\/wp-json\/wp\/v2\/product"}],"about":[{"href":"https:\/\/www.fassabortolo.it\/de\/wp-json\/wp\/v2\/types\/product"}],"wp:attachment":[{"href":"https:\/\/www.fassabortolo.it\/de\/wp-json\/wp\/v2\/media?parent=3498105"}],"curies":[{"name":"wp","href":"https:\/\/api.w.org\/{rel}","templated":true}]}}