{"id":3498111,"date":"2026-01-20T15:11:31","date_gmt":"2026-01-20T14:11:31","guid":{"rendered":"http:\/\/10.6.201.155\/?post_type=product&#038;p=52371"},"modified":"2026-05-15T01:31:09","modified_gmt":"2026-05-14T23:31:09","slug":"ms-20","status":"publish","type":"product","link":"https:\/\/www.fassabortolo.it\/de\/produkte\/verputz-und-bausystem\/traditionelle-produkte\/ms-20","title":{"rendered":"MS 20"},"content":{"rendered":"","protected":false},"featured_media":0,"template":"","class_list":["post-3498111","product","type-product","status-publish","hentry"],"acf":[],"fimg":{"url":"https:\/\/www.fassabortolo.it\/wp-content\/uploads\/media\/assets\/MS_20.jpg","alt":"MS 20"},"product_description":["Faserverst\u00e4rkter Zementm\u00f6rtel f\u00fcr Mauerwerks- und Verputzarbeiten im Innen- und Au\u00dfenbereich"],"ekr_hierarchy_settings":{"it":{"FASSA_LINEA_PRODOTTI_TRADIZIONALI_SISTEMA_INTONACATURA":{"ekr_position":7}},"ch":{"FASSA_LINEA_PRODOTTI_TRADIZIONALI_SISTEMA_INTONACATURA":{"ekr_position":3}},"es":{"FASSAES_LINEA_PRODOTTI_TRADIZIONALI_SISTEMA_INTONACATURA":{"ekr_position":3}},"lu":{"FASSA_LINEA_PRODOTTI_TRADIZIONALI_SISTEMA_INTONACATURA":{"ekr_position":3}}},"lang":{"language_code":"de","locale":"de_DE","text_direction":false,"display_name":"Deutsch","native_name":"Tedesco","different_language":false},"systems":[{"id":3497520,"name":"VERPUTZ- UND BAUSYSTEM","permalink":"https:\/\/www.fassabortolo.it\/de\/produkte\/verputz-und-bausystem\/","slug":"verputz-und-bausystem","ekr_pallet_code":"FASSA_SISTEMA_INTONACATURA_E_COSTRUZIONE"}],"product_pallet_code":"PROD_MS_20","lines":[{"id":3497483,"name":"TRADITIONELLE PRODUKTE","permalink":"https:\/\/www.fassabortolo.it\/de\/produkte\/\/traditionelle-produkte\/","slug":"traditionelle-produkte","system_codes":["FASSA_SISTEMA_INTONACATURA_E_COSTRUZIONE"],"ekr_pallet_code":"FASSA_LINEA_PRODOTTI_TRADIZIONALI_SISTEMA_INTONACATURA"}],"use":["MS 20 wird als Mauerm\u00f6rtel f\u00fcr Mauerwerke aus Ziegelstein, Betonblockstein usw. verwendet, ebenso als Grundputz f\u00fcr die Hand- und Maschinenverarbeitung auf Mauerwerken aus Ziegelstein, Betonblockstein, Rohbeton usw..","F\u00fcr Verputzarbeiten wird die maschinelle Verarbeitung, je nach Umgebungsbedingungen, nur f\u00fcr nicht ausgedehnte Fl\u00e4chen empfohlen, da die raschere Trocknung gegen\u00fcber eines werksgemischten Putzes - wie beispielsweise KC 1 - zu ber\u00fccksichtigen ist."],"supply":["In feuchtigkeitsgesch\u00fctzten Spezials\u00e4cken zu ca. 25 kg"],"attributes":{"Attributes_1":{"MEHRZWECKPRODUKTE":"Mehrzweckprodukte"},"Attributes_2":{"AUSSENBEREICH":"Au\u00dfenbereich","INNENBEREICH":"Innenbereich"}},"___attributes":{"FASSAES":{"FASSA_SISTEMA_INTONACATURA_E_COSTRUZIONE":{"Attributes_1":["Grundputze"],"Attributes_2":["Au\u00dfenbereich"]}},"FASSA":{"FASSA_SISTEMA_INTONACATURA_E_COSTRUZIONE":{"Attributes_1":["Mehrzweckprodukte"],"Attributes_2":["Au\u00dfenbereich","Innenbereich"]}}},"elastic_market_index":"it","structured_data":{"@context":"https:\/\/schema.org","@type":"Product","name":"MS 20","description":["Faserverst\u00e4rkter Zementm\u00f6rtel f\u00fcr Mauerwerks- und Verputzarbeiten im Innen- und Au\u00dfenbereich"],"url":"https:\/\/www.fassabortolo.it\/de\/produkte\/verputz-und-bausystem\/traditionelle-produkte\/ms-20","identifier":"PROD_MS_20","sku":"PROD_MS_20","image":"https:\/\/www.fassabortolo.it\/wp-content\/uploads\/media\/assets\/MS_20.jpg","brand":{"@type":"Brand","name":"Fassa Bortolo"},"manufacturer":{"@type":"Organization","name":"Fassa Bortolo","url":"https:\/\/www.fassabortolo.it"},"additionalProperty":[{"@type":"PropertyValue","name":"Use Case 1","value":"MS 20 wird als Mauerm\u00f6rtel f\u00fcr Mauerwerke aus Ziegelstein, Betonblockstein usw. verwendet, ebenso als Grundputz f\u00fcr die Hand- und Maschinenverarbeitung auf Mauerwerken aus Ziegelstein, Betonblockstein, Rohbeton usw.."},{"@type":"PropertyValue","name":"Use Case 2","value":"F\u00fcr Verputzarbeiten wird die maschinelle Verarbeitung, je nach Umgebungsbedingungen, nur f\u00fcr nicht ausgedehnte Fl\u00e4chen empfohlen, da die raschere Trocknung gegen\u00fcber eines werksgemischten Putzes - wie beispielsweise KC 1 - zu ber\u00fccksichtigen ist."},{"@type":"PropertyValue","name":"Supply Information","value":"In feuchtigkeitsgesch\u00fctzten Spezials\u00e4cken zu ca. 25 kg"},{"@type":"PropertyValue","name":"Attributes_1","value":"Mehrzweckprodukte"},{"@type":"PropertyValue","name":"Attributes_2","value":"Au\u00dfenbereich"},{"@type":"PropertyValue","name":"Attributes_2","value":"Innenbereich"}],"category":[{"@type":"ProductCollection","name":"TRADITIONELLE PRODUKTE","identifier":"FASSA_LINEA_PRODOTTI_TRADIZIONALI_SISTEMA_INTONACATURA"},{"@type":"Collection","name":"VERPUTZ- UND BAUSYSTEM","identifier":"FASSA_SISTEMA_INTONACATURA_E_COSTRUZIONE"}],"inLanguage":"de"},"_links":{"self":[{"href":"https:\/\/www.fassabortolo.it\/de\/wp-json\/wp\/v2\/product\/3498111","targetHints":{"allow":["GET"]}}],"collection":[{"href":"https:\/\/www.fassabortolo.it\/de\/wp-json\/wp\/v2\/product"}],"about":[{"href":"https:\/\/www.fassabortolo.it\/de\/wp-json\/wp\/v2\/types\/product"}],"wp:attachment":[{"href":"https:\/\/www.fassabortolo.it\/de\/wp-json\/wp\/v2\/media?parent=3498111"}],"curies":[{"name":"wp","href":"https:\/\/api.w.org\/{rel}","templated":true}]}}