{"id":3498139,"date":"2026-01-20T15:11:44","date_gmt":"2026-01-20T14:11:44","guid":{"rendered":"http:\/\/10.6.201.155\/?post_type=product&#038;p=52479"},"modified":"2026-05-15T01:32:11","modified_gmt":"2026-05-14T23:32:11","slug":"glaswolle-dammrolle-038","status":"publish","type":"product","link":"https:\/\/www.fassabortolo.it\/de\/produkte\/sistema-gypsotech\/warmedamm-und-schalldammplatten\/glaswolle-dammrolle-038","title":{"rendered":"GLASWOLLE-D\u00c4MMROLLE 038"},"content":{"rendered":"","protected":false},"featured_media":0,"template":"","class_list":["post-3498139","product","type-product","status-publish","hentry"],"acf":[],"fimg":{"url":"https:\/\/www.fassabortolo.it\/wp-content\/uploads\/media\/assets\/GYPSOGLASS_039.jpg","alt":"GLASWOLLE-D\u00c4MMROLLE 038"},"product_description":["Glaswolle-d\u00e4mmrolle 038"],"ekr_hierarchy_settings":{"it":{"FASSA_LINEA_PANNELLI_ISOLAMENTO_TERMICO_ACUSTICO_SISTEMA_GYPSOTECH":{"ekr_position":1}},"ch":{"FASSA_LINEA_PANNELLI_ISOLAMENTO_TERMICO_ACUSTICO_SISTEMA_GYPSOTECH":{"ekr_position":1}},"lu":{"FASSA_LINEA_PANNELLI_ISOLAMENTO_TERMICO_ACUSTICO_SISTEMA_GYPSOTECH":{"ekr_position":1}}},"lang":{"language_code":"de","locale":"de_DE","text_direction":false,"display_name":"Deutsch","native_name":"Tedesco","different_language":false},"systems":[{"id":3497518,"name":"GYPSOTECH\u00ae-System","permalink":"https:\/\/www.fassabortolo.it\/de\/produkte\/sistema-gypsotech\/","slug":"sistema-gypsotech","ekr_pallet_code":"FASSA_SISTEMA_GYPSOTECH"}],"product_pallet_code":"PROD_PANNELLO_ARROTOLATO_LANA_DI_VETRO_038","lines":[{"id":3497465,"name":"W\u00c4RMED\u00c4MM- UND SCHALLD\u00c4MMPLATTEN","permalink":"https:\/\/www.fassabortolo.it\/de\/produkte\/\/warmedamm-und-schalldammplatten\/","slug":"warmedamm-und-schalldammplatten","system_codes":["FASSA_SISTEMA_GYPSOTECH"],"ekr_pallet_code":"FASSA_LINEA_PANNELLI_ISOLAMENTO_TERMICO_ACUSTICO_SISTEMA_GYPSOTECH"}],"use":["Die Glasfaserd\u00e4mmrollen 038 werden f\u00fcr die W\u00e4rme- und Schalld\u00e4mmung von Wandfl\u00e4chen, Vorsatzschalen und Deckenabh\u00e4ngungen aus beschichtetem Gips verwendet."],"supply":["Einzeln in Polyethylenverpackungen verschwei\u00dfte oder auf Paletten ausgelieferte D\u00e4mmrollen. &nbsp; Das Produkt ist mir Sorgfalt zu behandeln, um ein m\u00f6gliches Abl\u00f6sen der Unterlage zu vermeiden. &nbsp; Auch darf das Material nicht mit Erdreichber\u00fchrung eingelagert werden und ist vor Unwetter zu sch\u00fctzen."],"attributes":{"Attributes_1":{"GLASWOLLE":"Glaswolle"},"Attributes_2":{"INNENBEREICH":"Innenbereich"}},"___attributes":{"FASSA":{"FASSA_SISTEMA_GYPSOTECH":{"Attributes_1":["Glaswolle"],"Attributes_2":["Innenbereich"]}}},"elastic_market_index":"it","structured_data":{"@context":"https:\/\/schema.org","@type":"Product","name":"GLASWOLLE-D\u00c4MMROLLE 038","description":["Glaswolle-d\u00e4mmrolle 038"],"url":"https:\/\/www.fassabortolo.it\/de\/produkte\/sistema-gypsotech\/warmedamm-und-schalldammplatten\/glaswolle-dammrolle-038","identifier":"PROD_PANNELLO_ARROTOLATO_LANA_DI_VETRO_038","sku":"PROD_PANNELLO_ARROTOLATO_LANA_DI_VETRO_038","image":"https:\/\/www.fassabortolo.it\/wp-content\/uploads\/media\/assets\/GYPSOGLASS_039.jpg","brand":{"@type":"Brand","name":"Fassa Bortolo"},"manufacturer":{"@type":"Organization","name":"Fassa Bortolo","url":"https:\/\/www.fassabortolo.it"},"additionalProperty":[{"@type":"PropertyValue","name":"Use Case 1","value":"Die Glasfaserd\u00e4mmrollen 038 werden f\u00fcr die W\u00e4rme- und Schalld\u00e4mmung von Wandfl\u00e4chen, Vorsatzschalen und Deckenabh\u00e4ngungen aus beschichtetem Gips verwendet."},{"@type":"PropertyValue","name":"Supply Information","value":"Einzeln in Polyethylenverpackungen verschwei\u00dfte oder auf Paletten ausgelieferte D\u00e4mmrollen. &nbsp; Das Produkt ist mir Sorgfalt zu behandeln, um ein m\u00f6gliches Abl\u00f6sen der Unterlage zu vermeiden. &nbsp; Auch darf das Material nicht mit Erdreichber\u00fchrung eingelagert werden und ist vor Unwetter zu sch\u00fctzen."},{"@type":"PropertyValue","name":"Attributes_1","value":"Glaswolle"},{"@type":"PropertyValue","name":"Attributes_2","value":"Innenbereich"}],"category":[{"@type":"ProductCollection","name":"W\u00c4RMED\u00c4MM- UND SCHALLD\u00c4MMPLATTEN","identifier":"FASSA_LINEA_PANNELLI_ISOLAMENTO_TERMICO_ACUSTICO_SISTEMA_GYPSOTECH"},{"@type":"Collection","name":"GYPSOTECH\u00ae-System","identifier":"FASSA_SISTEMA_GYPSOTECH"}],"inLanguage":"de"},"_links":{"self":[{"href":"https:\/\/www.fassabortolo.it\/de\/wp-json\/wp\/v2\/product\/3498139","targetHints":{"allow":["GET"]}}],"collection":[{"href":"https:\/\/www.fassabortolo.it\/de\/wp-json\/wp\/v2\/product"}],"about":[{"href":"https:\/\/www.fassabortolo.it\/de\/wp-json\/wp\/v2\/types\/product"}],"wp:attachment":[{"href":"https:\/\/www.fassabortolo.it\/de\/wp-json\/wp\/v2\/media?parent=3498139"}],"curies":[{"name":"wp","href":"https:\/\/api.w.org\/{rel}","templated":true}]}}