{"id":3498155,"date":"2026-01-20T15:11:54","date_gmt":"2026-01-20T14:11:54","guid":{"rendered":"http:\/\/10.6.201.155\/?post_type=product&#038;p=52541"},"modified":"2026-05-15T01:33:13","modified_gmt":"2026-05-14T23:33:13","slug":"farbpasten-fur-innen-und-aussen","status":"publish","type":"product","link":"https:\/\/www.fassabortolo.it\/de\/produkte\/sistema-fassacolour\/komplementare-produkte\/farbpasten-fur-innen-und-aussen","title":{"rendered":"FARBPASTEN F\u00dcR INNEN UND AUSSEN"},"content":{"rendered":"","protected":false},"featured_media":0,"template":"","class_list":["post-3498155","product","type-product","status-publish","hentry"],"acf":[],"fimg":{"url":"https:\/\/www.fassabortolo.it\/wp-content\/uploads\/media\/assets\/PASTE_COLORANTI.jpg","alt":"FARBPASTEN F\u00dcR INNEN UND AUSSEN"},"product_description":["Wasserbasierte Farbpasten f\u00fcr das Farbmischsystem ColorLife"],"ekr_hierarchy_settings":{"it":{"FASSA_LINEA_PRODOTTI_COMPLEMENTARI_SISTEMA_COLORE":{"ekr_position":4}},"ch":{"FASSA_LINEA_PRODOTTI_COMPLEMENTARI_SISTEMA_COLORE":{"ekr_position":1}},"es":{"FASSAES_LINEA_PRODOTTI_COMPLEMENTARI_SISTEMA_COLORE":{"ekr_position":1}},"lu":{"FASSA_LINEA_PRODOTTI_COMPLEMENTARI_SISTEMA_COLORE":{"ekr_position":1}}},"lang":{"language_code":"de","locale":"de_DE","text_direction":false,"display_name":"Deutsch","native_name":"Tedesco","different_language":false},"systems":[{"id":3497509,"name":"FASSACOLOUR\u00ae-System","permalink":"https:\/\/www.fassabortolo.it\/de\/produkte\/sistema-fassacolour\/","slug":"sistema-fassacolour","ekr_pallet_code":"FASSA_SISTEMA_COLORE_FASSACOLOUR"}],"product_pallet_code":"PROD_PASTE_COLORANTI_INTERNI_ESTERNI","lines":[{"id":3497474,"name":"KOMPLEMENT\u00c4RE PRODUKTE","permalink":"https:\/\/www.fassabortolo.it\/de\/produkte\/\/komplementare-produkte\/","slug":"komplementare-produkte","system_codes":["FASSA_SISTEMA_COLORE_FASSACOLOUR"],"ekr_pallet_code":"FASSA_LINEA_PRODOTTI_COMPLEMENTARI_SISTEMA_COLORE"}],"use":["Die zw\u00f6lf anorganischen Farbpasten eignen sich zur Einf\u00e4rbung von Fassa Produkten f\u00fcr den Innen- und Au\u00dfenbereich, um eine breite Auswahlpalette an klassischen und modernen Farbt\u00f6nen zu erhalten. &nbsp; Die organischen Farbpasten (rot RB und schwarz CK) eignen sich zur Verwendung in Produkten sowohl f\u00fcr den Innen- als auch f\u00fcr den Au\u00dfenbereich sofern sie entsprechend den Angaben im Kapitel \"Hinweise\" verwendet werden."],"supply":["Gebinde zu ca. 2,5 l &nbsp; (ausgenommen Paste CK Schwarz zu ca. 1 l)"],"attributes":{"Attributes_1":[],"Attributes_2":{"AUSSENBEREICH":"Au\u00dfenbereich","INNENBEREICH":"Innenbereich"}},"___attributes":{"FASSA":{"FASSA_SISTEMA_COLORE_FASSACOLOUR":{"Attributes_2":["Au\u00dfenbereich","Innenbereich"]}}},"elastic_market_index":"it","structured_data":{"@context":"https:\/\/schema.org","@type":"Product","name":"FARBPASTEN F\u00dcR INNEN UND AUSSEN","description":["Wasserbasierte Farbpasten f\u00fcr das Farbmischsystem ColorLife"],"url":"https:\/\/www.fassabortolo.it\/de\/produkte\/sistema-fassacolour\/komplementare-produkte\/farbpasten-fur-innen-und-aussen","identifier":"PROD_PASTE_COLORANTI_INTERNI_ESTERNI","sku":"PROD_PASTE_COLORANTI_INTERNI_ESTERNI","image":"https:\/\/www.fassabortolo.it\/wp-content\/uploads\/media\/assets\/PASTE_COLORANTI.jpg","brand":{"@type":"Brand","name":"Fassa Bortolo"},"manufacturer":{"@type":"Organization","name":"Fassa Bortolo","url":"https:\/\/www.fassabortolo.it"},"additionalProperty":[{"@type":"PropertyValue","name":"Use Case 1","value":"Die zw\u00f6lf anorganischen Farbpasten eignen sich zur Einf\u00e4rbung von Fassa Produkten f\u00fcr den Innen- und Au\u00dfenbereich, um eine breite Auswahlpalette an klassischen und modernen Farbt\u00f6nen zu erhalten. &nbsp; Die organischen Farbpasten (rot RB und schwarz CK) eignen sich zur Verwendung in Produkten sowohl f\u00fcr den Innen- als auch f\u00fcr den Au\u00dfenbereich sofern sie entsprechend den Angaben im Kapitel \"Hinweise\" verwendet werden."},{"@type":"PropertyValue","name":"Supply Information","value":"Gebinde zu ca. 2,5 l &nbsp; (ausgenommen Paste CK Schwarz zu ca. 1 l)"},{"@type":"PropertyValue","name":"Attributes_2","value":"Au\u00dfenbereich"},{"@type":"PropertyValue","name":"Attributes_2","value":"Innenbereich"}],"category":[{"@type":"ProductCollection","name":"KOMPLEMENT\u00c4RE PRODUKTE","identifier":"FASSA_LINEA_PRODOTTI_COMPLEMENTARI_SISTEMA_COLORE"},{"@type":"Collection","name":"FASSACOLOUR\u00ae-System","identifier":"FASSA_SISTEMA_COLORE_FASSACOLOUR"}],"inLanguage":"de"},"_links":{"self":[{"href":"https:\/\/www.fassabortolo.it\/de\/wp-json\/wp\/v2\/product\/3498155","targetHints":{"allow":["GET"]}}],"collection":[{"href":"https:\/\/www.fassabortolo.it\/de\/wp-json\/wp\/v2\/product"}],"about":[{"href":"https:\/\/www.fassabortolo.it\/de\/wp-json\/wp\/v2\/types\/product"}],"wp:attachment":[{"href":"https:\/\/www.fassabortolo.it\/de\/wp-json\/wp\/v2\/media?parent=3498155"}],"curies":[{"name":"wp","href":"https:\/\/api.w.org\/{rel}","templated":true}]}}