{"id":3498160,"date":"2026-01-20T15:12:19","date_gmt":"2026-01-20T14:12:19","guid":{"rendered":"http:\/\/10.6.201.155\/?post_type=product&#038;p=52560"},"modified":"2026-02-04T16:55:14","modified_gmt":"2026-02-04T15:55:14","slug":"laibungsprofil-aus-pvc-mit-dichtband","status":"publish","type":"product","link":"https:\/\/www.fassabortolo.it\/de\/produkte\/sistema-isolamento-termico-fassatherm\/komplementare-produkte\/laibungsprofil-aus-pvc-mit-dichtband","title":{"rendered":"LAIBUNGSPROFIL AUS PVC MIT DICHTBAND"},"content":{"rendered":"","protected":false},"featured_media":0,"template":"","class_list":["post-3498160","product","type-product","status-publish","hentry"],"acf":[],"fimg":{"url":"https:\/\/www.fassabortolo.it\/wp-content\/uploads\/media\/assets\/PROFILO_PVC_INFISSI_NASTRO_GUARNIZIONE.jpg","alt":"LAIBUNGSPROFIL AUS PVC MIT DICHTBAND"},"product_description":["PVC-Laibungsprofile mit dichtband DICHTBAND"],"ekr_hierarchy_settings":{"it":{"FASSA_LINEA_PRODOTTI_COMPLEMENTARI_SISTEMA_ISOLAMENTO":{"ekr_position":32}},"es":{"FASSAES_LINEA_PRODOTTI_COMPLEMENTARI_SISTEMA_ISOLAMENTO":{"ekr_position":12}},"lu":{"FASSA_LINEA_PRODOTTI_COMPLEMENTARI_SISTEMA_ISOLAMENTO":{"ekr_position":14}}},"lang":{"language_code":"de","locale":"de_DE","text_direction":false,"display_name":"Deutsch","native_name":"Tedesco","different_language":false},"systems":[{"id":3497519,"name":"W\u00c4RMED\u00c4MMVERBUNDSYSTEM FASSATHERM\u00ae","permalink":"https:\/\/www.fassabortolo.it\/de\/produkte\/sistema-isolamento-termico-fassatherm\/","slug":"sistema-isolamento-termico-fassatherm","ekr_pallet_code":"FASSA_SISTEMA_ISOLAMENTO_TERMICO_FASSATHERM"}],"product_pallet_code":"PROD_PROFILO_IN_PVC_PER_INFISSI_CON_NASTRO_DI_GUARNIZIONE","lines":[{"id":3497472,"name":"KOMPLEMENT\u00c4RE PRODUKTE","permalink":"https:\/\/www.fassabortolo.it\/de\/produkte\/\/komplementare-produkte\/","slug":"komplementare-produkte","system_codes":["FASSA_SISTEMA_ISOLAMENTO_TERMICO_FASSATHERM"],"ekr_pallet_code":"FASSA_LINEA_PRODOTTI_COMPLEMENTARI_SISTEMA_ISOLAMENTO"}],"use":null,"supply":null,"attributes":null,"___attributes":null,"elastic_market_index":"it","structured_data":{"@context":"https:\/\/schema.org","@type":"Product","name":"LAIBUNGSPROFIL AUS PVC MIT DICHTBAND","description":["PVC-Laibungsprofile mit dichtband DICHTBAND"],"url":"https:\/\/www.fassabortolo.it\/de\/produkte\/sistema-isolamento-termico-fassatherm\/komplementare-produkte\/laibungsprofil-aus-pvc-mit-dichtband","identifier":"PROD_PROFILO_IN_PVC_PER_INFISSI_CON_NASTRO_DI_GUARNIZIONE","sku":"PROD_PROFILO_IN_PVC_PER_INFISSI_CON_NASTRO_DI_GUARNIZIONE","image":"https:\/\/www.fassabortolo.it\/wp-content\/uploads\/media\/assets\/PROFILO_PVC_INFISSI_NASTRO_GUARNIZIONE.jpg","brand":{"@type":"Brand","name":"Fassa Bortolo"},"manufacturer":{"@type":"Organization","name":"Fassa Bortolo","url":"https:\/\/www.fassabortolo.it"},"category":[{"@type":"ProductCollection","name":"KOMPLEMENT\u00c4RE PRODUKTE","identifier":"FASSA_LINEA_PRODOTTI_COMPLEMENTARI_SISTEMA_ISOLAMENTO"},{"@type":"Collection","name":"W\u00c4RMED\u00c4MMVERBUNDSYSTEM FASSATHERM\u00ae","identifier":"FASSA_SISTEMA_ISOLAMENTO_TERMICO_FASSATHERM"}],"inLanguage":"de"},"_links":{"self":[{"href":"https:\/\/www.fassabortolo.it\/de\/wp-json\/wp\/v2\/product\/3498160","targetHints":{"allow":["GET"]}}],"collection":[{"href":"https:\/\/www.fassabortolo.it\/de\/wp-json\/wp\/v2\/product"}],"about":[{"href":"https:\/\/www.fassabortolo.it\/de\/wp-json\/wp\/v2\/types\/product"}],"wp:attachment":[{"href":"https:\/\/www.fassabortolo.it\/de\/wp-json\/wp\/v2\/media?parent=3498160"}],"curies":[{"name":"wp","href":"https:\/\/api.w.org\/{rel}","templated":true}]}}