{"id":3498163,"date":"2026-01-20T15:11:58","date_gmt":"2026-01-20T14:11:58","guid":{"rendered":"http:\/\/10.6.201.155\/?post_type=product&#038;p=52573"},"modified":"2026-04-23T10:36:46","modified_gmt":"2026-04-23T08:36:46","slug":"primer-dg-74","status":"publish","type":"product","link":"https:\/\/www.fassabortolo.it\/de\/produkte\/verlegesystem-fur-boden-und-wandbelage\/fassafloor-verlegegrunde\/primer-dg-74","title":{"rendered":"PRIMER DG 74"},"content":{"rendered":"","protected":false},"featured_media":0,"template":"","class_list":["post-3498163","product","type-product","status-publish","hentry"],"acf":[],"fimg":{"url":"https:\/\/www.fassabortolo.it\/wp-content\/uploads\/media\/assets\/PRIMER_DG_74.jpg","alt":"PRIMER DG 74"},"product_description":["Wasserbasierter Haftgrund auf Kunstharzbasis"],"ekr_hierarchy_settings":{"it":{"FASSA_LINEA_FASSAFLOOR_FONDI_DI_POSA_SISTEMA_POSA":{"ekr_position":21}},"lu":{"FASSA_LINEA_FASSAFLOOR_FONDI_DI_POSA_SISTEMA_POSA":{"ekr_position":10}}},"lang":{"language_code":"de","locale":"de_DE","text_direction":false,"display_name":"Deutsch","native_name":"Tedesco","different_language":false},"systems":[{"id":3497517,"name":"VERLEGESYSTEM F\u00dcR BODEN- UND WANDBEL\u00c4GE","permalink":"https:\/\/www.fassabortolo.it\/de\/produkte\/verlegesystem-fur-boden-und-wandbelage\/","slug":"verlegesystem-fur-boden-und-wandbelage","ekr_pallet_code":"FASSA_SISTEMA_POSA_PAVIMENTI_E_RIVESTIMENTI"}],"product_pallet_code":"PROD_PRIMER_DG_74","lines":[{"id":3497462,"name":"FASSAFLOOR &#8211; VERLEGEGR\u00dcNDE","permalink":"https:\/\/www.fassabortolo.it\/de\/produkte\/\/fassafloor-verlegegrunde\/","slug":"fassafloor-verlegegrunde","system_codes":["FASSA_SISTEMA_POSA_PAVIMENTI_E_RIVESTIMENTI"],"ekr_pallet_code":"FASSA_LINEA_FASSAFLOOR_FONDI_DI_POSA_SISTEMA_POSA"}],"use":["PRIMER DG 74 wird als Haftvermittler vor dem Verlegen von Fliesen aus Keramik, aus Steinzeug und Naturstein auf Unterlagen bestehend aus Gipsputz, aus Gipskartonplatten oder auf Anhydritestrichen verwendet, und zwar mit den Klebstoffen: AP 71 PERFORMANCE, AZ 59 FLEX, RAPID MAXI S1 und AT 99 MAXYFLEX.","Aufgrund der guten Bindemittel- und Filmbildungsf\u00e4higkeiten kann PRIMER DG 74 als Verfestigungsgrundierung auf Zement, \u00fcbereinstimmend mit der EN 12004, vor dem anschlie\u00dfenden Einsatz C2 klassifizierter zementgebundener Klebstoffe verwendet werden."],"supply":["Beh\u00e4lter zu ca. 20 kg und 5 kg"],"attributes":{"Attributes_1":{"GRUNDIERUNGEN":"Grundierungen"},"Attributes_2":{"INNENBEREICH":"Innenbereich"}},"___attributes":{"FASSAES":{"FASSA_SISTEMA_POSA_PAVIMENTI_E_RIVESTIMENTI":{"Attributes_1":["Grundierungen"],"Attributes_2":["Innenbereich"]}},"FASSA":{"FASSA_SISTEMA_POSA_PAVIMENTI_E_RIVESTIMENTI":{"Attributes_1":["Grundierungen"],"Attributes_2":["Innenbereich"]}}},"elastic_market_index":"it","structured_data":{"@context":"https:\/\/schema.org","@type":"Product","name":"PRIMER DG 74","description":["Wasserbasierter Haftgrund auf Kunstharzbasis"],"url":"https:\/\/www.fassabortolo.it\/de\/produkte\/verlegesystem-fur-boden-und-wandbelage\/fassafloor-verlegegrunde\/primer-dg-74","identifier":"PROD_PRIMER_DG_74","sku":"PROD_PRIMER_DG_74","image":"https:\/\/www.fassabortolo.it\/wp-content\/uploads\/media\/assets\/PRIMER_DG_74.jpg","brand":{"@type":"Brand","name":"Fassa Bortolo"},"manufacturer":{"@type":"Organization","name":"Fassa Bortolo","url":"https:\/\/www.fassabortolo.it"},"additionalProperty":[{"@type":"PropertyValue","name":"Use Case 1","value":"PRIMER DG 74 wird als Haftvermittler vor dem Verlegen von Fliesen aus Keramik, aus Steinzeug und Naturstein auf Unterlagen bestehend aus Gipsputz, aus Gipskartonplatten oder auf Anhydritestrichen verwendet, und zwar mit den Klebstoffen: AP 71 PERFORMANCE, AZ 59 FLEX, RAPID MAXI S1 und AT 99 MAXYFLEX."},{"@type":"PropertyValue","name":"Use Case 2","value":"Aufgrund der guten Bindemittel- und Filmbildungsf\u00e4higkeiten kann PRIMER DG 74 als Verfestigungsgrundierung auf Zement, \u00fcbereinstimmend mit der EN 12004, vor dem anschlie\u00dfenden Einsatz C2 klassifizierter zementgebundener Klebstoffe verwendet werden."},{"@type":"PropertyValue","name":"Supply Information","value":"Beh\u00e4lter zu ca. 20 kg und 5 kg"},{"@type":"PropertyValue","name":"Attributes_1","value":"Grundierungen"},{"@type":"PropertyValue","name":"Attributes_2","value":"Innenbereich"}],"category":[{"@type":"ProductCollection","name":"FASSAFLOOR &#8211; VERLEGEGR\u00dcNDE","identifier":"FASSA_LINEA_FASSAFLOOR_FONDI_DI_POSA_SISTEMA_POSA"},{"@type":"Collection","name":"VERLEGESYSTEM F\u00dcR BODEN- UND WANDBEL\u00c4GE","identifier":"FASSA_SISTEMA_POSA_PAVIMENTI_E_RIVESTIMENTI"}],"inLanguage":"de"},"_links":{"self":[{"href":"https:\/\/www.fassabortolo.it\/de\/wp-json\/wp\/v2\/product\/3498163","targetHints":{"allow":["GET"]}}],"collection":[{"href":"https:\/\/www.fassabortolo.it\/de\/wp-json\/wp\/v2\/product"}],"about":[{"href":"https:\/\/www.fassabortolo.it\/de\/wp-json\/wp\/v2\/types\/product"}],"wp:attachment":[{"href":"https:\/\/www.fassabortolo.it\/de\/wp-json\/wp\/v2\/media?parent=3498163"}],"curies":[{"name":"wp","href":"https:\/\/api.w.org\/{rel}","templated":true}]}}