{"id":3498172,"date":"2026-01-20T15:12:04","date_gmt":"2026-01-20T14:12:04","guid":{"rendered":"http:\/\/10.6.201.155\/?post_type=product&#038;p=52617"},"modified":"2026-02-04T16:55:14","modified_gmt":"2026-02-04T15:55:14","slug":"bohrer-fur-lochziegel","status":"publish","type":"product","link":"https:\/\/www.fassabortolo.it\/de\/produkte\/sistema-isolamento-termico-fassatherm\/komplementare-produkte\/bohrer-fur-lochziegel","title":{"rendered":"BOHRER F\u00dcR LOCHZIEGEL"},"content":{"rendered":"","protected":false},"featured_media":0,"template":"","class_list":["post-3498172","product","type-product","status-publish","hentry"],"acf":[],"fimg":{"url":"https:\/\/www.fassabortolo.it\/wp-content\/uploads\/media\/assets\/PUNTE_PER_LATERIZIO_FORATO.jpg","alt":"BOHRER F\u00dcR LOCHZIEGEL"},"product_description":["Bohrer f\u00fcr Lochziegel"],"ekr_hierarchy_settings":{"it":{"FASSA_LINEA_PRODOTTI_COMPLEMENTARI_SISTEMA_ISOLAMENTO":{"ekr_position":11}},"es":{"FASSAES_LINEA_PRODOTTI_COMPLEMENTARI_SISTEMA_ISOLAMENTO":{"ekr_position":11}},"lu":{"FASSA_LINEA_PRODOTTI_COMPLEMENTARI_SISTEMA_ISOLAMENTO":{"ekr_position":13}}},"lang":{"language_code":"de","locale":"de_DE","text_direction":false,"display_name":"Deutsch","native_name":"Tedesco","different_language":false},"systems":[{"id":3497519,"name":"W\u00c4RMED\u00c4MMVERBUNDSYSTEM FASSATHERM\u00ae","permalink":"https:\/\/www.fassabortolo.it\/de\/produkte\/sistema-isolamento-termico-fassatherm\/","slug":"sistema-isolamento-termico-fassatherm","ekr_pallet_code":"FASSA_SISTEMA_ISOLAMENTO_TERMICO_FASSATHERM"}],"product_pallet_code":"PROD_PUNTE_PER_LATERIZIO_FORATO","lines":[{"id":3497472,"name":"KOMPLEMENT\u00c4RE PRODUKTE","permalink":"https:\/\/www.fassabortolo.it\/de\/produkte\/\/komplementare-produkte\/","slug":"komplementare-produkte","system_codes":["FASSA_SISTEMA_ISOLAMENTO_TERMICO_FASSATHERM"],"ekr_pallet_code":"FASSA_LINEA_PRODOTTI_COMPLEMENTARI_SISTEMA_ISOLAMENTO"}],"use":null,"supply":null,"attributes":null,"___attributes":null,"elastic_market_index":"it","structured_data":{"@context":"https:\/\/schema.org","@type":"Product","name":"BOHRER F\u00dcR LOCHZIEGEL","description":["Bohrer f\u00fcr Lochziegel"],"url":"https:\/\/www.fassabortolo.it\/de\/produkte\/sistema-isolamento-termico-fassatherm\/komplementare-produkte\/bohrer-fur-lochziegel","identifier":"PROD_PUNTE_PER_LATERIZIO_FORATO","sku":"PROD_PUNTE_PER_LATERIZIO_FORATO","image":"https:\/\/www.fassabortolo.it\/wp-content\/uploads\/media\/assets\/PUNTE_PER_LATERIZIO_FORATO.jpg","brand":{"@type":"Brand","name":"Fassa Bortolo"},"manufacturer":{"@type":"Organization","name":"Fassa Bortolo","url":"https:\/\/www.fassabortolo.it"},"category":[{"@type":"ProductCollection","name":"KOMPLEMENT\u00c4RE PRODUKTE","identifier":"FASSA_LINEA_PRODOTTI_COMPLEMENTARI_SISTEMA_ISOLAMENTO"},{"@type":"Collection","name":"W\u00c4RMED\u00c4MMVERBUNDSYSTEM FASSATHERM\u00ae","identifier":"FASSA_SISTEMA_ISOLAMENTO_TERMICO_FASSATHERM"}],"inLanguage":"de"},"_links":{"self":[{"href":"https:\/\/www.fassabortolo.it\/de\/wp-json\/wp\/v2\/product\/3498172","targetHints":{"allow":["GET"]}}],"collection":[{"href":"https:\/\/www.fassabortolo.it\/de\/wp-json\/wp\/v2\/product"}],"about":[{"href":"https:\/\/www.fassabortolo.it\/de\/wp-json\/wp\/v2\/types\/product"}],"wp:attachment":[{"href":"https:\/\/www.fassabortolo.it\/de\/wp-json\/wp\/v2\/media?parent=3498172"}],"curies":[{"name":"wp","href":"https:\/\/api.w.org\/{rel}","templated":true}]}}