{"id":3498180,"date":"2026-01-20T15:12:13","date_gmt":"2026-01-20T14:12:13","guid":{"rendered":"http:\/\/10.6.201.155\/?post_type=product&#038;p=52645"},"modified":"2026-05-15T01:34:15","modified_gmt":"2026-05-14T23:34:15","slug":"rb-301","status":"publish","type":"product","link":"https:\/\/www.fassabortolo.it\/de\/produkte\/verputz-und-bausystem\/produkte-auf-basis-von-luftkalk\/rb-301","title":{"rendered":"RB 301"},"content":{"rendered":"","protected":false},"featured_media":0,"template":"","class_list":["post-3498180","product","type-product","status-publish","hentry"],"acf":[],"fimg":{"url":"https:\/\/www.fassabortolo.it\/wp-content\/uploads\/media\/assets\/RB_301.jpg","alt":"RB 301"},"product_description":["Extrawei\u00dfer Mineral-Edelputz mit Marmorino-Optik, f\u00fcr au\u00dfen und innen"],"ekr_hierarchy_settings":{"it":{"FASSA_LINEA_PRODOTTI_A_BASE_CALCE_AEREA_SISTEMA_INTONACATURA":{"ekr_position":8}},"ch":{"FASSA_LINEA_PRODOTTI_A_BASE_CALCE_AEREA_SISTEMA_INTONACATURA":{"ekr_position":4}},"lu":{"FASSA_LINEA_PRODOTTI_A_BASE_CALCE_AEREA_SISTEMA_INTONACATURA":{"ekr_position":4}}},"lang":{"language_code":"de","locale":"de_DE","text_direction":false,"display_name":"Deutsch","native_name":"Tedesco","different_language":false},"systems":[{"id":3497520,"name":"VERPUTZ- UND BAUSYSTEM","permalink":"https:\/\/www.fassabortolo.it\/de\/produkte\/verputz-und-bausystem\/","slug":"verputz-und-bausystem","ekr_pallet_code":"FASSA_SISTEMA_INTONACATURA_E_COSTRUZIONE"}],"product_pallet_code":"PROD_RB_301","lines":[{"id":3497475,"name":"PRODUKTE AUF BASIS VON LUFTKALK","permalink":"https:\/\/www.fassabortolo.it\/de\/produkte\/\/produkte-auf-basis-von-luftkalk\/","slug":"produkte-auf-basis-von-luftkalk","system_codes":["FASSA_SISTEMA_INTONACATURA_E_COSTRUZIONE"],"ekr_pallet_code":"FASSA_LINEA_PRODOTTI_A_BASE_CALCE_AEREA_SISTEMA_INTONACATURA"}],"use":["RB 301 &nbsp; wird als Dekorputz im Au\u00dfen- und Innenbereich auf Grundputzen auf Kalk-\/Zementbasis verwendet, oder aber auf Armierspachtelungen mit alkalibest\u00e4ndigem Glasfaser-Armierungsgewebe. &nbsp; F\u00fcr Anwendungen im Au\u00dfenbereich empfehlen sich Grundputze auf Kalk- und Zementbasis mit hydrophobem Materialgehalt wie KI 7. &nbsp; F\u00fcr Anwendungen im Innenbereich empfehlen sich Grundputze auf Kalk- und Zementbasis (KB 13, KC 1, KS 9...).","Kann als Deckputz zur Vervollst\u00e4ndigung von Sanierzyklen mit makropor\u00f6sen Putzen an Mauerwerken mit aufsteigender Feuchtigkeit verwendet werden."],"supply":["In feuchtigkeitsgesch\u00fctzten Spezials\u00e4cken zu ca. 25 kg"],"attributes":{"Attributes_1":{"DECKPUTZE\/SPACHELUNGEN":"Deckputze\/Spachelungen"},"Attributes_2":{"AUSSENBEREICH":"Au\u00dfenbereich","INNENBEREICH":"Innenbereich"}},"___attributes":{"FASSA":{"FASSA_SISTEMA_INTONACATURA_E_COSTRUZIONE":{"Attributes_1":["Deckputze\/Spachelungen"],"Attributes_2":["Au\u00dfenbereich","Innenbereich"]}}},"elastic_market_index":"it","structured_data":{"@context":"https:\/\/schema.org","@type":"Product","name":"RB 301","description":["Extrawei\u00dfer Mineral-Edelputz mit Marmorino-Optik, f\u00fcr au\u00dfen und innen"],"url":"https:\/\/www.fassabortolo.it\/de\/produkte\/verputz-und-bausystem\/produkte-auf-basis-von-luftkalk\/rb-301","identifier":"PROD_RB_301","sku":"PROD_RB_301","image":"https:\/\/www.fassabortolo.it\/wp-content\/uploads\/media\/assets\/RB_301.jpg","brand":{"@type":"Brand","name":"Fassa Bortolo"},"manufacturer":{"@type":"Organization","name":"Fassa Bortolo","url":"https:\/\/www.fassabortolo.it"},"additionalProperty":[{"@type":"PropertyValue","name":"Use Case 1","value":"RB 301 &nbsp; wird als Dekorputz im Au\u00dfen- und Innenbereich auf Grundputzen auf Kalk-\/Zementbasis verwendet, oder aber auf Armierspachtelungen mit alkalibest\u00e4ndigem Glasfaser-Armierungsgewebe. &nbsp; F\u00fcr Anwendungen im Au\u00dfenbereich empfehlen sich Grundputze auf Kalk- und Zementbasis mit hydrophobem Materialgehalt wie KI 7. &nbsp; F\u00fcr Anwendungen im Innenbereich empfehlen sich Grundputze auf Kalk- und Zementbasis (KB 13, KC 1, KS 9...)."},{"@type":"PropertyValue","name":"Use Case 2","value":"Kann als Deckputz zur Vervollst\u00e4ndigung von Sanierzyklen mit makropor\u00f6sen Putzen an Mauerwerken mit aufsteigender Feuchtigkeit verwendet werden."},{"@type":"PropertyValue","name":"Supply Information","value":"In feuchtigkeitsgesch\u00fctzten Spezials\u00e4cken zu ca. 25 kg"},{"@type":"PropertyValue","name":"Attributes_1","value":"Deckputze\/Spachelungen"},{"@type":"PropertyValue","name":"Attributes_2","value":"Au\u00dfenbereich"},{"@type":"PropertyValue","name":"Attributes_2","value":"Innenbereich"}],"category":[{"@type":"ProductCollection","name":"PRODUKTE AUF BASIS VON LUFTKALK","identifier":"FASSA_LINEA_PRODOTTI_A_BASE_CALCE_AEREA_SISTEMA_INTONACATURA"},{"@type":"Collection","name":"VERPUTZ- UND BAUSYSTEM","identifier":"FASSA_SISTEMA_INTONACATURA_E_COSTRUZIONE"}],"inLanguage":"de"},"_links":{"self":[{"href":"https:\/\/www.fassabortolo.it\/de\/wp-json\/wp\/v2\/product\/3498180","targetHints":{"allow":["GET"]}}],"collection":[{"href":"https:\/\/www.fassabortolo.it\/de\/wp-json\/wp\/v2\/product"}],"about":[{"href":"https:\/\/www.fassabortolo.it\/de\/wp-json\/wp\/v2\/types\/product"}],"wp:attachment":[{"href":"https:\/\/www.fassabortolo.it\/de\/wp-json\/wp\/v2\/media?parent=3498180"}],"curies":[{"name":"wp","href":"https:\/\/api.w.org\/{rel}","templated":true}]}}