{"id":3498186,"date":"2026-01-20T15:12:19","date_gmt":"2026-01-20T14:12:19","guid":{"rendered":"http:\/\/10.6.201.155\/?post_type=product&#038;p=52672"},"modified":"2026-02-04T16:55:15","modified_gmt":"2026-02-04T15:55:15","slug":"ersatzblende-fur-gypsocomete-galaxy","status":"publish","type":"product","link":"https:\/\/www.fassabortolo.it\/de\/produkte\/sistema-gypsotech\/dekorierung-und-beleuchtung\/ersatzblende-fur-gypsocomete-galaxy","title":{"rendered":"Ersatzblende f\u00fcr GypsoCOMETE Galaxy"},"content":{"rendered":"","protected":false},"featured_media":0,"template":"","class_list":["post-3498186","product","type-product","status-publish","hentry"],"acf":[],"fimg":{"url":"https:\/\/www.fassabortolo.it\/wp-content\/uploads\/media\/assets\/GypsoCOMETE_Galaxy_Ricambio.jpg","alt":"Ersatzblende f\u00fcr GypsoCOMETE Galaxy"},"product_description":["Schutzblende aus mattem Polycarbonat mit UV-Schutz zu 24 mm Breite (f\u00fcr den Au\u00dfenbereich)."],"ekr_hierarchy_settings":{"it":{"FASSA_LINEA_DECORAZIONE_E_ILLUMINAZIONE_SISTEMA_GYPSOTECH":{"ekr_position":21}},"ch":{"FASSA_LINEA_DECORAZIONE_E_ILLUMINAZIONE_SISTEMA_GYPSOTECH":{"ekr_position":2}},"es":{"FASSAES_LINEA_DECORAZIONE_E_ILLUMINAZIONE_SISTEMA_GYPSOTECH":{"ekr_position":2}},"lu":{"FASSA_LINEA_DECORAZIONE_E_ILLUMINAZIONE_SISTEMA_GYPSOTECH":{"ekr_position":2}}},"lang":{"language_code":"de","locale":"de_DE","text_direction":false,"display_name":"Deutsch","native_name":"Tedesco","different_language":false},"systems":[{"id":3497518,"name":"GYPSOTECH\u00ae-System","permalink":"https:\/\/www.fassabortolo.it\/de\/produkte\/sistema-gypsotech\/","slug":"sistema-gypsotech","ekr_pallet_code":"FASSA_SISTEMA_GYPSOTECH"}],"product_pallet_code":"PROD_RICAMBIO_SCHERMO_GYPSOCOMETE_GALAXY","lines":[{"id":3497453,"name":"DEKORIERUNG UND BELEUCHTUNG","permalink":"https:\/\/www.fassabortolo.it\/de\/produkte\/\/dekorierung-und-beleuchtung\/","slug":"dekorierung-und-beleuchtung","system_codes":["FASSA_SISTEMA_GYPSOTECH"],"ekr_pallet_code":"FASSA_LINEA_DECORAZIONE_E_ILLUMINAZIONE_SISTEMA_GYPSOTECH"}],"use":null,"supply":null,"attributes":{"Attributes_1":{"SPEZIELLE":"Spezielle"},"Attributes_2":{"AUSSENBEREICH":"Au\u00dfenbereich"}},"___attributes":{"FASSAES":{"FASSA_SISTEMA_GYPSOTECH":{"Attributes_1":["Spezielle"],"Attributes_2":["Au\u00dfenbereich"]}},"FASSA":{"FASSA_SISTEMA_GYPSOTECH":{"Attributes_1":["Spezielle"],"Attributes_2":["Au\u00dfenbereich"]}}},"elastic_market_index":"it","structured_data":{"@context":"https:\/\/schema.org","@type":"Product","name":"Ersatzblende f\u00fcr GypsoCOMETE Galaxy","description":["Schutzblende aus mattem Polycarbonat mit UV-Schutz zu 24 mm Breite (f\u00fcr den Au\u00dfenbereich)."],"url":"https:\/\/www.fassabortolo.it\/de\/produkte\/sistema-gypsotech\/dekorierung-und-beleuchtung\/ersatzblende-fur-gypsocomete-galaxy","identifier":"PROD_RICAMBIO_SCHERMO_GYPSOCOMETE_GALAXY","sku":"PROD_RICAMBIO_SCHERMO_GYPSOCOMETE_GALAXY","image":"https:\/\/www.fassabortolo.it\/wp-content\/uploads\/media\/assets\/GypsoCOMETE_Galaxy_Ricambio.jpg","brand":{"@type":"Brand","name":"Fassa Bortolo"},"manufacturer":{"@type":"Organization","name":"Fassa Bortolo","url":"https:\/\/www.fassabortolo.it"},"additionalProperty":[{"@type":"PropertyValue","name":"Attributes_1","value":"Spezielle"},{"@type":"PropertyValue","name":"Attributes_2","value":"Au\u00dfenbereich"}],"category":[{"@type":"ProductCollection","name":"DEKORIERUNG UND BELEUCHTUNG","identifier":"FASSA_LINEA_DECORAZIONE_E_ILLUMINAZIONE_SISTEMA_GYPSOTECH"},{"@type":"Collection","name":"GYPSOTECH\u00ae-System","identifier":"FASSA_SISTEMA_GYPSOTECH"}],"inLanguage":"de"},"_links":{"self":[{"href":"https:\/\/www.fassabortolo.it\/de\/wp-json\/wp\/v2\/product\/3498186","targetHints":{"allow":["GET"]}}],"collection":[{"href":"https:\/\/www.fassabortolo.it\/de\/wp-json\/wp\/v2\/product"}],"about":[{"href":"https:\/\/www.fassabortolo.it\/de\/wp-json\/wp\/v2\/types\/product"}],"wp:attachment":[{"href":"https:\/\/www.fassabortolo.it\/de\/wp-json\/wp\/v2\/media?parent=3498186"}],"curies":[{"name":"wp","href":"https:\/\/api.w.org\/{rel}","templated":true}]}}