{"id":3498188,"date":"2026-01-20T15:12:21","date_gmt":"2026-01-20T14:12:21","guid":{"rendered":"http:\/\/10.6.201.155\/?post_type=product&#038;p=52683"},"modified":"2026-05-15T01:34:54","modified_gmt":"2026-05-14T23:34:54","slug":"rf-100","status":"publish","type":"product","link":"https:\/\/www.fassabortolo.it\/de\/produkte\/verputz-und-bausystem\/produkte-auf-basis-von-luftkalk\/rf-100","title":{"rendered":"RF 100"},"content":{"rendered":"","protected":false},"featured_media":0,"template":"","class_list":["post-3498188","product","type-product","status-publish","hentry"],"acf":[],"fimg":{"url":"https:\/\/www.fassabortolo.it\/wp-content\/uploads\/media\/assets\/RF_100.jpg","alt":"RF 100"},"product_description":["Wei\u00dfe Bio-Wandbeschichtung auf Mineralbasis mit Marmoroptik, f\u00fcr den Au\u00dfen- und Innenbereich"],"ekr_hierarchy_settings":{"it":{"FASSA_LINEA_PRODOTTI_A_BASE_CALCE_AEREA_SISTEMA_INTONACATURA":{"ekr_position":9}},"ch":{"FASSA_LINEA_PRODOTTI_A_BASE_CALCE_AEREA_SISTEMA_INTONACATURA":{"ekr_position":3}},"lu":{"FASSA_LINEA_PRODOTTI_A_BASE_CALCE_AEREA_SISTEMA_INTONACATURA":{"ekr_position":3}}},"lang":{"language_code":"de","locale":"de_DE","text_direction":false,"display_name":"Deutsch","native_name":"Tedesco","different_language":false},"systems":[{"id":3497520,"name":"VERPUTZ- UND BAUSYSTEM","permalink":"https:\/\/www.fassabortolo.it\/de\/produkte\/verputz-und-bausystem\/","slug":"verputz-und-bausystem","ekr_pallet_code":"FASSA_SISTEMA_INTONACATURA_E_COSTRUZIONE"}],"product_pallet_code":"PROD_RF_100","lines":[{"id":3497475,"name":"PRODUKTE AUF BASIS VON LUFTKALK","permalink":"https:\/\/www.fassabortolo.it\/de\/produkte\/\/produkte-auf-basis-von-luftkalk\/","slug":"produkte-auf-basis-von-luftkalk","system_codes":["FASSA_SISTEMA_INTONACATURA_E_COSTRUZIONE"],"ekr_pallet_code":"FASSA_LINEA_PRODOTTI_A_BASE_CALCE_AEREA_SISTEMA_INTONACATURA"}],"use":["RF 100 &nbsp; wird als Dekorputz im Au\u00dfen- und Innenbereich auf Grundputzen auf Kalk-\/Zementbasis verwendet, oder aber auf Armierspachtelungen mit alkalibest\u00e4ndigem Glasfaser-Armierungsgewebe. &nbsp; F\u00fcr Anwendungen im Au\u00dfenbereich empfehlen sich Grundputze auf Kalk- und Zementbasis mit hydrophobem Materialgehalt wie KI 7. &nbsp; F\u00fcr Anwendungen im Innenbereich empfehlen sich Grundputze auf Kalk- und Zementbasis (KB 13, KC 1, KS 9...)."],"supply":["In feuchtigkeitsgesch\u00fctzten Spezials\u00e4cken zu ca. 25 kg"],"attributes":{"Attributes_1":{"DECKPUTZE\/SPACHELUNGEN":"Deckputze\/Spachelungen"},"Attributes_2":{"AUSSENBEREICH":"Au\u00dfenbereich","INNENBEREICH":"Innenbereich"}},"___attributes":{"FASSA":{"FASSA_SISTEMA_INTONACATURA_E_COSTRUZIONE":{"Attributes_1":["Deckputze\/Spachelungen"],"Attributes_2":["Au\u00dfenbereich","Innenbereich"]}}},"elastic_market_index":"it","structured_data":{"@context":"https:\/\/schema.org","@type":"Product","name":"RF 100","description":["Wei\u00dfe Bio-Wandbeschichtung auf Mineralbasis mit Marmoroptik, f\u00fcr den Au\u00dfen- und Innenbereich"],"url":"https:\/\/www.fassabortolo.it\/de\/produkte\/verputz-und-bausystem\/produkte-auf-basis-von-luftkalk\/rf-100","identifier":"PROD_RF_100","sku":"PROD_RF_100","image":"https:\/\/www.fassabortolo.it\/wp-content\/uploads\/media\/assets\/RF_100.jpg","brand":{"@type":"Brand","name":"Fassa Bortolo"},"manufacturer":{"@type":"Organization","name":"Fassa Bortolo","url":"https:\/\/www.fassabortolo.it"},"additionalProperty":[{"@type":"PropertyValue","name":"Use Case 1","value":"RF 100 &nbsp; wird als Dekorputz im Au\u00dfen- und Innenbereich auf Grundputzen auf Kalk-\/Zementbasis verwendet, oder aber auf Armierspachtelungen mit alkalibest\u00e4ndigem Glasfaser-Armierungsgewebe. &nbsp; F\u00fcr Anwendungen im Au\u00dfenbereich empfehlen sich Grundputze auf Kalk- und Zementbasis mit hydrophobem Materialgehalt wie KI 7. &nbsp; F\u00fcr Anwendungen im Innenbereich empfehlen sich Grundputze auf Kalk- und Zementbasis (KB 13, KC 1, KS 9...)."},{"@type":"PropertyValue","name":"Supply Information","value":"In feuchtigkeitsgesch\u00fctzten Spezials\u00e4cken zu ca. 25 kg"},{"@type":"PropertyValue","name":"Attributes_1","value":"Deckputze\/Spachelungen"},{"@type":"PropertyValue","name":"Attributes_2","value":"Au\u00dfenbereich"},{"@type":"PropertyValue","name":"Attributes_2","value":"Innenbereich"}],"category":[{"@type":"ProductCollection","name":"PRODUKTE AUF BASIS VON LUFTKALK","identifier":"FASSA_LINEA_PRODOTTI_A_BASE_CALCE_AEREA_SISTEMA_INTONACATURA"},{"@type":"Collection","name":"VERPUTZ- UND BAUSYSTEM","identifier":"FASSA_SISTEMA_INTONACATURA_E_COSTRUZIONE"}],"inLanguage":"de"},"_links":{"self":[{"href":"https:\/\/www.fassabortolo.it\/de\/wp-json\/wp\/v2\/product\/3498188","targetHints":{"allow":["GET"]}}],"collection":[{"href":"https:\/\/www.fassabortolo.it\/de\/wp-json\/wp\/v2\/product"}],"about":[{"href":"https:\/\/www.fassabortolo.it\/de\/wp-json\/wp\/v2\/types\/product"}],"wp:attachment":[{"href":"https:\/\/www.fassabortolo.it\/de\/wp-json\/wp\/v2\/media?parent=3498188"}],"curies":[{"name":"wp","href":"https:\/\/api.w.org\/{rel}","templated":true}]}}