{"id":3498194,"date":"2026-01-20T15:12:05","date_gmt":"2026-01-20T14:12:05","guid":{"rendered":"http:\/\/10.6.201.155\/?post_type=product&#038;p=52699"},"modified":"2026-05-15T01:32:31","modified_gmt":"2026-05-14T23:32:31","slug":"pro-mst","status":"publish","type":"product","link":"https:\/\/www.fassabortolo.it\/de\/produkte\/verlegesystem-fur-boden-und-wandbelage\/fassafloor-verlegegrunde\/pro-mst","title":{"rendered":"PRO-MST"},"content":{"rendered":"","protected":false},"featured_media":0,"template":"","class_list":["post-3498194","product","type-product","status-publish","hentry"],"acf":[],"fimg":{"url":"https:\/\/www.fassabortolo.it\/wp-content\/uploads\/media\/assets\/PRO_MST.jpg","alt":"PRO-MST"},"product_description":["Zur Stabilisierung, Verfestigung und zum Staubschutz von Zementestrichen"],"ekr_hierarchy_settings":{"it":{"FASSA_LINEA_FASSAFLOOR_FONDI_DI_POSA_SISTEMA_POSA":{"ekr_position":25}},"es":{"FASSAES_LINEA_FASSAFLOOR_FONDI_DI_POSA_SISTEMA_POSA":{"ekr_position":6}},"lu":{"FASSA_LINEA_FASSAFLOOR_FONDI_DI_POSA_SISTEMA_POSA":{"ekr_position":9}}},"lang":{"language_code":"de","locale":"de_DE","text_direction":false,"display_name":"Deutsch","native_name":"Tedesco","different_language":false},"systems":[{"id":3497517,"name":"VERLEGESYSTEM F\u00dcR BODEN- UND WANDBEL\u00c4GE","permalink":"https:\/\/www.fassabortolo.it\/de\/produkte\/verlegesystem-fur-boden-und-wandbelage\/","slug":"verlegesystem-fur-boden-und-wandbelage","ekr_pallet_code":"FASSA_SISTEMA_POSA_PAVIMENTI_E_RIVESTIMENTI"}],"product_pallet_code":"PROD_PRO_MST","lines":[{"id":3497462,"name":"FASSAFLOOR &#8211; VERLEGEGR\u00dcNDE","permalink":"https:\/\/www.fassabortolo.it\/de\/produkte\/\/fassafloor-verlegegrunde\/","slug":"fassafloor-verlegegrunde","system_codes":["FASSA_SISTEMA_POSA_PAVIMENTI_E_RIVESTIMENTI"],"ekr_pallet_code":"FASSA_LINEA_FASSAFLOOR_FONDI_DI_POSA_SISTEMA_POSA"}],"use":["PRO MST wird verwendet f\u00fcr:","verfestigende Behandlung von Zementuntergr\u00fcnden oder von Untergr\u00fcnden, die auch in der Tiefe einen schlechten Zustand aufweisen;","Oberfl\u00e4chenbehandlung von Zementuntergr\u00fcnden, die durch zu schnelles Trocknen oder fehlendes Bindemittel zum Absanden neigen."],"supply":["Kanister zu ca. 25 kg"],"attributes":{"Attributes_1":{"GRUNDIERUNGEN":"Grundierungen","KOMPLEMENT\u00c4RPRODUKTE F\u00dcR VERLEGEUNTERGR\u00dcNDE":"Komplement\u00e4rprodukte f\u00fcr Verlegeuntergr\u00fcnde"},"Attributes_2":{"AUSSENBEREICH":"Au\u00dfenbereich","INNENBEREICH":"Innenbereich"}},"___attributes":{"FASSAES":{"FASSA_SISTEMA_POSA_PAVIMENTI_E_RIVESTIMENTI":{"Attributes_1":["Grundierungen","Komplement\u00e4rprodukte f\u00fcr Verlegeuntergr\u00fcnde"],"Attributes_2":["Au\u00dfenbereich","Innenbereich"]}},"FASSA":{"FASSA_SISTEMA_POSA_PAVIMENTI_E_RIVESTIMENTI":{"Attributes_1":["Grundierungen","Komplement\u00e4rprodukte f\u00fcr Verlegeuntergr\u00fcnde"],"Attributes_2":["Au\u00dfenbereich","Innenbereich"]}}},"elastic_market_index":"it","structured_data":{"@context":"https:\/\/schema.org","@type":"Product","name":"PRO-MST","description":["Zur Stabilisierung, Verfestigung und zum Staubschutz von Zementestrichen"],"url":"https:\/\/www.fassabortolo.it\/de\/produkte\/verlegesystem-fur-boden-und-wandbelage\/fassafloor-verlegegrunde\/pro-mst","identifier":"PROD_PRO_MST","sku":"PROD_PRO_MST","image":"https:\/\/www.fassabortolo.it\/wp-content\/uploads\/media\/assets\/PRO_MST.jpg","brand":{"@type":"Brand","name":"Fassa Bortolo"},"manufacturer":{"@type":"Organization","name":"Fassa Bortolo","url":"https:\/\/www.fassabortolo.it"},"additionalProperty":[{"@type":"PropertyValue","name":"Use Case 1","value":"PRO MST wird verwendet f\u00fcr:"},{"@type":"PropertyValue","name":"Use Case 2","value":"verfestigende Behandlung von Zementuntergr\u00fcnden oder von Untergr\u00fcnden, die auch in der Tiefe einen schlechten Zustand aufweisen;"},{"@type":"PropertyValue","name":"Use Case 3","value":"Oberfl\u00e4chenbehandlung von Zementuntergr\u00fcnden, die durch zu schnelles Trocknen oder fehlendes Bindemittel zum Absanden neigen."},{"@type":"PropertyValue","name":"Supply Information","value":"Kanister zu ca. 25 kg"},{"@type":"PropertyValue","name":"Attributes_1","value":"Grundierungen"},{"@type":"PropertyValue","name":"Attributes_1","value":"Komplement\u00e4rprodukte f\u00fcr Verlegeuntergr\u00fcnde"},{"@type":"PropertyValue","name":"Attributes_2","value":"Au\u00dfenbereich"},{"@type":"PropertyValue","name":"Attributes_2","value":"Innenbereich"}],"category":[{"@type":"ProductCollection","name":"FASSAFLOOR &#8211; VERLEGEGR\u00dcNDE","identifier":"FASSA_LINEA_FASSAFLOOR_FONDI_DI_POSA_SISTEMA_POSA"},{"@type":"Collection","name":"VERLEGESYSTEM F\u00dcR BODEN- UND WANDBEL\u00c4GE","identifier":"FASSA_SISTEMA_POSA_PAVIMENTI_E_RIVESTIMENTI"}],"inLanguage":"de"},"_links":{"self":[{"href":"https:\/\/www.fassabortolo.it\/de\/wp-json\/wp\/v2\/product\/3498194","targetHints":{"allow":["GET"]}}],"collection":[{"href":"https:\/\/www.fassabortolo.it\/de\/wp-json\/wp\/v2\/product"}],"about":[{"href":"https:\/\/www.fassabortolo.it\/de\/wp-json\/wp\/v2\/types\/product"}],"wp:attachment":[{"href":"https:\/\/www.fassabortolo.it\/de\/wp-json\/wp\/v2\/media?parent=3498194"}],"curies":[{"name":"wp","href":"https:\/\/api.w.org\/{rel}","templated":true}]}}