{"id":3498202,"date":"2026-01-20T15:12:30","date_gmt":"2026-01-20T14:12:30","guid":{"rendered":"http:\/\/10.6.201.155\/?post_type=product&#038;p=52731"},"modified":"2026-05-15T01:34:07","modified_gmt":"2026-05-14T23:34:07","slug":"rr-32","status":"publish","type":"product","link":"https:\/\/www.fassabortolo.it\/de\/produkte\/verputz-und-bausystem\/produkte-mit-hoher-mechanischer-bestandigkeit\/rr-32","title":{"rendered":"RR 32"},"content":{"rendered":"","protected":false},"featured_media":0,"template":"","class_list":["post-3498202","product","type-product","status-publish","hentry"],"acf":[],"fimg":{"url":"https:\/\/www.fassabortolo.it\/wp-content\/uploads\/media\/assets\/RR32.jpg","alt":"RR 32"},"product_description":["Zementgebundener m\u00f6rtel f\u00fcr verputzarbeiten mit hoher mechanischer festigkeit und f\u00fcr armierte polystyrolplatten"],"ekr_hierarchy_settings":{"it":{"FASSA_LINEA_PRODOTTI_AD_ALTA_RESISTENZA_MECCANICA_SISTEMA_INTONACATURA":{"ekr_position":1}},"ch":{"FASSA_LINEA_PRODOTTI_AD_ALTA_RESISTENZA_MECCANICA_SISTEMA_INTONACATURA":{"ekr_position":1}},"lu":{"FASSA_LINEA_PRODOTTI_AD_ALTA_RESISTENZA_MECCANICA_SISTEMA_INTONACATURA":{"ekr_position":1}}},"lang":{"language_code":"de","locale":"de_DE","text_direction":false,"display_name":"Deutsch","native_name":"Tedesco","different_language":false},"systems":[{"id":3497520,"name":"VERPUTZ- UND BAUSYSTEM","permalink":"https:\/\/www.fassabortolo.it\/de\/produkte\/verputz-und-bausystem\/","slug":"verputz-und-bausystem","ekr_pallet_code":"FASSA_SISTEMA_INTONACATURA_E_COSTRUZIONE"}],"product_pallet_code":"PROD_RR_32","lines":[{"id":3497477,"name":"PRODUKTE MIT HOHER MECHANISCHER BEST\u00c4NDIGKEIT","permalink":"https:\/\/www.fassabortolo.it\/de\/produkte\/\/produkte-mit-hoher-mechanischer-bestandigkeit\/","slug":"produkte-mit-hoher-mechanischer-bestandigkeit","system_codes":["FASSA_SISTEMA_INTONACATURA_E_COSTRUZIONE"],"ekr_pallet_code":"FASSA_LINEA_PRODOTTI_AD_ALTA_RESISTENZA_MECCANICA_SISTEMA_INTONACATURA"}],"use":["RR 32 wird in Verbindung mit geeignetem Armierungsdrahtgitter f\u00fcr Verputzarbeiten an herk\u00f6mmlichen Mauerwerken verwendet (Ziegelstein, Rohbetonbl\u00f6cke), wo eine hohe mechanische Festigkeit erforderlich ist. &nbsp; Das Produkt kann ferner zum Verputzen von mit Drahtgitter armierten Polystyrol-D\u00e4mmplatten verwendet werden, wenn das System eine hohe mechanische Festigkeit erfordert."],"supply":["Lose im Silo","In feuchtigkeitsgesch\u00fctzten Spezials\u00e4cken zu ca. 25 kg","Je nach Bestimmungsland k\u00f6nnten einige Verkaufsformate nicht erh\u00e4ltlich sein"],"attributes":{"Attributes_1":{"MEHRZWECKPRODUKTE":"Mehrzweckprodukte"},"Attributes_2":{"AUSSENBEREICH":"Au\u00dfenbereich","INNENBEREICH":"Innenbereich"}},"___attributes":{"FASSAES":{"FASSA_SISTEMA_INTONACATURA_E_COSTRUZIONE":{"Attributes_1":["Mehrzweckprodukte"],"Attributes_2":["Au\u00dfenbereich","Innenbereich"]}},"FASSA":{"FASSA_SISTEMA_INTONACATURA_E_COSTRUZIONE":{"Attributes_1":["Mehrzweckprodukte"],"Attributes_2":["Au\u00dfenbereich","Innenbereich"]}}},"elastic_market_index":"it","structured_data":{"@context":"https:\/\/schema.org","@type":"Product","name":"RR 32","description":["Zementgebundener m\u00f6rtel f\u00fcr verputzarbeiten mit hoher mechanischer festigkeit und f\u00fcr armierte polystyrolplatten"],"url":"https:\/\/www.fassabortolo.it\/de\/produkte\/verputz-und-bausystem\/produkte-mit-hoher-mechanischer-bestandigkeit\/rr-32","identifier":"PROD_RR_32","sku":"PROD_RR_32","image":"https:\/\/www.fassabortolo.it\/wp-content\/uploads\/media\/assets\/RR32.jpg","brand":{"@type":"Brand","name":"Fassa Bortolo"},"manufacturer":{"@type":"Organization","name":"Fassa Bortolo","url":"https:\/\/www.fassabortolo.it"},"additionalProperty":[{"@type":"PropertyValue","name":"Use Case 1","value":"RR 32 wird in Verbindung mit geeignetem Armierungsdrahtgitter f\u00fcr Verputzarbeiten an herk\u00f6mmlichen Mauerwerken verwendet (Ziegelstein, Rohbetonbl\u00f6cke), wo eine hohe mechanische Festigkeit erforderlich ist. &nbsp; Das Produkt kann ferner zum Verputzen von mit Drahtgitter armierten Polystyrol-D\u00e4mmplatten verwendet werden, wenn das System eine hohe mechanische Festigkeit erfordert."},{"@type":"PropertyValue","name":"Supply Information","value":"Lose im Silo"},{"@type":"PropertyValue","name":"Supply Information","value":"In feuchtigkeitsgesch\u00fctzten Spezials\u00e4cken zu ca. 25 kg"},{"@type":"PropertyValue","name":"Supply Information","value":"Je nach Bestimmungsland k\u00f6nnten einige Verkaufsformate nicht erh\u00e4ltlich sein"},{"@type":"PropertyValue","name":"Attributes_1","value":"Mehrzweckprodukte"},{"@type":"PropertyValue","name":"Attributes_2","value":"Au\u00dfenbereich"},{"@type":"PropertyValue","name":"Attributes_2","value":"Innenbereich"}],"category":[{"@type":"ProductCollection","name":"PRODUKTE MIT HOHER MECHANISCHER BEST\u00c4NDIGKEIT","identifier":"FASSA_LINEA_PRODOTTI_AD_ALTA_RESISTENZA_MECCANICA_SISTEMA_INTONACATURA"},{"@type":"Collection","name":"VERPUTZ- UND BAUSYSTEM","identifier":"FASSA_SISTEMA_INTONACATURA_E_COSTRUZIONE"}],"inLanguage":"de"},"_links":{"self":[{"href":"https:\/\/www.fassabortolo.it\/de\/wp-json\/wp\/v2\/product\/3498202","targetHints":{"allow":["GET"]}}],"collection":[{"href":"https:\/\/www.fassabortolo.it\/de\/wp-json\/wp\/v2\/product"}],"about":[{"href":"https:\/\/www.fassabortolo.it\/de\/wp-json\/wp\/v2\/types\/product"}],"wp:attachment":[{"href":"https:\/\/www.fassabortolo.it\/de\/wp-json\/wp\/v2\/media?parent=3498202"}],"curies":[{"name":"wp","href":"https:\/\/api.w.org\/{rel}","templated":true}]}}