{"id":3498210,"date":"2026-01-20T15:12:37","date_gmt":"2026-01-20T14:12:37","guid":{"rendered":"http:\/\/10.6.201.155\/?post_type=product&#038;p=52766"},"modified":"2026-05-15T01:36:04","modified_gmt":"2026-05-14T23:36:04","slug":"sc-420","status":"publish","type":"product","link":"https:\/\/www.fassabortolo.it\/de\/produkte\/verlegesystem-fur-boden-und-wandbelage\/fassafloor-verlegegrunde\/sc-420","title":{"rendered":"SC 420"},"content":{"rendered":"","protected":false},"featured_media":0,"template":"","class_list":["post-3498210","product","type-product","status-publish","hentry"],"acf":[],"fimg":{"url":"https:\/\/www.fassabortolo.it\/wp-content\/uploads\/media\/assets\/SC420.jpg","alt":"SC 420"},"product_description":["Estrich auf Zementbasis mit hermk\u00f6mmlicher Trocknung und kontrollierter Schwindung, f\u00fcr den Bodenaufbau im Innen- und Au\u00dfenbereich"],"ekr_hierarchy_settings":{"it":{"FASSA_LINEA_FASSAFLOOR_FONDI_DI_POSA_SISTEMA_POSA":{"ekr_position":8}},"es":{"FASSAES_LINEA_FASSAFLOOR_FONDI_DI_POSA_SISTEMA_POSA":{"ekr_position":5}},"lu":{"FASSA_LINEA_FASSAFLOOR_FONDI_DI_POSA_SISTEMA_POSA":{"ekr_position":7}}},"lang":{"language_code":"de","locale":"de_DE","text_direction":false,"display_name":"Deutsch","native_name":"Tedesco","different_language":false},"systems":[{"id":3497517,"name":"VERLEGESYSTEM F\u00dcR BODEN- UND WANDBEL\u00c4GE","permalink":"https:\/\/www.fassabortolo.it\/de\/produkte\/verlegesystem-fur-boden-und-wandbelage\/","slug":"verlegesystem-fur-boden-und-wandbelage","ekr_pallet_code":"FASSA_SISTEMA_POSA_PAVIMENTI_E_RIVESTIMENTI"}],"product_pallet_code":"PROD_SC_420","lines":[{"id":3497462,"name":"FASSAFLOOR &#8211; VERLEGEGR\u00dcNDE","permalink":"https:\/\/www.fassabortolo.it\/de\/produkte\/\/fassafloor-verlegegrunde\/","slug":"fassafloor-verlegegrunde","system_codes":["FASSA_SISTEMA_POSA_PAVIMENTI_E_RIVESTIMENTI"],"ekr_pallet_code":"FASSA_LINEA_FASSAFLOOR_FONDI_DI_POSA_SISTEMA_POSA"}],"use":["SC 420 ist ein zementgebundener Estrich mit halbfeuchter Konsistenz, er findet Verwendung als Lastenverteilungsschicht im Innen- und Au\u00dfenbereich f\u00fcr die Verlegung von Bodenbel\u00e4gen aus Holz, aus elastischen Materialien (Linoleum, PVC, Teppichb\u00f6den, LVT, Gummi usw.), f\u00fcr Steinmaterialien und Keramikfliesen.","Stimmt mit den Anweisungen der wichtigsten Verlegenormen \u00fcberein (UNI 11493-1, UNI 11371, UNI 11714-1 usw.)."],"supply":["In feuchtigkeitsgesch\u00fctzten Spezials\u00e4cken zu ca. 25 kg"],"attributes":{"Attributes_1":{"TRADITIONELLE ESTRICHE":"Traditionelle Estriche"},"Attributes_2":{"AUSSENBEREICH":"Au\u00dfenbereich","INNENBEREICH":"Innenbereich"}},"___attributes":{"FASSAES":{"FASSA_SISTEMA_POSA_PAVIMENTI_E_RIVESTIMENTI":{"Attributes_1":["Traditionelle Estriche"],"Attributes_2":["Au\u00dfenbereich","Innenbereich"]}},"FASSA":{"FASSA_SISTEMA_POSA_PAVIMENTI_E_RIVESTIMENTI":{"Attributes_1":["Traditionelle Estriche"],"Attributes_2":["Au\u00dfenbereich","Innenbereich"]}}},"elastic_market_index":"it","structured_data":{"@context":"https:\/\/schema.org","@type":"Product","name":"SC 420","description":["Estrich auf Zementbasis mit hermk\u00f6mmlicher Trocknung und kontrollierter Schwindung, f\u00fcr den Bodenaufbau im Innen- und Au\u00dfenbereich"],"url":"https:\/\/www.fassabortolo.it\/de\/produkte\/verlegesystem-fur-boden-und-wandbelage\/fassafloor-verlegegrunde\/sc-420","identifier":"PROD_SC_420","sku":"PROD_SC_420","image":"https:\/\/www.fassabortolo.it\/wp-content\/uploads\/media\/assets\/SC420.jpg","brand":{"@type":"Brand","name":"Fassa Bortolo"},"manufacturer":{"@type":"Organization","name":"Fassa Bortolo","url":"https:\/\/www.fassabortolo.it"},"additionalProperty":[{"@type":"PropertyValue","name":"Use Case 1","value":"SC 420 ist ein zementgebundener Estrich mit halbfeuchter Konsistenz, er findet Verwendung als Lastenverteilungsschicht im Innen- und Au\u00dfenbereich f\u00fcr die Verlegung von Bodenbel\u00e4gen aus Holz, aus elastischen Materialien (Linoleum, PVC, Teppichb\u00f6den, LVT, Gummi usw.), f\u00fcr Steinmaterialien und Keramikfliesen."},{"@type":"PropertyValue","name":"Use Case 2","value":"Stimmt mit den Anweisungen der wichtigsten Verlegenormen \u00fcberein (UNI 11493-1, UNI 11371, UNI 11714-1 usw.)."},{"@type":"PropertyValue","name":"Supply Information","value":"In feuchtigkeitsgesch\u00fctzten Spezials\u00e4cken zu ca. 25 kg"},{"@type":"PropertyValue","name":"Attributes_1","value":"Traditionelle Estriche"},{"@type":"PropertyValue","name":"Attributes_2","value":"Au\u00dfenbereich"},{"@type":"PropertyValue","name":"Attributes_2","value":"Innenbereich"}],"category":[{"@type":"ProductCollection","name":"FASSAFLOOR &#8211; VERLEGEGR\u00dcNDE","identifier":"FASSA_LINEA_FASSAFLOOR_FONDI_DI_POSA_SISTEMA_POSA"},{"@type":"Collection","name":"VERLEGESYSTEM F\u00dcR BODEN- UND WANDBEL\u00c4GE","identifier":"FASSA_SISTEMA_POSA_PAVIMENTI_E_RIVESTIMENTI"}],"inLanguage":"de"},"_links":{"self":[{"href":"https:\/\/www.fassabortolo.it\/de\/wp-json\/wp\/v2\/product\/3498210","targetHints":{"allow":["GET"]}}],"collection":[{"href":"https:\/\/www.fassabortolo.it\/de\/wp-json\/wp\/v2\/product"}],"about":[{"href":"https:\/\/www.fassabortolo.it\/de\/wp-json\/wp\/v2\/types\/product"}],"wp:attachment":[{"href":"https:\/\/www.fassabortolo.it\/de\/wp-json\/wp\/v2\/media?parent=3498210"}],"curies":[{"name":"wp","href":"https:\/\/api.w.org\/{rel}","templated":true}]}}