{"id":3498213,"date":"2026-01-20T15:12:47","date_gmt":"2026-01-20T14:12:47","guid":{"rendered":"http:\/\/10.6.201.155\/?post_type=product&#038;p=52776"},"modified":"2026-05-15T01:34:19","modified_gmt":"2026-05-14T23:34:19","slug":"scagliola-pronta","status":"publish","type":"product","link":"https:\/\/www.fassabortolo.it\/de\/produkte\/verputz-und-bausystem\/produkte-auf-gipsbasis\/scagliola-pronta","title":{"rendered":"SCAGLIOLA PRONTA"},"content":{"rendered":"","protected":false},"featured_media":0,"template":"","class_list":["post-3498213","product","type-product","status-publish","hentry"],"acf":[],"fimg":{"url":"https:\/\/www.fassabortolo.it\/wp-content\/uploads\/media\/assets\/SCAGLIOLA_PRONTA.jpg","alt":"SCAGLIOLA PRONTA"},"product_description":["Handputz und Gl\u00e4tte auf Gipsbasis"],"ekr_hierarchy_settings":{"it":{"FASSA_LINEA_PRODOTTI_A_BASE_GESSO_SISTEMA_INTONACATURA":{"ekr_position":10}},"lu":{"FASSA_LINEA_PRODOTTI_A_BASE_GESSO_SISTEMA_INTONACATURA":{"ekr_position":10}}},"lang":{"language_code":"de","locale":"de_DE","text_direction":false,"display_name":"Deutsch","native_name":"Tedesco","different_language":false},"systems":[{"id":3497520,"name":"VERPUTZ- UND BAUSYSTEM","permalink":"https:\/\/www.fassabortolo.it\/de\/produkte\/verputz-und-bausystem\/","slug":"verputz-und-bausystem","ekr_pallet_code":"FASSA_SISTEMA_INTONACATURA_E_COSTRUZIONE"}],"product_pallet_code":"PROD_SCAGLIOLA_PRONTA","lines":[{"id":3497478,"name":"PRODUKTE AUF GIPSBASIS","permalink":"https:\/\/www.fassabortolo.it\/de\/produkte\/\/produkte-auf-gipsbasis\/","slug":"produkte-auf-gipsbasis","system_codes":["FASSA_SISTEMA_INTONACATURA_E_COSTRUZIONE"],"ekr_pallet_code":"FASSA_LINEA_PRODOTTI_A_BASE_GESSO_SISTEMA_INTONACATURA"}],"use":["SCAGLIOLA PRONTA wird als Gl\u00e4ttschicht oder als Grundputz verwendet und mehrschichtig aufgetragen."],"supply":["In feuchtigkeitsgesch\u00fctzten Spezials\u00e4cken zu ca. 25 kg"],"attributes":{"Attributes_1":{"DECKPUTZE\/SPACHELUNGEN":"Deckputze\/Spachelungen","MEHRZWECKPRODUKTE":"Mehrzweckprodukte"},"Attributes_2":{"INNENBEREICH":"Innenbereich"}},"___attributes":{"FASSA":{"FASSA_SISTEMA_INTONACATURA_E_COSTRUZIONE":{"Attributes_1":["Deckputze\/Spachelungen","Mehrzweckprodukte"],"Attributes_2":["Innenbereich"]}}},"elastic_market_index":"it","structured_data":{"@context":"https:\/\/schema.org","@type":"Product","name":"SCAGLIOLA PRONTA","description":["Handputz und Gl\u00e4tte auf Gipsbasis"],"url":"https:\/\/www.fassabortolo.it\/de\/produkte\/verputz-und-bausystem\/produkte-auf-gipsbasis\/scagliola-pronta","identifier":"PROD_SCAGLIOLA_PRONTA","sku":"PROD_SCAGLIOLA_PRONTA","image":"https:\/\/www.fassabortolo.it\/wp-content\/uploads\/media\/assets\/SCAGLIOLA_PRONTA.jpg","brand":{"@type":"Brand","name":"Fassa Bortolo"},"manufacturer":{"@type":"Organization","name":"Fassa Bortolo","url":"https:\/\/www.fassabortolo.it"},"additionalProperty":[{"@type":"PropertyValue","name":"Use Case 1","value":"SCAGLIOLA PRONTA wird als Gl\u00e4ttschicht oder als Grundputz verwendet und mehrschichtig aufgetragen."},{"@type":"PropertyValue","name":"Supply Information","value":"In feuchtigkeitsgesch\u00fctzten Spezials\u00e4cken zu ca. 25 kg"},{"@type":"PropertyValue","name":"Attributes_1","value":"Deckputze\/Spachelungen"},{"@type":"PropertyValue","name":"Attributes_1","value":"Mehrzweckprodukte"},{"@type":"PropertyValue","name":"Attributes_2","value":"Innenbereich"}],"category":[{"@type":"ProductCollection","name":"PRODUKTE AUF GIPSBASIS","identifier":"FASSA_LINEA_PRODOTTI_A_BASE_GESSO_SISTEMA_INTONACATURA"},{"@type":"Collection","name":"VERPUTZ- UND BAUSYSTEM","identifier":"FASSA_SISTEMA_INTONACATURA_E_COSTRUZIONE"}],"inLanguage":"de"},"_links":{"self":[{"href":"https:\/\/www.fassabortolo.it\/de\/wp-json\/wp\/v2\/product\/3498213","targetHints":{"allow":["GET"]}}],"collection":[{"href":"https:\/\/www.fassabortolo.it\/de\/wp-json\/wp\/v2\/product"}],"about":[{"href":"https:\/\/www.fassabortolo.it\/de\/wp-json\/wp\/v2\/types\/product"}],"wp:attachment":[{"href":"https:\/\/www.fassabortolo.it\/de\/wp-json\/wp\/v2\/media?parent=3498213"}],"curies":[{"name":"wp","href":"https:\/\/api.w.org\/{rel}","templated":true}]}}