{"id":3498218,"date":"2026-01-20T15:13:27","date_gmt":"2026-01-20T14:13:27","guid":{"rendered":"http:\/\/10.6.201.155\/?post_type=product&#038;p=52795"},"modified":"2026-05-15T01:36:20","modified_gmt":"2026-05-14T23:36:20","slug":"silens-sta-10","status":"publish","type":"product","link":"https:\/\/www.fassabortolo.it\/de\/produkte\/verlegesystem-fur-boden-und-wandbelage\/fassafloor-verlegegrunde\/silens-sta-10","title":{"rendered":"SILENS STA 10"},"content":{"rendered":"","protected":false},"featured_media":0,"template":"","class_list":["post-3498218","product","type-product","status-publish","hentry"],"acf":[],"fimg":{"url":"https:\/\/www.fassabortolo.it\/wp-content\/uploads\/media\/assets\/STA10_render.jpg","alt":"SILENS STA 10"},"product_description":["Schalld\u00e4mmvlies gegen Trittschallbelastung"],"ekr_hierarchy_settings":{"it":{"FASSA_LINEA_FASSAFLOOR_FONDI_DI_POSA_SISTEMA_POSA":{"ekr_position":2}},"ch":{"FASSA_LINEA_FASSAFLOOR_FONDI_DI_POSA_SISTEMA_POSA":{"ekr_position":4}},"lu":{"FASSA_LINEA_FASSAFLOOR_FONDI_DI_POSA_SISTEMA_POSA":{"ekr_position":4}}},"lang":{"language_code":"de","locale":"de_DE","text_direction":false,"display_name":"Deutsch","native_name":"Tedesco","different_language":false},"systems":[{"id":3497517,"name":"VERLEGESYSTEM F\u00dcR BODEN- UND WANDBEL\u00c4GE","permalink":"https:\/\/www.fassabortolo.it\/de\/produkte\/verlegesystem-fur-boden-und-wandbelage\/","slug":"verlegesystem-fur-boden-und-wandbelage","ekr_pallet_code":"FASSA_SISTEMA_POSA_PAVIMENTI_E_RIVESTIMENTI"}],"product_pallet_code":"PROD_SILENS_STA_10","lines":[{"id":3497462,"name":"FASSAFLOOR &#8211; VERLEGEGR\u00dcNDE","permalink":"https:\/\/www.fassabortolo.it\/de\/produkte\/\/fassafloor-verlegegrunde\/","slug":"fassafloor-verlegegrunde","system_codes":["FASSA_SISTEMA_POSA_PAVIMENTI_E_RIVESTIMENTI"],"ekr_pallet_code":"FASSA_LINEA_FASSAFLOOR_FONDI_DI_POSA_SISTEMA_POSA"}],"use":["Trittschalld\u00e4mmung von Decken in \u00dcbereinstimmung mit den Vorgaben laut Dekret des Ministerpr\u00e4sidenten vom 05.12.97 durch Fertigung eines schwimmenden Estrichs als Unterlage f\u00fcr anschlie\u00dfende Bodenbel\u00e4ge aus Keramik, Holz, Steinzeug, elastischen Kunststoffen und Textilgeweben.","Ein korrekt realisierter, schwimmender Fu\u00dfbodenaufbau macht es m\u00f6glich, die Struktur oberhalb der Decke (welche der Sto\u00dfeinwirkung ausgesetzt ist) von anderen Geb\u00e4udestrukturen zu isolieren, und auf diese Weise die \u00dcbertragung der Schwingungen auf die selbige zu vermindern"],"supply":["Rollen zu 25x1,5 m"],"attributes":{"Attributes_1":{"SCHALLD\u00c4MMUNG F\u00dcR TRITTSCHALL":"Schalld\u00e4mmung f\u00fcr Trittschall"},"Attributes_2":{"INNENBEREICH":"Innenbereich"}},"___attributes":{"FASSA":{"FASSA_SISTEMA_POSA_PAVIMENTI_E_RIVESTIMENTI":{"Attributes_1":["Schalld\u00e4mmung f\u00fcr Trittschall"],"Attributes_2":["Innenbereich"]}}},"elastic_market_index":"it","structured_data":{"@context":"https:\/\/schema.org","@type":"Product","name":"SILENS STA 10","description":["Schalld\u00e4mmvlies gegen Trittschallbelastung"],"url":"https:\/\/www.fassabortolo.it\/de\/produkte\/verlegesystem-fur-boden-und-wandbelage\/fassafloor-verlegegrunde\/silens-sta-10","identifier":"PROD_SILENS_STA_10","sku":"PROD_SILENS_STA_10","image":"https:\/\/www.fassabortolo.it\/wp-content\/uploads\/media\/assets\/STA10_render.jpg","brand":{"@type":"Brand","name":"Fassa Bortolo"},"manufacturer":{"@type":"Organization","name":"Fassa Bortolo","url":"https:\/\/www.fassabortolo.it"},"additionalProperty":[{"@type":"PropertyValue","name":"Use Case 1","value":"Trittschalld\u00e4mmung von Decken in \u00dcbereinstimmung mit den Vorgaben laut Dekret des Ministerpr\u00e4sidenten vom 05.12.97 durch Fertigung eines schwimmenden Estrichs als Unterlage f\u00fcr anschlie\u00dfende Bodenbel\u00e4ge aus Keramik, Holz, Steinzeug, elastischen Kunststoffen und Textilgeweben."},{"@type":"PropertyValue","name":"Use Case 2","value":"Ein korrekt realisierter, schwimmender Fu\u00dfbodenaufbau macht es m\u00f6glich, die Struktur oberhalb der Decke (welche der Sto\u00dfeinwirkung ausgesetzt ist) von anderen Geb\u00e4udestrukturen zu isolieren, und auf diese Weise die \u00dcbertragung der Schwingungen auf die selbige zu vermindern"},{"@type":"PropertyValue","name":"Supply Information","value":"Rollen zu 25x1,5 m"},{"@type":"PropertyValue","name":"Attributes_1","value":"Schalld\u00e4mmung f\u00fcr Trittschall"},{"@type":"PropertyValue","name":"Attributes_2","value":"Innenbereich"}],"category":[{"@type":"ProductCollection","name":"FASSAFLOOR &#8211; VERLEGEGR\u00dcNDE","identifier":"FASSA_LINEA_FASSAFLOOR_FONDI_DI_POSA_SISTEMA_POSA"},{"@type":"Collection","name":"VERLEGESYSTEM F\u00dcR BODEN- UND WANDBEL\u00c4GE","identifier":"FASSA_SISTEMA_POSA_PAVIMENTI_E_RIVESTIMENTI"}],"inLanguage":"de"},"_links":{"self":[{"href":"https:\/\/www.fassabortolo.it\/de\/wp-json\/wp\/v2\/product\/3498218","targetHints":{"allow":["GET"]}}],"collection":[{"href":"https:\/\/www.fassabortolo.it\/de\/wp-json\/wp\/v2\/product"}],"about":[{"href":"https:\/\/www.fassabortolo.it\/de\/wp-json\/wp\/v2\/types\/product"}],"wp:attachment":[{"href":"https:\/\/www.fassabortolo.it\/de\/wp-json\/wp\/v2\/media?parent=3498218"}],"curies":[{"name":"wp","href":"https:\/\/api.w.org\/{rel}","templated":true}]}}