{"id":3498220,"date":"2026-01-20T15:12:57","date_gmt":"2026-01-20T14:12:57","guid":{"rendered":"http:\/\/10.6.201.155\/?post_type=product&#038;p=52803"},"modified":"2026-05-15T01:36:24","modified_gmt":"2026-05-14T23:36:24","slug":"silens-gp-1-silens-na-1","status":"publish","type":"product","link":"https:\/\/www.fassabortolo.it\/de\/produkte\/verlegesystem-fur-boden-und-wandbelage\/fassafloor-verlegegrunde\/silens-gp-1-silens-na-1","title":{"rendered":"SILENS GP 1- SILENS NA 1"},"content":{"rendered":"","protected":false},"featured_media":0,"template":"","class_list":["post-3498220","product","type-product","status-publish","hentry"],"acf":[],"fimg":{"url":"https:\/\/www.fassabortolo.it\/wp-content\/uploads\/media\/assets\/SILENS_GP1_NA1.jpg","alt":"SILENS GP 1- SILENS NA 1"},"product_description":["Selbstklebender Entkoppelungs-Randd\u00e4mmstreifen mit L-f\u00f6rmigem Voreinschnitt SILENS GP 1","Selbstklebender Schalld\u00e4mmstreifen SILENS NA 1"],"ekr_hierarchy_settings":{"it":{"FASSA_LINEA_FASSAFLOOR_FONDI_DI_POSA_SISTEMA_POSA":{"ekr_position":3}},"ch":{"FASSA_LINEA_FASSAFLOOR_FONDI_DI_POSA_SISTEMA_POSA":{"ekr_position":5}},"es":{"FASSAES_LINEA_FASSAFLOOR_FONDI_DI_POSA_SISTEMA_POSA":{"ekr_position":4}},"lu":{"FASSA_LINEA_FASSAFLOOR_FONDI_DI_POSA_SISTEMA_POSA":{"ekr_position":5}}},"lang":{"language_code":"de","locale":"de_DE","text_direction":false,"display_name":"Deutsch","native_name":"Tedesco","different_language":false},"systems":[{"id":3497517,"name":"VERLEGESYSTEM F\u00dcR BODEN- UND WANDBEL\u00c4GE","permalink":"https:\/\/www.fassabortolo.it\/de\/produkte\/verlegesystem-fur-boden-und-wandbelage\/","slug":"verlegesystem-fur-boden-und-wandbelage","ekr_pallet_code":"FASSA_SISTEMA_POSA_PAVIMENTI_E_RIVESTIMENTI"}],"product_pallet_code":"PROD_SILENS_GP_1_NA_1","lines":[{"id":3497462,"name":"FASSAFLOOR &#8211; VERLEGEGR\u00dcNDE","permalink":"https:\/\/www.fassabortolo.it\/de\/produkte\/\/fassafloor-verlegegrunde\/","slug":"fassafloor-verlegegrunde","system_codes":["FASSA_SISTEMA_POSA_PAVIMENTI_E_RIVESTIMENTI"],"ekr_pallet_code":"FASSA_LINEA_FASSAFLOOR_FONDI_DI_POSA_SISTEMA_POSA"}],"use":["Die Produkte werden in Verbindung mit SILENS STA 10 bei der Realisierung eines schwimmenden Fu\u00dfbodensystems zur Schalld\u00e4mmung verwendet, das in der Lage ist, die \u00dcbertragung von Schwingungen einzuschr\u00e4nken.","SILENS GP 1 ist ein Entkoppelungs-Randd\u00e4mmstreifen mit einem den Einbau erleichternden L-f\u00f6rmigen Voreinschnitt zu 50 mm; er wird zur Freisetzung des Estrichs von allen ihm anliegenden vertikalen Geb\u00e4udebauteilen wie Wandfl\u00e4chen, S\u00e4ulen, technologischen Anlagen usw. verwendet","SILENS NA 1 ist ein selbstklebendes Fugenband und wird zur Versiegelung der \u00dcberlappungsstellen zwischen den einzelnen Folien von SILENS STA 10 verwendet, oder aber zur Versiegelung aller Unterbruchstellen am Randd\u00e4mmstreifen SILENS GP 1, und zwar um die Entstehung gef\u00e4hrlicher W\u00e4rmebr\u00fccken zu verhindern, welche die Wirksamkeit der realisierten Bauma\u00dfnahme teilweise oder vollst\u00e4ndig kompromittieren k\u00f6nnten."],"supply":["SILENS GP 1- Rolle zu 50 L\u00e4ngenmeter (Artikel 545430)","SILENS NA 1- Rolle zu 50 L\u00e4ngenmeter (Artikel 545420)"],"attributes":{"Attributes_1":{"SCHALLD\u00c4MMUNG F\u00dcR TRITTSCHALL":"Schalld\u00e4mmung f\u00fcr Trittschall"},"Attributes_2":{"INNENBEREICH":"Innenbereich"}},"___attributes":{"FASSA":{"FASSA_SISTEMA_POSA_PAVIMENTI_E_RIVESTIMENTI":{"Attributes_1":["Schalld\u00e4mmung f\u00fcr Trittschall"],"Attributes_2":["Innenbereich"]}}},"elastic_market_index":"it","structured_data":{"@context":"https:\/\/schema.org","@type":"Product","name":"SILENS GP 1- SILENS NA 1","description":["Selbstklebender Entkoppelungs-Randd\u00e4mmstreifen mit L-f\u00f6rmigem Voreinschnitt SILENS GP 1","Selbstklebender Schalld\u00e4mmstreifen SILENS NA 1"],"url":"https:\/\/www.fassabortolo.it\/de\/produkte\/verlegesystem-fur-boden-und-wandbelage\/fassafloor-verlegegrunde\/silens-gp-1-silens-na-1","identifier":"PROD_SILENS_GP_1_NA_1","sku":"PROD_SILENS_GP_1_NA_1","image":"https:\/\/www.fassabortolo.it\/wp-content\/uploads\/media\/assets\/SILENS_GP1_NA1.jpg","brand":{"@type":"Brand","name":"Fassa Bortolo"},"manufacturer":{"@type":"Organization","name":"Fassa Bortolo","url":"https:\/\/www.fassabortolo.it"},"additionalProperty":[{"@type":"PropertyValue","name":"Use Case 1","value":"Die Produkte werden in Verbindung mit SILENS STA 10 bei der Realisierung eines schwimmenden Fu\u00dfbodensystems zur Schalld\u00e4mmung verwendet, das in der Lage ist, die \u00dcbertragung von Schwingungen einzuschr\u00e4nken."},{"@type":"PropertyValue","name":"Use Case 2","value":"SILENS GP 1 ist ein Entkoppelungs-Randd\u00e4mmstreifen mit einem den Einbau erleichternden L-f\u00f6rmigen Voreinschnitt zu 50 mm; er wird zur Freisetzung des Estrichs von allen ihm anliegenden vertikalen Geb\u00e4udebauteilen wie Wandfl\u00e4chen, S\u00e4ulen, technologischen Anlagen usw. verwendet"},{"@type":"PropertyValue","name":"Use Case 3","value":"SILENS NA 1 ist ein selbstklebendes Fugenband und wird zur Versiegelung der \u00dcberlappungsstellen zwischen den einzelnen Folien von SILENS STA 10 verwendet, oder aber zur Versiegelung aller Unterbruchstellen am Randd\u00e4mmstreifen SILENS GP 1, und zwar um die Entstehung gef\u00e4hrlicher W\u00e4rmebr\u00fccken zu verhindern, welche die Wirksamkeit der realisierten Bauma\u00dfnahme teilweise oder vollst\u00e4ndig kompromittieren k\u00f6nnten."},{"@type":"PropertyValue","name":"Supply Information","value":"SILENS GP 1- Rolle zu 50 L\u00e4ngenmeter (Artikel 545430)"},{"@type":"PropertyValue","name":"Supply Information","value":"SILENS NA 1- Rolle zu 50 L\u00e4ngenmeter (Artikel 545420)"},{"@type":"PropertyValue","name":"Attributes_1","value":"Schalld\u00e4mmung f\u00fcr Trittschall"},{"@type":"PropertyValue","name":"Attributes_2","value":"Innenbereich"}],"category":[{"@type":"ProductCollection","name":"FASSAFLOOR &#8211; VERLEGEGR\u00dcNDE","identifier":"FASSA_LINEA_FASSAFLOOR_FONDI_DI_POSA_SISTEMA_POSA"},{"@type":"Collection","name":"VERLEGESYSTEM F\u00dcR BODEN- UND WANDBEL\u00c4GE","identifier":"FASSA_SISTEMA_POSA_PAVIMENTI_E_RIVESTIMENTI"}],"inLanguage":"de"},"_links":{"self":[{"href":"https:\/\/www.fassabortolo.it\/de\/wp-json\/wp\/v2\/product\/3498220","targetHints":{"allow":["GET"]}}],"collection":[{"href":"https:\/\/www.fassabortolo.it\/de\/wp-json\/wp\/v2\/product"}],"about":[{"href":"https:\/\/www.fassabortolo.it\/de\/wp-json\/wp\/v2\/types\/product"}],"wp:attachment":[{"href":"https:\/\/www.fassabortolo.it\/de\/wp-json\/wp\/v2\/media?parent=3498220"}],"curies":[{"name":"wp","href":"https:\/\/api.w.org\/{rel}","templated":true}]}}