{"id":3498223,"date":"2026-01-20T15:13:01","date_gmt":"2026-01-20T14:13:01","guid":{"rendered":"http:\/\/10.6.201.155\/?post_type=product&#038;p=52815"},"modified":"2026-05-15T01:36:38","modified_gmt":"2026-05-14T23:36:38","slug":"sc-420-p","status":"publish","type":"product","link":"https:\/\/www.fassabortolo.it\/de\/produkte\/verlegesystem-fur-boden-und-wandbelage\/fassafloor-verlegegrunde\/sc-420-p","title":{"rendered":"SC 420 P"},"content":{"rendered":"","protected":false},"featured_media":0,"template":"","class_list":["post-3498223","product","type-product","status-publish","hentry"],"acf":[],"fimg":{"url":"https:\/\/www.fassabortolo.it\/wp-content\/uploads\/media\/assets\/SC420P.jpg","alt":"SC 420 P"},"product_description":["Estrich auf Zementbasis mit herk\u00f6mmlicher Trocknung und kontrollierter Schwindung, f\u00fcr Innen- und Au\u00dfenb\u00f6den, maschinell pumpbar"],"ekr_hierarchy_settings":{"it":{"FASSA_LINEA_FASSAFLOOR_FONDI_DI_POSA_SISTEMA_POSA":{"ekr_position":9}},"lu":{"FASSA_LINEA_FASSAFLOOR_FONDI_DI_POSA_SISTEMA_POSA":{"ekr_position":6}}},"lang":{"language_code":"de","locale":"de_DE","text_direction":false,"display_name":"Deutsch","native_name":"Tedesco","different_language":false},"systems":[{"id":3497517,"name":"VERLEGESYSTEM F\u00dcR BODEN- UND WANDBEL\u00c4GE","permalink":"https:\/\/www.fassabortolo.it\/de\/produkte\/verlegesystem-fur-boden-und-wandbelage\/","slug":"verlegesystem-fur-boden-und-wandbelage","ekr_pallet_code":"FASSA_SISTEMA_POSA_PAVIMENTI_E_RIVESTIMENTI"}],"product_pallet_code":"PROD_SC_420_P","lines":[{"id":3497462,"name":"FASSAFLOOR &#8211; VERLEGEGR\u00dcNDE","permalink":"https:\/\/www.fassabortolo.it\/de\/produkte\/\/fassafloor-verlegegrunde\/","slug":"fassafloor-verlegegrunde","system_codes":["FASSA_SISTEMA_POSA_PAVIMENTI_E_RIVESTIMENTI"],"ekr_pallet_code":"FASSA_LINEA_FASSAFLOOR_FONDI_DI_POSA_SISTEMA_POSA"}],"use":["SC 420 P ist ein zementgebundener Estrich mit halbfeuchter Konsistenz, er findet Verwendung als Lastenverteilungsschicht im Innen- und Au\u00dfenbereich f\u00fcr die Verlegung von Bodenbel\u00e4gen aus Holz, aus elastischen Materialien (Linoleum, PVC, Teppichb\u00f6den, LVT, Gummi usw.), f\u00fcr Steinmaterialien und Keramikfliesen.","Stimmt mit den Anweisungen der wichtigsten Verlegenormen \u00fcberein (UNI 11493-1, UNI 11371, UNI 11714-1 usw.)."],"supply":["Lose im Silo","In feuchtigkeitsgesch\u00fctzten Spezials\u00e4cken zu ca. 25 kg"],"attributes":{"Attributes_1":{"TRADITIONELLE ESTRICHE":"Traditionelle Estriche"},"Attributes_2":{"AUSSENBEREICH":"Au\u00dfenbereich","INNENBEREICH":"Innenbereich"}},"___attributes":{"FASSA":{"FASSA_SISTEMA_POSA_PAVIMENTI_E_RIVESTIMENTI":{"Attributes_1":["Traditionelle Estriche"],"Attributes_2":["Au\u00dfenbereich","Innenbereich"]}}},"elastic_market_index":"it","structured_data":{"@context":"https:\/\/schema.org","@type":"Product","name":"SC 420 P","description":["Estrich auf Zementbasis mit herk\u00f6mmlicher Trocknung und kontrollierter Schwindung, f\u00fcr Innen- und Au\u00dfenb\u00f6den, maschinell pumpbar"],"url":"https:\/\/www.fassabortolo.it\/de\/produkte\/verlegesystem-fur-boden-und-wandbelage\/fassafloor-verlegegrunde\/sc-420-p","identifier":"PROD_SC_420_P","sku":"PROD_SC_420_P","image":"https:\/\/www.fassabortolo.it\/wp-content\/uploads\/media\/assets\/SC420P.jpg","brand":{"@type":"Brand","name":"Fassa Bortolo"},"manufacturer":{"@type":"Organization","name":"Fassa Bortolo","url":"https:\/\/www.fassabortolo.it"},"additionalProperty":[{"@type":"PropertyValue","name":"Use Case 1","value":"SC 420 P ist ein zementgebundener Estrich mit halbfeuchter Konsistenz, er findet Verwendung als Lastenverteilungsschicht im Innen- und Au\u00dfenbereich f\u00fcr die Verlegung von Bodenbel\u00e4gen aus Holz, aus elastischen Materialien (Linoleum, PVC, Teppichb\u00f6den, LVT, Gummi usw.), f\u00fcr Steinmaterialien und Keramikfliesen."},{"@type":"PropertyValue","name":"Use Case 2","value":"Stimmt mit den Anweisungen der wichtigsten Verlegenormen \u00fcberein (UNI 11493-1, UNI 11371, UNI 11714-1 usw.)."},{"@type":"PropertyValue","name":"Supply Information","value":"Lose im Silo"},{"@type":"PropertyValue","name":"Supply Information","value":"In feuchtigkeitsgesch\u00fctzten Spezials\u00e4cken zu ca. 25 kg"},{"@type":"PropertyValue","name":"Attributes_1","value":"Traditionelle Estriche"},{"@type":"PropertyValue","name":"Attributes_2","value":"Au\u00dfenbereich"},{"@type":"PropertyValue","name":"Attributes_2","value":"Innenbereich"}],"category":[{"@type":"ProductCollection","name":"FASSAFLOOR &#8211; VERLEGEGR\u00dcNDE","identifier":"FASSA_LINEA_FASSAFLOOR_FONDI_DI_POSA_SISTEMA_POSA"},{"@type":"Collection","name":"VERLEGESYSTEM F\u00dcR BODEN- UND WANDBEL\u00c4GE","identifier":"FASSA_SISTEMA_POSA_PAVIMENTI_E_RIVESTIMENTI"}],"inLanguage":"de"},"_links":{"self":[{"href":"https:\/\/www.fassabortolo.it\/de\/wp-json\/wp\/v2\/product\/3498223","targetHints":{"allow":["GET"]}}],"collection":[{"href":"https:\/\/www.fassabortolo.it\/de\/wp-json\/wp\/v2\/product"}],"about":[{"href":"https:\/\/www.fassabortolo.it\/de\/wp-json\/wp\/v2\/types\/product"}],"wp:attachment":[{"href":"https:\/\/www.fassabortolo.it\/de\/wp-json\/wp\/v2\/media?parent=3498223"}],"curies":[{"name":"wp","href":"https:\/\/api.w.org\/{rel}","templated":true}]}}